{"id":1109,"date":"2016-03-10T10:44:30","date_gmt":"2016-03-10T10:44:30","guid":{"rendered":"http:\/\/okthemes.com\/villenoirdemo\/?page_id=193"},"modified":"2025-02-14T14:44:26","modified_gmt":"2025-02-14T13:44:26","slug":"homepage","status":"publish","type":"page","link":"https:\/\/www.domaines-rollandeby.com\/uk\/","title":{"rendered":"ACCUEIL"},"content":{"rendered":"You must be 21 years old to view this content. <a href=\"https:\/\/www.domaines-rollandeby.com\/uk\/\">Please verify your age<\/a>.","protected":false},"excerpt":{"rendered":"<p>You must be 21 years old to view this content. Please verify your age.<\/p>\n","protected":false},"author":5,"featured_media":0,"parent":0,"menu_order":0,"comment_status":"closed","ping_status":"closed","template":"","meta":[],"yoast_head":"<!-- This site is optimized with the Yoast SEO plugin v20.0 - https:\/\/yoast.com\/wordpress\/plugins\/seo\/ -->\n<title>ACCUEIL - DOMAINES ROLLAN DE BY<\/title>\n<meta name=\"description\" content=\"Les Domaines Rollan de By \u2013 Jean Guyon vous proposent de d\u00e9couvrir nos actualit\u00e9s et une large s\u00e9lection de vins que vous pouvez acheter dans notre boutique en ligne : Haut Condissas, Tour Seran\u2026\" \/>\n<meta name=\"robots\" content=\"index, follow, max-snippet:-1, max-image-preview:large, max-video-preview:-1\" \/>\n<link rel=\"canonical\" href=\"https:\/\/www.domaines-rollandeby.com\/\" \/>\n<meta property=\"og:locale\" content=\"en_GB\" \/>\n<meta property=\"og:type\" content=\"article\" \/>\n<meta property=\"og:title\" content=\"ACCUEIL\" \/>\n<meta property=\"og:description\" content=\"Les Domaines Rollan de By \u2013 Jean Guyon vous proposent de d\u00e9couvrir nos actualit\u00e9s et une large s\u00e9lection de vins que vous pouvez acheter dans notre boutique en ligne : Haut Condissas, Tour Seran\u2026\" \/>\n<meta property=\"og:url\" content=\"https:\/\/www.domaines-rollandeby.com\/\" \/>\n<meta property=\"og:site_name\" content=\"DOMAINES ROLLAN DE BY\" \/>\n<meta property=\"article:publisher\" content=\"https:\/\/www.facebook.com\/domainesrollandeby\/?__tn__=kC-R&amp;amp%3bamp%3bamp%3beid=ARAgA6TgDqSwr7NoQbkfqnJ0EQOgeEWg-sQO-_vkq7fBbc8GUnYuKCepEzMg5HFwY6gCl8YUdzWB1ZKr&amp;amp%3bamp%3bamp%3bhc_ref=ARS8wHqZWyd6NwbZkgXGzGcJMAKj4wCTsOxKtCh8OjgGf63l5aY17r8zLlSMAGVzqI8&amp;amp%3bamp%3bamp%3bfref=nf&amp;amp%3bamp%3bamp%3b__xts__%5b0%5d=68.ARB75Jgi01urwJfdModN7T7EbYtMsJ3xWkszX2ePWNo3YD7qRs7PbkD-w7ameIrq_OLAGZfenUvEAp3SWFfDq8RQ7yApE_Fhnir0reZIJYDbuE2gK6WexQ-GBPStG03Tmpb3pp-RnvPlo6rLfwya2znc9eBybiKWKzpdMrPlvZlNoATc0JY17g\" \/>\n<meta property=\"article:modified_time\" content=\"2025-02-14T13:44:26+00:00\" \/>\n<meta name=\"twitter:card\" content=\"summary_large_image\" \/>\n<meta name=\"twitter:label1\" content=\"Estimated reading time\" \/>\n\t<meta name=\"twitter:data1\" content=\"26 minutes\" \/>\n<script type=\"application\/ld+json\" class=\"yoast-schema-graph\">{\"@context\":\"https:\/\/schema.org\",\"@graph\":[{\"@type\":\"WebPage\",\"@id\":\"https:\/\/www.domaines-rollandeby.com\/\",\"url\":\"https:\/\/www.domaines-rollandeby.com\/\",\"name\":\"[:fr]ACCUEIL[:uk]ACCUEIL[:] - DOMAINES ROLLAN DE BY\",\"isPartOf\":{\"@id\":\"https:\/\/www.domaines-rollandeby.com\/#website\"},\"datePublished\":\"2016-03-10T10:44:30+00:00\",\"dateModified\":\"2025-02-14T13:44:26+00:00\",\"description\":\"Les Domaines Rollan de By \u2013 Jean Guyon vous proposent de d\u00e9couvrir nos actualit\u00e9s et une large s\u00e9lection de vins que vous pouvez acheter dans notre boutique en ligne : Haut Condissas, Tour Seran\u2026\",\"breadcrumb\":{\"@id\":\"https:\/\/www.domaines-rollandeby.com\/#breadcrumb\"},\"inLanguage\":\"UK\",\"potentialAction\":[{\"@type\":\"ReadAction\",\"target\":[\"https:\/\/www.domaines-rollandeby.com\/\"]}]},{\"@type\":\"BreadcrumbList\",\"@id\":\"https:\/\/www.domaines-rollandeby.com\/#breadcrumb\",\"itemListElement\":[{\"@type\":\"ListItem\",\"position\":1,\"name\":\"Accueil\",\"item\":\"https:\/\/www.domaines-rollandeby.com\/\"},{\"@type\":\"ListItem\",\"position\":2,\"name\":\"ACCUEIL\"}]},{\"@type\":\"WebSite\",\"@id\":\"https:\/\/www.domaines-rollandeby.com\/#website\",\"url\":\"https:\/\/www.domaines-rollandeby.com\/\",\"name\":\"DOMAINES ROLLAN DE BY\",\"description\":\"\",\"potentialAction\":[{\"@type\":\"SearchAction\",\"target\":{\"@type\":\"EntryPoint\",\"urlTemplate\":\"https:\/\/www.domaines-rollandeby.com\/?s={search_term_string}\"},\"query-input\":\"required name=search_term_string\"}],\"inLanguage\":\"UK\"}]}<\/script>\n<!-- \/ Yoast SEO plugin. -->","yoast_head_json":{"title":"ACCUEIL - DOMAINES ROLLAN DE BY","description":"Les Domaines Rollan de By \u2013 Jean Guyon vous proposent de d\u00e9couvrir nos actualit\u00e9s et une large s\u00e9lection de vins que vous pouvez acheter dans notre boutique en ligne : Haut Condissas, Tour Seran\u2026","robots":{"index":"index","follow":"follow","max-snippet":"max-snippet:-1","max-image-preview":"max-image-preview:large","max-video-preview":"max-video-preview:-1"},"canonical":"https:\/\/www.domaines-rollandeby.com\/","og_locale":"en_GB","og_type":"article","og_title":"[:fr]ACCUEIL[:uk]ACCUEIL[:] - DOMAINES ROLLAN DE BY","og_description":"Les Domaines Rollan de By \u2013 Jean Guyon vous proposent de d\u00e9couvrir nos actualit\u00e9s et une large s\u00e9lection de vins que vous pouvez acheter dans notre boutique en ligne : Haut Condissas, Tour Seran\u2026","og_url":"https:\/\/www.domaines-rollandeby.com\/","og_site_name":"DOMAINES ROLLAN DE BY","article_publisher":"https:\/\/www.facebook.com\/domainesrollandeby\/?__tn__=kC-R&amp%3bamp%3bamp%3beid=ARAgA6TgDqSwr7NoQbkfqnJ0EQOgeEWg-sQO-_vkq7fBbc8GUnYuKCepEzMg5HFwY6gCl8YUdzWB1ZKr&amp%3bamp%3bamp%3bhc_ref=ARS8wHqZWyd6NwbZkgXGzGcJMAKj4wCTsOxKtCh8OjgGf63l5aY17r8zLlSMAGVzqI8&amp%3bamp%3bamp%3bfref=nf&amp%3bamp%3bamp%3b__xts__%5b0%5d=68.ARB75Jgi01urwJfdModN7T7EbYtMsJ3xWkszX2ePWNo3YD7qRs7PbkD-w7ameIrq_OLAGZfenUvEAp3SWFfDq8RQ7yApE_Fhnir0reZIJYDbuE2gK6WexQ-GBPStG03Tmpb3pp-RnvPlo6rLfwya2znc9eBybiKWKzpdMrPlvZlNoATc0JY17g","article_modified_time":"2025-02-14T13:44:26+00:00","twitter_card":"summary_large_image","twitter_misc":{"Estimated reading time":"26 minutes"},"schema":{"@context":"https:\/\/schema.org","@graph":[{"@type":"WebPage","@id":"https:\/\/www.domaines-rollandeby.com\/","url":"https:\/\/www.domaines-rollandeby.com\/","name":"[:fr]ACCUEIL[:uk]ACCUEIL[:] - DOMAINES ROLLAN DE BY","isPartOf":{"@id":"https:\/\/www.domaines-rollandeby.com\/#website"},"datePublished":"2016-03-10T10:44:30+00:00","dateModified":"2025-02-14T13:44:26+00:00","description":"Les Domaines Rollan de By \u2013 Jean Guyon vous proposent de d\u00e9couvrir nos actualit\u00e9s et une large s\u00e9lection de vins que vous pouvez acheter dans notre boutique en ligne : Haut Condissas, Tour Seran\u2026","breadcrumb":{"@id":"https:\/\/www.domaines-rollandeby.com\/#breadcrumb"},"inLanguage":"UK","potentialAction":[{"@type":"ReadAction","target":["https:\/\/www.domaines-rollandeby.com\/"]}]},{"@type":"BreadcrumbList","@id":"https:\/\/www.domaines-rollandeby.com\/#breadcrumb","itemListElement":[{"@type":"ListItem","position":1,"name":"Accueil","item":"https:\/\/www.domaines-rollandeby.com\/"},{"@type":"ListItem","position":2,"name":"ACCUEIL"}]},{"@type":"WebSite","@id":"https:\/\/www.domaines-rollandeby.com\/#website","url":"https:\/\/www.domaines-rollandeby.com\/","name":"DOMAINES ROLLAN DE BY","description":"","potentialAction":[{"@type":"SearchAction","target":{"@type":"EntryPoint","urlTemplate":"https:\/\/www.domaines-rollandeby.com\/?s={search_term_string}"},"query-input":"required name=search_term_string"}],"inLanguage":"UK"}]}},"_links":{"self":[{"href":"https:\/\/www.domaines-rollandeby.com\/uk\/wp-json\/wp\/v2\/pages\/1109"}],"collection":[{"href":"https:\/\/www.domaines-rollandeby.com\/uk\/wp-json\/wp\/v2\/pages"}],"about":[{"href":"https:\/\/www.domaines-rollandeby.com\/uk\/wp-json\/wp\/v2\/types\/page"}],"author":[{"embeddable":true,"href":"https:\/\/www.domaines-rollandeby.com\/uk\/wp-json\/wp\/v2\/users\/5"}],"replies":[{"embeddable":true,"href":"https:\/\/www.domaines-rollandeby.com\/uk\/wp-json\/wp\/v2\/comments?post=1109"}],"version-history":[{"count":5,"href":"https:\/\/www.domaines-rollandeby.com\/uk\/wp-json\/wp\/v2\/pages\/1109\/revisions"}],"predecessor-version":[{"id":48173,"href":"https:\/\/www.domaines-rollandeby.com\/uk\/wp-json\/wp\/v2\/pages\/1109\/revisions\/48173"}],"wp:attachment":[{"href":"https:\/\/www.domaines-rollandeby.com\/uk\/wp-json\/wp\/v2\/media?parent=1109"}],"curies":[{"name":"wp","href":"https:\/\/api.w.org\/{rel}","templated":true}]}}