{"id":2143,"date":"2018-02-23T18:31:32","date_gmt":"2018-02-23T17:31:32","guid":{"rendered":"https:\/\/riogrande.mydeveloperjob.com\/?page_id=2143"},"modified":"2018-09-27T16:05:59","modified_gmt":"2018-09-27T14:05:59","slug":"mentions-legales","status":"publish","type":"page","link":"https:\/\/www.domaines-rollandeby.com\/uk\/mentions-legales\/","title":{"rendered":"Mentions l\u00e9gales"},"content":{"rendered":"<p>[vc_row][vc_column][vc_column_text]<\/p>\n<p style=\"text-align: justify;\"><span style=\"font-size: 10pt;\"><strong>EDITEUR<br \/>\n<\/strong>Site \u00e9dit\u00e9 par : <strong>RIO GRANDE<\/strong>, Soci\u00e9t\u00e9 par Actions simplifi\u00e9e, au capital social de 52\u00a0137.56 euros\u00a0, sise 10 rue des Moulins \u2013 75001 PARIS \u2013 France.<br \/>\nRCS PARIS 352 721 187<br \/>\n<strong>N\u00b0 de TVA Intracommunautaire <\/strong>FR 79352721187<br \/>\n<strong>Directeur de la publication\u00a0<\/strong>Frank Declerck<br \/>\n<strong>Contact\u00a0<\/strong>contact@riogrande.fr 01 53 26 82 00<\/span><\/p>\n<section id=\"main\">\n<section id=\"bloc-0\" class=\"bloc txt bloc-first\">\n<div class=\"text\">\n<p style=\"text-align: justify;\"><span style=\"font-size: 10pt;\"><strong>HEBERGEUR<br \/>\n<\/strong>Site H\u00e9berg\u00e9 par :\u00a0<strong>OVH SAS<\/strong><\/span><br \/>\n<span style=\"font-size: 10pt;\">Adresse : 2 rue Kellermann \u2013 59100 ROUBAIX \u2013 France<\/span><br \/>\n<span style=\"font-size: 10pt;\">RCS PARIS 352 721 187<\/span><\/p>\n<p style=\"text-align: justify;\"><span style=\"font-size: 10pt;\">Pour plus d&#8217;information, rendez-vous dans notre rubrique\u00a0CGV<\/span><\/p>\n<p style=\"text-align: justify;\"><span style=\"font-size: 10pt;\">Conform\u00e9ment \u00e0 la loi fran\u00e7aise \u00ab\u00a0Informatique et libert\u00e9s\u00a0\u00bb du 6 janvier 1978 ou \u00e9ch\u00e9ant, \u00e0 la loi du 8 d\u00e9cembre 1992 relative \u00e0 la protection des donn\u00e9es \u00e0 caract\u00e8re personnel, vous disposez d&#8217;un droit d&#8217;acc\u00e8s, de modification, de rectification, d&#8217;opposition des donn\u00e9es vous concernant.<br \/>\nLe site domaines-rollandeby.com est r\u00e9gi par le droit fran\u00e7ais ; les visiteurs ayant acc\u00e8s au site de l\u2019\u00e9tranger, doivent s&#8217;assurer du respect des lois localement applicables.<br \/>\nLes mentions l\u00e9gales pouvant \u00eatre modifi\u00e9es \u00e0 tout moment et sans pr\u00e9avis, nous vous engageons \u00e0 les consulter r\u00e9guli\u00e8rement.<\/span><\/p>\n<p><span style=\"font-size: 10pt;\"><strong>CODE DE LA SANT\u00c9 PUBLIQUE<br \/>\n<\/strong>ART. l.3323-4 : l&#8217;abus d&#8217;alcool est dangereux pour la sant\u00e9.<\/span><br \/>\n<span style=\"font-size: 10pt;\">ART. l. 3342-1, l. 3342-3 : il est interdit de vendre de l\u2019alcool \u00e0 des mineurs de moins de 18 ans.<\/span><\/p>\n<p><span style=\"font-size: 10pt;\"><strong style=\"text-align: justify;\">PROPRI\u00c9T\u00c9 INTELLECTUELLE<\/strong><\/span><\/p>\n<\/div>\n<\/section>\n<section id=\"bloc-1\" class=\"bloc txt\">\n<div class=\"text\">\n<p style=\"text-align: justify;\"><span style=\"font-size: 10pt;\">Tous les \u00e9l\u00e9ments graphiques, la structure et, plus g\u00e9n\u00e9ralement, le contenu du site domaines-rollandeby.com sont prot\u00e9g\u00e9s par le droit d&#8217;auteur, le droit des marques et le droit des dessins et mod\u00e8les.<br \/>\nToute personne qui recueille ou t\u00e9l\u00e9charge du contenu ou des\u00a0 informations diffus\u00e9es sur le site ne dispose sur ceux-ci que d\u2019un droit d\u2019usage priv\u00e9, personnel et non transmissible.<br \/>\nLa reproduction d\u2019une page du site dans un cadre ext\u00e9rieur \u00e0 domaines-rollandeby.com ou l\u2019insertion d\u2019une page appartenant \u00e0 domaines-rollandeby.com dans la page d\u2019un autre site est interdite. De m\u00eame, toute reproduction ou repr\u00e9sentation du site en partie ou en totalit\u00e9 est interdite sans l&#8217;accord \u00e9crit de\u00a0rollandeby.com et constituerait une contrefa\u00e7on sanctionn\u00e9e par les articles L. 335-2 et suivants du Code de la Propri\u00e9t\u00e9 Intellectuelle.<\/span><\/p>\n<p style=\"text-align: justify;\"><span style=\"font-size: 10pt;\">Les textes, graphismes, dessins, logos et photos qui sont diffus\u00e9s\u00a0sur boutique.rollandeby.com peuvent faire l&#8217;objet d&#8217;une reproduction sur un support papier ou un support \u00e9lectronique, sous r\u00e9serve de citer le nom et l&#8217;adresse du site et de ne pas en faire une utilisation commerciale. Le non-respect des dispositions ci-dessus est susceptible de constituer une contrefa\u00e7on engageant la responsabilit\u00e9 civile ou p\u00e9nale de l&#8217;auteur de la contrefa\u00e7on.<\/span><\/p>\n<p style=\"text-align: justify;\"><span style=\"font-size: 10pt;\">La cr\u00e9ation d&#8217;un lien hypertexte vers le site domaines-rollandeby.com ne peut se faire qu\u2019avec l\u2019autorisation des Domaines Rollan de By, et sous r\u00e9serve qu&#8217;aucune confusion ne puisse exister dans l&#8217;esprit des internautes sur l&#8217;identit\u00e9 du site ou la provenance des informations.<\/span><\/p>\n<p style=\"text-align: justify;\"><span style=\"font-size: 10pt;\">Mentions l\u00e9gales <strong><em>septembre 2018<\/em><\/strong><\/span><\/p>\n<\/div>\n<\/section>\n<\/section>\n<p>[\/vc_column_text][\/vc_column][\/vc_row]<\/p>\n","protected":false},"excerpt":{"rendered":"<p>[vc_row][vc_column][vc_column_text] EDITEUR Site \u00e9dit\u00e9 par : RIO GRANDE, Soci\u00e9t\u00e9 par Actions simplifi\u00e9e, au capital social de 52\u00a0137.56 euros\u00a0, sise 10 rue des Moulins \u2013 75001 PARIS \u2013 France. RCS PARIS 352 721 187 N\u00b0 de TVA Intracommunautaire FR 79352721187 Directeur de la publication\u00a0Frank Declerck Contact\u00a0contact@riogrande.fr 01 53 26 82 00 HEBERGEUR Site H\u00e9berg\u00e9 par :\u00a0OVH<br class=\"read-more-spacer\"> <a class=\"more-link\" href=\"https:\/\/www.domaines-rollandeby.com\/uk\/mentions-legales\/\">Read More<\/a><\/p>\n","protected":false},"author":5,"featured_media":0,"parent":0,"menu_order":0,"comment_status":"closed","ping_status":"closed","template":"","meta":[],"yoast_head":"<!-- This site is optimized with the Yoast SEO plugin v20.0 - https:\/\/yoast.com\/wordpress\/plugins\/seo\/ -->\n<title>Mentions l\u00e9gales - DOMAINES ROLLAN DE BY<\/title>\n<meta name=\"robots\" content=\"index, follow, max-snippet:-1, max-image-preview:large, max-video-preview:-1\" \/>\n<link rel=\"canonical\" href=\"https:\/\/www.domaines-rollandeby.com\/uk\/mentions-legales\/\" \/>\n<meta property=\"og:locale\" content=\"en_GB\" \/>\n<meta property=\"og:type\" content=\"article\" \/>\n<meta property=\"og:title\" content=\"Mentions l\u00e9gales\" \/>\n<meta property=\"og:description\" content=\"[vc_row][vc_column][vc_column_text] EDITEUR Site \u00e9dit\u00e9 par : RIO GRANDE, Soci\u00e9t\u00e9 par Actions simplifi\u00e9e, au capital social de 52\u00a0137.56 euros\u00a0, sise 10 rue des Moulins \u2013 75001 PARIS \u2013 France. RCS PARIS 352 721 187 N\u00b0 de TVA Intracommunautaire FR 79352721187 Directeur de la publication\u00a0Frank Declerck Contact\u00a0contact@riogrande.fr 01 53 26 82 00 HEBERGEUR Site H\u00e9berg\u00e9 par :\u00a0OVH Read More\" \/>\n<meta property=\"og:url\" content=\"https:\/\/www.domaines-rollandeby.com\/uk\/mentions-legales\/\" \/>\n<meta property=\"og:site_name\" content=\"DOMAINES ROLLAN DE BY\" \/>\n<meta property=\"article:publisher\" content=\"https:\/\/www.facebook.com\/domainesrollandeby\/?__tn__=kC-R&amp;amp%3bamp%3bamp%3beid=ARAgA6TgDqSwr7NoQbkfqnJ0EQOgeEWg-sQO-_vkq7fBbc8GUnYuKCepEzMg5HFwY6gCl8YUdzWB1ZKr&amp;amp%3bamp%3bamp%3bhc_ref=ARS8wHqZWyd6NwbZkgXGzGcJMAKj4wCTsOxKtCh8OjgGf63l5aY17r8zLlSMAGVzqI8&amp;amp%3bamp%3bamp%3bfref=nf&amp;amp%3bamp%3bamp%3b__xts__%5b0%5d=68.ARB75Jgi01urwJfdModN7T7EbYtMsJ3xWkszX2ePWNo3YD7qRs7PbkD-w7ameIrq_OLAGZfenUvEAp3SWFfDq8RQ7yApE_Fhnir0reZIJYDbuE2gK6WexQ-GBPStG03Tmpb3pp-RnvPlo6rLfwya2znc9eBybiKWKzpdMrPlvZlNoATc0JY17g\" \/>\n<meta property=\"article:modified_time\" content=\"2018-09-27T14:05:59+00:00\" \/>\n<meta name=\"twitter:card\" content=\"summary_large_image\" \/>\n<meta name=\"twitter:label1\" content=\"Estimated reading time\" \/>\n\t<meta name=\"twitter:data1\" content=\"2 minutes\" \/>\n<script type=\"application\/ld+json\" class=\"yoast-schema-graph\">{\"@context\":\"https:\/\/schema.org\",\"@graph\":[{\"@type\":\"WebPage\",\"@id\":\"https:\/\/www.domaines-rollandeby.com\/uk\/mentions-legales\/\",\"url\":\"https:\/\/www.domaines-rollandeby.com\/uk\/mentions-legales\/\",\"name\":\"[:fr]Mentions l\u00e9gales[:] - DOMAINES ROLLAN DE BY\",\"isPartOf\":{\"@id\":\"https:\/\/www.domaines-rollandeby.com\/#website\"},\"datePublished\":\"2018-02-23T17:31:32+00:00\",\"dateModified\":\"2018-09-27T14:05:59+00:00\",\"breadcrumb\":{\"@id\":\"https:\/\/www.domaines-rollandeby.com\/uk\/mentions-legales\/#breadcrumb\"},\"inLanguage\":\"UK\",\"potentialAction\":[{\"@type\":\"ReadAction\",\"target\":[\"https:\/\/www.domaines-rollandeby.com\/uk\/mentions-legales\/\"]}]},{\"@type\":\"BreadcrumbList\",\"@id\":\"https:\/\/www.domaines-rollandeby.com\/uk\/mentions-legales\/#breadcrumb\",\"itemListElement\":[{\"@type\":\"ListItem\",\"position\":1,\"name\":\"Accueil\",\"item\":\"https:\/\/www.domaines-rollandeby.com\/\"},{\"@type\":\"ListItem\",\"position\":2,\"name\":\"Mentions l\u00e9gales\"}]},{\"@type\":\"WebSite\",\"@id\":\"https:\/\/www.domaines-rollandeby.com\/#website\",\"url\":\"https:\/\/www.domaines-rollandeby.com\/\",\"name\":\"DOMAINES ROLLAN DE BY\",\"description\":\"\",\"potentialAction\":[{\"@type\":\"SearchAction\",\"target\":{\"@type\":\"EntryPoint\",\"urlTemplate\":\"https:\/\/www.domaines-rollandeby.com\/?s={search_term_string}\"},\"query-input\":\"required name=search_term_string\"}],\"inLanguage\":\"UK\"}]}<\/script>\n<!-- \/ Yoast SEO plugin. -->","yoast_head_json":{"title":"Mentions l\u00e9gales - DOMAINES ROLLAN DE BY","robots":{"index":"index","follow":"follow","max-snippet":"max-snippet:-1","max-image-preview":"max-image-preview:large","max-video-preview":"max-video-preview:-1"},"canonical":"https:\/\/www.domaines-rollandeby.com\/uk\/mentions-legales\/","og_locale":"en_GB","og_type":"article","og_title":"[:fr]Mentions l\u00e9gales[:] - DOMAINES ROLLAN DE BY","og_description":"[vc_row][vc_column][vc_column_text] EDITEUR Site \u00e9dit\u00e9 par : RIO GRANDE, Soci\u00e9t\u00e9 par Actions simplifi\u00e9e, au capital social de 52\u00a0137.56 euros\u00a0, sise 10 rue des Moulins \u2013 75001 PARIS \u2013 France. RCS PARIS 352 721 187 N\u00b0 de TVA Intracommunautaire FR 79352721187 Directeur de la publication\u00a0Frank Declerck Contact\u00a0contact@riogrande.fr 01 53 26 82 00 HEBERGEUR Site H\u00e9berg\u00e9 par :\u00a0OVH Read More","og_url":"https:\/\/www.domaines-rollandeby.com\/uk\/mentions-legales\/","og_site_name":"DOMAINES ROLLAN DE BY","article_publisher":"https:\/\/www.facebook.com\/domainesrollandeby\/?__tn__=kC-R&amp%3bamp%3bamp%3beid=ARAgA6TgDqSwr7NoQbkfqnJ0EQOgeEWg-sQO-_vkq7fBbc8GUnYuKCepEzMg5HFwY6gCl8YUdzWB1ZKr&amp%3bamp%3bamp%3bhc_ref=ARS8wHqZWyd6NwbZkgXGzGcJMAKj4wCTsOxKtCh8OjgGf63l5aY17r8zLlSMAGVzqI8&amp%3bamp%3bamp%3bfref=nf&amp%3bamp%3bamp%3b__xts__%5b0%5d=68.ARB75Jgi01urwJfdModN7T7EbYtMsJ3xWkszX2ePWNo3YD7qRs7PbkD-w7ameIrq_OLAGZfenUvEAp3SWFfDq8RQ7yApE_Fhnir0reZIJYDbuE2gK6WexQ-GBPStG03Tmpb3pp-RnvPlo6rLfwya2znc9eBybiKWKzpdMrPlvZlNoATc0JY17g","article_modified_time":"2018-09-27T14:05:59+00:00","twitter_card":"summary_large_image","twitter_misc":{"Estimated reading time":"2 minutes"},"schema":{"@context":"https:\/\/schema.org","@graph":[{"@type":"WebPage","@id":"https:\/\/www.domaines-rollandeby.com\/uk\/mentions-legales\/","url":"https:\/\/www.domaines-rollandeby.com\/uk\/mentions-legales\/","name":"[:fr]Mentions l\u00e9gales[:] - DOMAINES ROLLAN DE BY","isPartOf":{"@id":"https:\/\/www.domaines-rollandeby.com\/#website"},"datePublished":"2018-02-23T17:31:32+00:00","dateModified":"2018-09-27T14:05:59+00:00","breadcrumb":{"@id":"https:\/\/www.domaines-rollandeby.com\/uk\/mentions-legales\/#breadcrumb"},"inLanguage":"UK","potentialAction":[{"@type":"ReadAction","target":["https:\/\/www.domaines-rollandeby.com\/uk\/mentions-legales\/"]}]},{"@type":"BreadcrumbList","@id":"https:\/\/www.domaines-rollandeby.com\/uk\/mentions-legales\/#breadcrumb","itemListElement":[{"@type":"ListItem","position":1,"name":"Accueil","item":"https:\/\/www.domaines-rollandeby.com\/"},{"@type":"ListItem","position":2,"name":"Mentions l\u00e9gales"}]},{"@type":"WebSite","@id":"https:\/\/www.domaines-rollandeby.com\/#website","url":"https:\/\/www.domaines-rollandeby.com\/","name":"DOMAINES ROLLAN DE BY","description":"","potentialAction":[{"@type":"SearchAction","target":{"@type":"EntryPoint","urlTemplate":"https:\/\/www.domaines-rollandeby.com\/?s={search_term_string}"},"query-input":"required name=search_term_string"}],"inLanguage":"UK"}]}},"_links":{"self":[{"href":"https:\/\/www.domaines-rollandeby.com\/uk\/wp-json\/wp\/v2\/pages\/2143"}],"collection":[{"href":"https:\/\/www.domaines-rollandeby.com\/uk\/wp-json\/wp\/v2\/pages"}],"about":[{"href":"https:\/\/www.domaines-rollandeby.com\/uk\/wp-json\/wp\/v2\/types\/page"}],"author":[{"embeddable":true,"href":"https:\/\/www.domaines-rollandeby.com\/uk\/wp-json\/wp\/v2\/users\/5"}],"replies":[{"embeddable":true,"href":"https:\/\/www.domaines-rollandeby.com\/uk\/wp-json\/wp\/v2\/comments?post=2143"}],"version-history":[{"count":0,"href":"https:\/\/www.domaines-rollandeby.com\/uk\/wp-json\/wp\/v2\/pages\/2143\/revisions"}],"wp:attachment":[{"href":"https:\/\/www.domaines-rollandeby.com\/uk\/wp-json\/wp\/v2\/media?parent=2143"}],"curies":[{"name":"wp","href":"https:\/\/api.w.org\/{rel}","templated":true}]}}