{"id":2152,"date":"2018-02-24T15:49:53","date_gmt":"2018-02-24T14:49:53","guid":{"rendered":"https:\/\/riogrande.mydeveloperjob.com\/?page_id=2152"},"modified":"2018-09-27T16:08:26","modified_gmt":"2018-09-27T14:08:26","slug":"paiement-securise","status":"publish","type":"page","link":"https:\/\/www.domaines-rollandeby.com\/uk\/paiement-securise\/","title":{"rendered":"Paiement s\u00e9curis\u00e9"},"content":{"rendered":"<p>[vc_row][vc_column width=&#8221;1\/2&#8243;]\n\t<div class=\"title-subtitle-box \" style=\" text-align: center;\">\n\t\t<p style=\"\">Pour la s\u00e9curit\u00e9 des transactions<\/p>\n\t\t<h2 style=\" font-weight: normal;\" >S\u00e9curit\u00e9 de Paiement<\/h2>\n\t<\/div> [vc_column_text]<\/p>\n<p style=\"text-align: justify;\"><span style=\"font-size: 10pt;\">Apr\u00e8s la saisie de votre num\u00e9ro de carte de paiement sur notre interface s\u00e9curis\u00e9e (PayBox, d\u00e9velopp\u00e9 par le Cr\u00e9dit Agricole), un \u00e9change s\u2019\u00e9tablit entre nos serveurs et ceux de nos partenaires de paiement. Si le paiement est accept\u00e9 et votre commande d\u00e9finitivement valid\u00e9e, un email de confirmation vous est envoy\u00e9. Votre compte bancaire est alors d\u00e9bit\u00e9 au plus tard, le lendemain de votre commande. Si vous poss\u00e9dez une carte \u00e0 d\u00e9bit diff\u00e9r\u00e9, le paiement de votre commande est pr\u00e9lev\u00e9 de votre compte bancaire \u00e0 la fin du mois en cours.<\/span><\/p>\n<p>[\/vc_column_text][\/vc_column][vc_column width=&#8221;1\/2&#8243;]\n\t<div class=\"title-subtitle-box \" style=\" text-align: left;\">\n\t\t<p style=\"\">Les modalit\u00e9s de paiement<\/p>\n\t\t<h2 style=\" font-weight: normal;\" >Pour vos paiements Mastercard, Visa<\/h2>\n\t<\/div> [vc_column_text]<\/p>\n<p style=\"text-align: justify;\"><span style=\"font-size: 10pt;\">Pour la s\u00e9curit\u00e9 des transactions, domaines-rollandeby.com a fait appel au syst\u00e8me Paybox, d\u00e9velopp\u00e9 par le Cr\u00e9dit Agricole.<\/span><\/p>\n<p style=\"text-align: justify;\"><span style=\"font-size: 10pt;\">Lors du paiement, vos coordonn\u00e9es bancaires sont chiffr\u00e9es sur votre ordinateur puis transmises sous forme inintelligibles \u00e0 destination de serveurs seuls capables de les d\u00e9chiffrer. Les autorisations et donn\u00e9es sont alors v\u00e9rifi\u00e9es aupr\u00e8s de votre banque afin d&#8217;\u00e9viter les abus et les fraudes.<\/span><\/p>\n<p style=\"text-align: justify;\"><span style=\"font-size: 10pt;\">Ce processus est bas\u00e9 sur le protocole HTTPS (impl\u00e9mentation de SSLv3 ou TLSv1 sur HTTP), l&#8217;un des plus robustes aujourd\u2019hui. Lors des transferts via Internet, il est alors impossible de les lire : rien ne transite en clair sur le web !<\/span><\/p>\n<p style=\"text-align: justify;\"><span style=\"font-size: 10pt;\">Ces informations sont ainsi enregistr\u00e9es et s\u00e9curis\u00e9es aupr\u00e8s de nos partenaires Le Cr\u00e9dit Agricole.<\/span><\/p>\n<p style=\"text-align: justify;\"><span style=\"font-size: 10pt;\">Les r\u00e8gles d&#8217;utilisation des cartes bancaires imposent aux banques domicili\u00e9es en France l&#8217;obligation de couvrir le risque d&#8217;une utilisation frauduleuse de votre carte.<\/span><\/p>\n<p style=\"text-align: justify;\"><span style=\"font-size: 10pt;\">Nous vous rappelons que vous devez notifier toute op\u00e9ration frauduleuse \u00e0 votre banque ou \u00e9tablissement \u00e9metteur de votre carte.<\/span><\/p>\n<p style=\"text-align: justify;\"><span style=\"font-size: 10pt;\">Le paiement par carte bancaire est int\u00e9gralement s\u00e9curis\u00e9. Les donn\u00e9es \u00e9chang\u00e9es lors de la transaction sont crypt\u00e9es par certificat SSL \u00e9mis par\u00a0<a href=\"http:\/\/www.geotrust.com\/fr\/\">GeoTrust<\/a>\u00a0.\u00a0<strong>Cela signifie qu\u2019aucune information bancaire ne nous est transmise<\/strong>. Votre num\u00e9ro de carte ne sera jamais connu ni conserv\u00e9.<\/span><\/p>\n<p>[\/vc_column_text][\/vc_column][\/vc_row]<\/p>\n","protected":false},"excerpt":{"rendered":"<p>[vc_row][vc_column width=&#8221;1\/2&#8243;][vc_column_text] Apr\u00e8s la saisie de votre num\u00e9ro de carte de paiement sur notre interface s\u00e9curis\u00e9e (PayBox, d\u00e9velopp\u00e9 par le Cr\u00e9dit Agricole), un \u00e9change s\u2019\u00e9tablit entre nos serveurs et ceux de nos partenaires de paiement. Si le paiement est accept\u00e9 et votre commande d\u00e9finitivement valid\u00e9e, un email de confirmation vous est envoy\u00e9. Votre compte bancaire<br class=\"read-more-spacer\"> <a class=\"more-link\" href=\"https:\/\/www.domaines-rollandeby.com\/uk\/paiement-securise\/\">Read More<\/a><\/p>\n","protected":false},"author":5,"featured_media":0,"parent":0,"menu_order":0,"comment_status":"closed","ping_status":"closed","template":"","meta":[],"yoast_head":"<!-- This site is optimized with the Yoast SEO plugin v20.0 - https:\/\/yoast.com\/wordpress\/plugins\/seo\/ -->\n<title>Paiement s\u00e9curis\u00e9 - DOMAINES ROLLAN DE BY<\/title>\n<meta name=\"robots\" content=\"index, follow, max-snippet:-1, max-image-preview:large, max-video-preview:-1\" \/>\n<link rel=\"canonical\" href=\"https:\/\/www.domaines-rollandeby.com\/paiement-securise\/\" \/>\n<meta property=\"og:locale\" content=\"en_GB\" \/>\n<meta property=\"og:type\" content=\"article\" \/>\n<meta property=\"og:title\" content=\"Paiement s\u00e9curis\u00e9\" \/>\n<meta property=\"og:description\" content=\"[vc_row][vc_column width=&#8221;1\/2&#8243;][vc_column_text] Apr\u00e8s la saisie de votre num\u00e9ro de carte de paiement sur notre interface s\u00e9curis\u00e9e (PayBox, d\u00e9velopp\u00e9 par le Cr\u00e9dit Agricole), un \u00e9change s\u2019\u00e9tablit entre nos serveurs et ceux de nos partenaires de paiement. Si le paiement est accept\u00e9 et votre commande d\u00e9finitivement valid\u00e9e, un email de confirmation vous est envoy\u00e9. Votre compte bancaire Read More\" \/>\n<meta property=\"og:url\" content=\"https:\/\/www.domaines-rollandeby.com\/paiement-securise\/\" \/>\n<meta property=\"og:site_name\" content=\"DOMAINES ROLLAN DE BY\" \/>\n<meta property=\"article:publisher\" content=\"https:\/\/www.facebook.com\/domainesrollandeby\/?__tn__=kC-R&amp;amp%3bamp%3bamp%3beid=ARAgA6TgDqSwr7NoQbkfqnJ0EQOgeEWg-sQO-_vkq7fBbc8GUnYuKCepEzMg5HFwY6gCl8YUdzWB1ZKr&amp;amp%3bamp%3bamp%3bhc_ref=ARS8wHqZWyd6NwbZkgXGzGcJMAKj4wCTsOxKtCh8OjgGf63l5aY17r8zLlSMAGVzqI8&amp;amp%3bamp%3bamp%3bfref=nf&amp;amp%3bamp%3bamp%3b__xts__%5b0%5d=68.ARB75Jgi01urwJfdModN7T7EbYtMsJ3xWkszX2ePWNo3YD7qRs7PbkD-w7ameIrq_OLAGZfenUvEAp3SWFfDq8RQ7yApE_Fhnir0reZIJYDbuE2gK6WexQ-GBPStG03Tmpb3pp-RnvPlo6rLfwya2znc9eBybiKWKzpdMrPlvZlNoATc0JY17g\" \/>\n<meta property=\"article:modified_time\" content=\"2018-09-27T14:08:26+00:00\" \/>\n<meta name=\"twitter:card\" content=\"summary_large_image\" \/>\n<meta name=\"twitter:label1\" content=\"Estimated reading time\" \/>\n\t<meta name=\"twitter:data1\" content=\"2 minutes\" \/>\n<script type=\"application\/ld+json\" class=\"yoast-schema-graph\">{\"@context\":\"https:\/\/schema.org\",\"@graph\":[{\"@type\":\"WebPage\",\"@id\":\"https:\/\/www.domaines-rollandeby.com\/paiement-securise\/\",\"url\":\"https:\/\/www.domaines-rollandeby.com\/paiement-securise\/\",\"name\":\"[:fr]Paiement s\u00e9curis\u00e9[:] - DOMAINES ROLLAN DE BY\",\"isPartOf\":{\"@id\":\"https:\/\/www.domaines-rollandeby.com\/#website\"},\"datePublished\":\"2018-02-24T14:49:53+00:00\",\"dateModified\":\"2018-09-27T14:08:26+00:00\",\"breadcrumb\":{\"@id\":\"https:\/\/www.domaines-rollandeby.com\/paiement-securise\/#breadcrumb\"},\"inLanguage\":\"UK\",\"potentialAction\":[{\"@type\":\"ReadAction\",\"target\":[\"https:\/\/www.domaines-rollandeby.com\/paiement-securise\/\"]}]},{\"@type\":\"BreadcrumbList\",\"@id\":\"https:\/\/www.domaines-rollandeby.com\/paiement-securise\/#breadcrumb\",\"itemListElement\":[{\"@type\":\"ListItem\",\"position\":1,\"name\":\"Accueil\",\"item\":\"https:\/\/www.domaines-rollandeby.com\/\"},{\"@type\":\"ListItem\",\"position\":2,\"name\":\"Paiement s\u00e9curis\u00e9\"}]},{\"@type\":\"WebSite\",\"@id\":\"https:\/\/www.domaines-rollandeby.com\/#website\",\"url\":\"https:\/\/www.domaines-rollandeby.com\/\",\"name\":\"DOMAINES ROLLAN DE BY\",\"description\":\"\",\"potentialAction\":[{\"@type\":\"SearchAction\",\"target\":{\"@type\":\"EntryPoint\",\"urlTemplate\":\"https:\/\/www.domaines-rollandeby.com\/?s={search_term_string}\"},\"query-input\":\"required name=search_term_string\"}],\"inLanguage\":\"UK\"}]}<\/script>\n<!-- \/ Yoast SEO plugin. -->","yoast_head_json":{"title":"Paiement s\u00e9curis\u00e9 - DOMAINES ROLLAN DE BY","robots":{"index":"index","follow":"follow","max-snippet":"max-snippet:-1","max-image-preview":"max-image-preview:large","max-video-preview":"max-video-preview:-1"},"canonical":"https:\/\/www.domaines-rollandeby.com\/paiement-securise\/","og_locale":"en_GB","og_type":"article","og_title":"[:fr]Paiement s\u00e9curis\u00e9[:] - DOMAINES ROLLAN DE BY","og_description":"[vc_row][vc_column width=&#8221;1\/2&#8243;][vc_column_text] Apr\u00e8s la saisie de votre num\u00e9ro de carte de paiement sur notre interface s\u00e9curis\u00e9e (PayBox, d\u00e9velopp\u00e9 par le Cr\u00e9dit Agricole), un \u00e9change s\u2019\u00e9tablit entre nos serveurs et ceux de nos partenaires de paiement. Si le paiement est accept\u00e9 et votre commande d\u00e9finitivement valid\u00e9e, un email de confirmation vous est envoy\u00e9. Votre compte bancaire Read More","og_url":"https:\/\/www.domaines-rollandeby.com\/paiement-securise\/","og_site_name":"DOMAINES ROLLAN DE BY","article_publisher":"https:\/\/www.facebook.com\/domainesrollandeby\/?__tn__=kC-R&amp%3bamp%3bamp%3beid=ARAgA6TgDqSwr7NoQbkfqnJ0EQOgeEWg-sQO-_vkq7fBbc8GUnYuKCepEzMg5HFwY6gCl8YUdzWB1ZKr&amp%3bamp%3bamp%3bhc_ref=ARS8wHqZWyd6NwbZkgXGzGcJMAKj4wCTsOxKtCh8OjgGf63l5aY17r8zLlSMAGVzqI8&amp%3bamp%3bamp%3bfref=nf&amp%3bamp%3bamp%3b__xts__%5b0%5d=68.ARB75Jgi01urwJfdModN7T7EbYtMsJ3xWkszX2ePWNo3YD7qRs7PbkD-w7ameIrq_OLAGZfenUvEAp3SWFfDq8RQ7yApE_Fhnir0reZIJYDbuE2gK6WexQ-GBPStG03Tmpb3pp-RnvPlo6rLfwya2znc9eBybiKWKzpdMrPlvZlNoATc0JY17g","article_modified_time":"2018-09-27T14:08:26+00:00","twitter_card":"summary_large_image","twitter_misc":{"Estimated reading time":"2 minutes"},"schema":{"@context":"https:\/\/schema.org","@graph":[{"@type":"WebPage","@id":"https:\/\/www.domaines-rollandeby.com\/paiement-securise\/","url":"https:\/\/www.domaines-rollandeby.com\/paiement-securise\/","name":"[:fr]Paiement s\u00e9curis\u00e9[:] - DOMAINES ROLLAN DE BY","isPartOf":{"@id":"https:\/\/www.domaines-rollandeby.com\/#website"},"datePublished":"2018-02-24T14:49:53+00:00","dateModified":"2018-09-27T14:08:26+00:00","breadcrumb":{"@id":"https:\/\/www.domaines-rollandeby.com\/paiement-securise\/#breadcrumb"},"inLanguage":"UK","potentialAction":[{"@type":"ReadAction","target":["https:\/\/www.domaines-rollandeby.com\/paiement-securise\/"]}]},{"@type":"BreadcrumbList","@id":"https:\/\/www.domaines-rollandeby.com\/paiement-securise\/#breadcrumb","itemListElement":[{"@type":"ListItem","position":1,"name":"Accueil","item":"https:\/\/www.domaines-rollandeby.com\/"},{"@type":"ListItem","position":2,"name":"Paiement s\u00e9curis\u00e9"}]},{"@type":"WebSite","@id":"https:\/\/www.domaines-rollandeby.com\/#website","url":"https:\/\/www.domaines-rollandeby.com\/","name":"DOMAINES ROLLAN DE BY","description":"","potentialAction":[{"@type":"SearchAction","target":{"@type":"EntryPoint","urlTemplate":"https:\/\/www.domaines-rollandeby.com\/?s={search_term_string}"},"query-input":"required name=search_term_string"}],"inLanguage":"UK"}]}},"_links":{"self":[{"href":"https:\/\/www.domaines-rollandeby.com\/uk\/wp-json\/wp\/v2\/pages\/2152"}],"collection":[{"href":"https:\/\/www.domaines-rollandeby.com\/uk\/wp-json\/wp\/v2\/pages"}],"about":[{"href":"https:\/\/www.domaines-rollandeby.com\/uk\/wp-json\/wp\/v2\/types\/page"}],"author":[{"embeddable":true,"href":"https:\/\/www.domaines-rollandeby.com\/uk\/wp-json\/wp\/v2\/users\/5"}],"replies":[{"embeddable":true,"href":"https:\/\/www.domaines-rollandeby.com\/uk\/wp-json\/wp\/v2\/comments?post=2152"}],"version-history":[{"count":0,"href":"https:\/\/www.domaines-rollandeby.com\/uk\/wp-json\/wp\/v2\/pages\/2152\/revisions"}],"wp:attachment":[{"href":"https:\/\/www.domaines-rollandeby.com\/uk\/wp-json\/wp\/v2\/media?parent=2152"}],"curies":[{"name":"wp","href":"https:\/\/api.w.org\/{rel}","templated":true}]}}