{"id":2527,"date":"2018-03-06T16:54:16","date_gmt":"2018-03-06T15:54:16","guid":{"rendered":"https:\/\/riogrande.mydeveloperjob.com\/?page_id=2527"},"modified":"2018-06-12T16:58:24","modified_gmt":"2018-06-12T14:58:24","slug":"suede-2","status":"publish","type":"page","link":"https:\/\/www.domaines-rollandeby.com\/uk\/ou-nous-trouver\/suede-2\/","title":{"rendered":"SUEDE"},"content":{"rendered":"<p>[vc_row full_width=&#8221;stretch_row_content_no_spaces&#8221; gap=&#8221;20&#8243; css=&#8221;.vc_custom_1524741154906{padding-top: 5% !important;padding-bottom: 5% !important;}&#8221;][vc_column width=&#8221;1\/3&#8243;]\n\t<div class=\"featured-image-box  text-align-center\">\n\t\t<figure class=\" sadie default\">\n\t\t\t <img class=\"wp-post-image default\" src=\"https:\/\/www.domaines-rollandeby.com\/wp-content\/uploads\/2018\/03\/ag_restaurant.png\" alt=\"\" \/> \n\t\t<figcaption>\n\t\t\t\n\t\t\t<h4>AG Restaurant<\/h4>\n\t\t\t<p>Kronobergsgatan 37<br \/>\n112 33 Stockholm<br \/>\n+46 (0) 8410 681 00<\/p>\n\t\t<\/figcaption>\n\t\t<\/figure>\n\t<\/div> [\/vc_column][vc_column width=&#8221;1\/3&#8243;]\n\t<div class=\"featured-image-box  text-align-center\">\n\t\t<figure class=\" sadie default\">\n\t\t\t <img class=\"wp-post-image default\" src=\"https:\/\/www.domaines-rollandeby.com\/wp-content\/uploads\/2018\/03\/f12.png\" alt=\"\" \/> \n\t\t<figcaption>\n\t\t\t\n\t\t\t<h4>F12 Restaurant<\/h4>\n\t\t\t<p>R\u00f6dbodtorget 2<br \/>\n111 52 Stockholm<br \/>\n+46 (0) 8505 244 00<\/p>\n\t\t<\/figcaption>\n\t\t<\/figure>\n\t<\/div> [\/vc_column][vc_column width=&#8221;1\/3&#8243;]\n\t<div class=\"featured-image-box  text-align-center\">\n\t\t<figure class=\" sadie default\">\n\t\t\t <img class=\"wp-post-image default\" src=\"https:\/\/www.domaines-rollandeby.com\/wp-content\/uploads\/2018\/03\/gondolen.png\" alt=\"\" \/> \n\t\t<figcaption>\n\t\t\t\n\t\t\t<h4>Restaurang Gondolen<\/h4>\n\t\t\t<p>Stadsg\u00e5rden 6<br \/>\n104 65 Stockholm<br \/>\n+46 (0) 8641 70 90<\/p>\n\t\t<\/figcaption>\n\t\t<\/figure>\n\t<\/div> [\/vc_column][\/vc_row][vc_row full_width=&#8221;stretch_row_content_no_spaces&#8221; gap=&#8221;20&#8243; css=&#8221;.vc_custom_1524741171526{padding-top: 0px !important;padding-bottom: 5% !important;}&#8221;][vc_column width=&#8221;1\/3&#8243;]\n\t<div class=\"featured-image-box  text-align-center\">\n\t\t<figure class=\" sadie default\">\n\t\t\t <img class=\"wp-post-image default\" src=\"https:\/\/www.domaines-rollandeby.com\/wp-content\/uploads\/2018\/04\/grand_hotel-stochholm.png\" alt=\"\" \/> \n\t\t<figcaption>\n\t\t\t\n\t\t\t<h4>Grand Hotel Stockholm<\/h4>\n\t\t\t<p>S\u00f6dra Blasieholmshamnen 8, 103 27<br \/>\nStockholm, Su\u00e8de<br \/>\n+46 8 679 35 00<\/p>\n<p><\/p>\n\t\t<\/figcaption>\n\t\t<\/figure>\n\t<\/div> [\/vc_column][vc_column width=&#8221;1\/3&#8243;]\n\t<div class=\"featured-image-box  text-align-center\">\n\t\t<figure class=\" sadie default\">\n\t\t\t <img class=\"wp-post-image default\" src=\"https:\/\/www.domaines-rollandeby.com\/wp-content\/uploads\/2018\/04\/Pm-Vanner-Hotel-photos-Restaurant-TAK-1.png\" alt=\"\" \/> \n\t\t<figcaption>\n\t\t\t\n\t\t\t<h4>PM & V\u00e4nner<\/h4>\n\t\t\t<p>Storgatan 22-24, 352 31<br \/>\nV\u00e4xj\u00f6, Su\u00e8de<br \/>\n+46 470 75 97 00<\/p>\n\t\t<\/figcaption>\n\t\t<\/figure>\n\t<\/div> [\/vc_column][vc_column width=&#8221;1\/3&#8243;]\n\t<div class=\"featured-image-box  text-align-center\">\n\t\t<figure class=\" sadie default\">\n\t\t\t <img class=\"wp-post-image default\" src=\"https:\/\/www.domaines-rollandeby.com\/wp-content\/uploads\/2018\/04\/esperanto.png\" alt=\"\" \/> \n\t\t<figcaption>\n\t\t\t\n\t\t\t<h4>Esperanto<\/h4>\n\t\t\t<p>Kungstensgatan 2, 114 25<br \/>\nStockholm, Su\u00e8de<br \/>\n+46 8 696 23 23<\/p>\n\t\t<\/figcaption>\n\t\t<\/figure>\n\t<\/div> [\/vc_column][\/vc_row][vc_row full_width=&#8221;stretch_row_content_no_spaces&#8221; gap=&#8221;20&#8243; css=&#8221;.vc_custom_1524741183241{padding-top: 0px !important;padding-bottom: 5% !important;}&#8221;][vc_column width=&#8221;1\/3&#8243;]\n\t<div class=\"featured-image-box  text-align-center\">\n\t\t<figure class=\" sadie default\">\n\t\t\t <img class=\"wp-post-image default\" src=\"https:\/\/www.domaines-rollandeby.com\/wp-content\/uploads\/2018\/04\/operakallaren.png\" alt=\"\" \/> \n\t\t<figcaption>\n\t\t\t\n\t\t\t<h4>Operak\u00e4llaren,V\u00e4xj\u00f6<\/h4>\n\t\t\t<p>Operahuset, Karl XII:s torg, 111 86<br \/>\nStockholm, Su\u00e8de<br \/>\n+46 8 676 58 00<\/p>\n\t\t<\/figcaption>\n\t\t<\/figure>\n\t<\/div> [\/vc_column][vc_column width=&#8221;1\/3&#8243;]\n\t<div class=\"featured-image-box  text-align-center\">\n\t\t<figure class=\" sadie default\">\n\t\t\t <img class=\"wp-post-image default\" src=\"https:\/\/www.domaines-rollandeby.com\/wp-content\/uploads\/2018\/04\/taverna_brillo.png\" alt=\"\" \/> \n\t\t<figcaption>\n\t\t\t\n\t\t\t<h4>Taverna Brillo<\/h4>\n\t\t\t<p>Sturegatan 6, 114 35<br \/>\nStockholm, Su\u00e8de<br \/>\n+46 8 519 778 00<\/p>\n\t\t<\/figcaption>\n\t\t<\/figure>\n\t<\/div> [\/vc_column][vc_column width=&#8221;1\/3&#8243;]\n\t<div class=\"featured-image-box  text-align-center\">\n\t\t<figure class=\" sadie default\">\n\t\t\t <img class=\"wp-post-image default\" src=\"https:\/\/www.domaines-rollandeby.com\/wp-content\/uploads\/2018\/04\/pubologi.png\" alt=\"\" \/> \n\t\t<figcaption>\n\t\t\t\n\t\t\t<h4>Pubologi<\/h4>\n\t\t\t<p>Stora Nygatan 20, 111 27<br \/>\nStockholm, Su\u00e8de<br \/>\n+46 8 506 400 86<\/p>\n\t\t<\/figcaption>\n\t\t<\/figure>\n\t<\/div> [\/vc_column][\/vc_row][vc_row full_width=&#8221;stretch_row_content_no_spaces&#8221; gap=&#8221;20&#8243; css=&#8221;.vc_custom_1524741193176{padding-top: 0px !important;padding-bottom: 5% !important;}&#8221;][vc_column width=&#8221;1\/3&#8243;]\n\t<div class=\"featured-image-box  text-align-center\">\n\t\t<figure class=\" sadie default\">\n\t\t\t <img class=\"wp-post-image default\" src=\"https:\/\/www.domaines-rollandeby.com\/wp-content\/uploads\/2018\/04\/lydmar_hotel.png\" alt=\"\" \/> \n\t\t<figcaption>\n\t\t\t\n\t\t\t<h4>Lydmar Hotel<\/h4>\n\t\t\t<p>S\u00f6dra Blasieholmshamnen 2, 103 24<br \/>\nStockholm, Su\u00e8de<br \/>\n+46 8 22 31 60<\/p>\n\t\t<\/figcaption>\n\t\t<\/figure>\n\t<\/div> [\/vc_column][vc_column width=&#8221;1\/3&#8243;]\n\t<div class=\"featured-image-box  text-align-center\">\n\t\t<figure class=\" sadie default\">\n\t\t\t <img class=\"wp-post-image default\" src=\"https:\/\/www.domaines-rollandeby.com\/wp-content\/uploads\/2018\/04\/sabis.png\" alt=\"\" \/> \n\t\t<figcaption>\n\t\t\t\n\t\t\t<h4>Sabis F\u00e4lt\u00f6versten<\/h4>\n\t\t\t<p>Valhallav\u00e4gen 152A, 115 24<br \/>\nStockholm, Su\u00e8de<br \/>\n+46 8 545 856 62<\/p>\n\t\t<\/figcaption>\n\t\t<\/figure>\n\t<\/div> [\/vc_column][vc_column width=&#8221;1\/3&#8243;][\/vc_column][\/vc_row]<\/p>\n","protected":false},"excerpt":{"rendered":"<p>[vc_row full_width=&#8221;stretch_row_content_no_spaces&#8221; gap=&#8221;20&#8243; css=&#8221;.vc_custom_1524741154906{padding-top: 5% !important;padding-bottom: 5% !important;}&#8221;][vc_column width=&#8221;1\/3&#8243;][\/vc_column][vc_column width=&#8221;1\/3&#8243;][\/vc_column][vc_column width=&#8221;1\/3&#8243;][\/vc_column][\/vc_row][vc_row full_width=&#8221;stretch_row_content_no_spaces&#8221; gap=&#8221;20&#8243; css=&#8221;.vc_custom_1524741171526{padding-top: 0px !important;padding-bottom: 5% !important;}&#8221;][vc_column width=&#8221;1\/3&#8243;][\/vc_column][vc_column width=&#8221;1\/3&#8243;][\/vc_column][vc_column width=&#8221;1\/3&#8243;][\/vc_column][\/vc_row][vc_row full_width=&#8221;stretch_row_content_no_spaces&#8221; gap=&#8221;20&#8243; css=&#8221;.vc_custom_1524741183241{padding-top: 0px !important;padding-bottom: 5% !important;}&#8221;][vc_column width=&#8221;1\/3&#8243;][\/vc_column][vc_column width=&#8221;1\/3&#8243;][\/vc_column][vc_column width=&#8221;1\/3&#8243;][\/vc_column][\/vc_row][vc_row full_width=&#8221;stretch_row_content_no_spaces&#8221; gap=&#8221;20&#8243; css=&#8221;.vc_custom_1524741193176{padding-top: 0px !important;padding-bottom: 5% !important;}&#8221;][vc_column width=&#8221;1\/3&#8243;][\/vc_column][vc_column width=&#8221;1\/3&#8243;][\/vc_column][vc_column width=&#8221;1\/3&#8243;][\/vc_column][\/vc_row]<\/p>\n","protected":false},"author":5,"featured_media":0,"parent":1107,"menu_order":0,"comment_status":"closed","ping_status":"closed","template":"","meta":[],"yoast_head":"<!-- This site is optimized with the Yoast SEO plugin v20.0 - https:\/\/yoast.com\/wordpress\/plugins\/seo\/ -->\n<title>SUEDE - DOMAINES ROLLAN DE BY<\/title>\n<meta name=\"robots\" content=\"index, follow, max-snippet:-1, max-image-preview:large, max-video-preview:-1\" \/>\n<link rel=\"canonical\" href=\"https:\/\/www.domaines-rollandeby.com\/ou-nous-trouver\/suede-2\/\" \/>\n<meta property=\"og:locale\" content=\"en_GB\" \/>\n<meta property=\"og:type\" content=\"article\" \/>\n<meta property=\"og:title\" content=\"SUEDE\" \/>\n<meta property=\"og:description\" content=\"[vc_row full_width=&#8221;stretch_row_content_no_spaces&#8221; gap=&#8221;20&#8243; css=&#8221;.vc_custom_1524741154906{padding-top: 5% !important;padding-bottom: 5% !important;}&#8221;][vc_column width=&#8221;1\/3&#8243;][\/vc_column][vc_column width=&#8221;1\/3&#8243;][\/vc_column][vc_column width=&#8221;1\/3&#8243;][\/vc_column][\/vc_row][vc_row full_width=&#8221;stretch_row_content_no_spaces&#8221; gap=&#8221;20&#8243; css=&#8221;.vc_custom_1524741171526{padding-top: 0px !important;padding-bottom: 5% !important;}&#8221;][vc_column width=&#8221;1\/3&#8243;][\/vc_column][vc_column width=&#8221;1\/3&#8243;][\/vc_column][vc_column width=&#8221;1\/3&#8243;][\/vc_column][\/vc_row][vc_row full_width=&#8221;stretch_row_content_no_spaces&#8221; gap=&#8221;20&#8243; css=&#8221;.vc_custom_1524741183241{padding-top: 0px !important;padding-bottom: 5% !important;}&#8221;][vc_column width=&#8221;1\/3&#8243;][\/vc_column][vc_column width=&#8221;1\/3&#8243;][\/vc_column][vc_column width=&#8221;1\/3&#8243;][\/vc_column][\/vc_row][vc_row full_width=&#8221;stretch_row_content_no_spaces&#8221; gap=&#8221;20&#8243; css=&#8221;.vc_custom_1524741193176{padding-top: 0px !important;padding-bottom: 5% !important;}&#8221;][vc_column width=&#8221;1\/3&#8243;][\/vc_column][vc_column width=&#8221;1\/3&#8243;][\/vc_column][vc_column width=&#8221;1\/3&#8243;][\/vc_column][\/vc_row]\" \/>\n<meta property=\"og:url\" content=\"https:\/\/www.domaines-rollandeby.com\/ou-nous-trouver\/suede-2\/\" \/>\n<meta property=\"og:site_name\" content=\"DOMAINES ROLLAN DE BY\" \/>\n<meta property=\"article:publisher\" content=\"https:\/\/www.facebook.com\/domainesrollandeby\/?__tn__=kC-R&amp;amp%3bamp%3bamp%3beid=ARAgA6TgDqSwr7NoQbkfqnJ0EQOgeEWg-sQO-_vkq7fBbc8GUnYuKCepEzMg5HFwY6gCl8YUdzWB1ZKr&amp;amp%3bamp%3bamp%3bhc_ref=ARS8wHqZWyd6NwbZkgXGzGcJMAKj4wCTsOxKtCh8OjgGf63l5aY17r8zLlSMAGVzqI8&amp;amp%3bamp%3bamp%3bfref=nf&amp;amp%3bamp%3bamp%3b__xts__%5b0%5d=68.ARB75Jgi01urwJfdModN7T7EbYtMsJ3xWkszX2ePWNo3YD7qRs7PbkD-w7ameIrq_OLAGZfenUvEAp3SWFfDq8RQ7yApE_Fhnir0reZIJYDbuE2gK6WexQ-GBPStG03Tmpb3pp-RnvPlo6rLfwya2znc9eBybiKWKzpdMrPlvZlNoATc0JY17g\" \/>\n<meta property=\"article:modified_time\" content=\"2018-06-12T14:58:24+00:00\" \/>\n<meta name=\"twitter:card\" content=\"summary_large_image\" \/>\n<meta name=\"twitter:label1\" content=\"Estimated reading time\" \/>\n\t<meta name=\"twitter:data1\" content=\"2 minutes\" \/>\n<script type=\"application\/ld+json\" class=\"yoast-schema-graph\">{\"@context\":\"https:\/\/schema.org\",\"@graph\":[{\"@type\":\"WebPage\",\"@id\":\"https:\/\/www.domaines-rollandeby.com\/ou-nous-trouver\/suede-2\/\",\"url\":\"https:\/\/www.domaines-rollandeby.com\/ou-nous-trouver\/suede-2\/\",\"name\":\"[:fr]SUEDE[:] - DOMAINES ROLLAN DE BY\",\"isPartOf\":{\"@id\":\"https:\/\/www.domaines-rollandeby.com\/#website\"},\"datePublished\":\"2018-03-06T15:54:16+00:00\",\"dateModified\":\"2018-06-12T14:58:24+00:00\",\"breadcrumb\":{\"@id\":\"https:\/\/www.domaines-rollandeby.com\/ou-nous-trouver\/suede-2\/#breadcrumb\"},\"inLanguage\":\"UK\",\"potentialAction\":[{\"@type\":\"ReadAction\",\"target\":[\"https:\/\/www.domaines-rollandeby.com\/ou-nous-trouver\/suede-2\/\"]}]},{\"@type\":\"BreadcrumbList\",\"@id\":\"https:\/\/www.domaines-rollandeby.com\/ou-nous-trouver\/suede-2\/#breadcrumb\",\"itemListElement\":[{\"@type\":\"ListItem\",\"position\":1,\"name\":\"Accueil\",\"item\":\"https:\/\/www.domaines-rollandeby.com\/\"},{\"@type\":\"ListItem\",\"position\":2,\"name\":\"O\u00d9 NOUS TROUVER\",\"item\":\"https:\/\/www.domaines-rollandeby.com\/ou-nous-trouver\/\"},{\"@type\":\"ListItem\",\"position\":3,\"name\":\"SUEDE\"}]},{\"@type\":\"WebSite\",\"@id\":\"https:\/\/www.domaines-rollandeby.com\/#website\",\"url\":\"https:\/\/www.domaines-rollandeby.com\/\",\"name\":\"DOMAINES ROLLAN DE BY\",\"description\":\"\",\"potentialAction\":[{\"@type\":\"SearchAction\",\"target\":{\"@type\":\"EntryPoint\",\"urlTemplate\":\"https:\/\/www.domaines-rollandeby.com\/?s={search_term_string}\"},\"query-input\":\"required name=search_term_string\"}],\"inLanguage\":\"UK\"}]}<\/script>\n<!-- \/ Yoast SEO plugin. -->","yoast_head_json":{"title":"SUEDE - DOMAINES ROLLAN DE BY","robots":{"index":"index","follow":"follow","max-snippet":"max-snippet:-1","max-image-preview":"max-image-preview:large","max-video-preview":"max-video-preview:-1"},"canonical":"https:\/\/www.domaines-rollandeby.com\/ou-nous-trouver\/suede-2\/","og_locale":"en_GB","og_type":"article","og_title":"[:fr]SUEDE[:] - DOMAINES ROLLAN DE BY","og_description":"[vc_row full_width=&#8221;stretch_row_content_no_spaces&#8221; gap=&#8221;20&#8243; css=&#8221;.vc_custom_1524741154906{padding-top: 5% !important;padding-bottom: 5% !important;}&#8221;][vc_column width=&#8221;1\/3&#8243;][\/vc_column][vc_column width=&#8221;1\/3&#8243;][\/vc_column][vc_column width=&#8221;1\/3&#8243;][\/vc_column][\/vc_row][vc_row full_width=&#8221;stretch_row_content_no_spaces&#8221; gap=&#8221;20&#8243; css=&#8221;.vc_custom_1524741171526{padding-top: 0px !important;padding-bottom: 5% !important;}&#8221;][vc_column width=&#8221;1\/3&#8243;][\/vc_column][vc_column width=&#8221;1\/3&#8243;][\/vc_column][vc_column width=&#8221;1\/3&#8243;][\/vc_column][\/vc_row][vc_row full_width=&#8221;stretch_row_content_no_spaces&#8221; gap=&#8221;20&#8243; css=&#8221;.vc_custom_1524741183241{padding-top: 0px !important;padding-bottom: 5% !important;}&#8221;][vc_column width=&#8221;1\/3&#8243;][\/vc_column][vc_column width=&#8221;1\/3&#8243;][\/vc_column][vc_column width=&#8221;1\/3&#8243;][\/vc_column][\/vc_row][vc_row full_width=&#8221;stretch_row_content_no_spaces&#8221; gap=&#8221;20&#8243; css=&#8221;.vc_custom_1524741193176{padding-top: 0px !important;padding-bottom: 5% !important;}&#8221;][vc_column width=&#8221;1\/3&#8243;][\/vc_column][vc_column width=&#8221;1\/3&#8243;][\/vc_column][vc_column width=&#8221;1\/3&#8243;][\/vc_column][\/vc_row]","og_url":"https:\/\/www.domaines-rollandeby.com\/ou-nous-trouver\/suede-2\/","og_site_name":"DOMAINES ROLLAN DE BY","article_publisher":"https:\/\/www.facebook.com\/domainesrollandeby\/?__tn__=kC-R&amp%3bamp%3bamp%3beid=ARAgA6TgDqSwr7NoQbkfqnJ0EQOgeEWg-sQO-_vkq7fBbc8GUnYuKCepEzMg5HFwY6gCl8YUdzWB1ZKr&amp%3bamp%3bamp%3bhc_ref=ARS8wHqZWyd6NwbZkgXGzGcJMAKj4wCTsOxKtCh8OjgGf63l5aY17r8zLlSMAGVzqI8&amp%3bamp%3bamp%3bfref=nf&amp%3bamp%3bamp%3b__xts__%5b0%5d=68.ARB75Jgi01urwJfdModN7T7EbYtMsJ3xWkszX2ePWNo3YD7qRs7PbkD-w7ameIrq_OLAGZfenUvEAp3SWFfDq8RQ7yApE_Fhnir0reZIJYDbuE2gK6WexQ-GBPStG03Tmpb3pp-RnvPlo6rLfwya2znc9eBybiKWKzpdMrPlvZlNoATc0JY17g","article_modified_time":"2018-06-12T14:58:24+00:00","twitter_card":"summary_large_image","twitter_misc":{"Estimated reading time":"2 minutes"},"schema":{"@context":"https:\/\/schema.org","@graph":[{"@type":"WebPage","@id":"https:\/\/www.domaines-rollandeby.com\/ou-nous-trouver\/suede-2\/","url":"https:\/\/www.domaines-rollandeby.com\/ou-nous-trouver\/suede-2\/","name":"[:fr]SUEDE[:] - DOMAINES ROLLAN DE BY","isPartOf":{"@id":"https:\/\/www.domaines-rollandeby.com\/#website"},"datePublished":"2018-03-06T15:54:16+00:00","dateModified":"2018-06-12T14:58:24+00:00","breadcrumb":{"@id":"https:\/\/www.domaines-rollandeby.com\/ou-nous-trouver\/suede-2\/#breadcrumb"},"inLanguage":"UK","potentialAction":[{"@type":"ReadAction","target":["https:\/\/www.domaines-rollandeby.com\/ou-nous-trouver\/suede-2\/"]}]},{"@type":"BreadcrumbList","@id":"https:\/\/www.domaines-rollandeby.com\/ou-nous-trouver\/suede-2\/#breadcrumb","itemListElement":[{"@type":"ListItem","position":1,"name":"Accueil","item":"https:\/\/www.domaines-rollandeby.com\/"},{"@type":"ListItem","position":2,"name":"O\u00d9 NOUS TROUVER","item":"https:\/\/www.domaines-rollandeby.com\/ou-nous-trouver\/"},{"@type":"ListItem","position":3,"name":"SUEDE"}]},{"@type":"WebSite","@id":"https:\/\/www.domaines-rollandeby.com\/#website","url":"https:\/\/www.domaines-rollandeby.com\/","name":"DOMAINES ROLLAN DE BY","description":"","potentialAction":[{"@type":"SearchAction","target":{"@type":"EntryPoint","urlTemplate":"https:\/\/www.domaines-rollandeby.com\/?s={search_term_string}"},"query-input":"required name=search_term_string"}],"inLanguage":"UK"}]}},"_links":{"self":[{"href":"https:\/\/www.domaines-rollandeby.com\/uk\/wp-json\/wp\/v2\/pages\/2527"}],"collection":[{"href":"https:\/\/www.domaines-rollandeby.com\/uk\/wp-json\/wp\/v2\/pages"}],"about":[{"href":"https:\/\/www.domaines-rollandeby.com\/uk\/wp-json\/wp\/v2\/types\/page"}],"author":[{"embeddable":true,"href":"https:\/\/www.domaines-rollandeby.com\/uk\/wp-json\/wp\/v2\/users\/5"}],"replies":[{"embeddable":true,"href":"https:\/\/www.domaines-rollandeby.com\/uk\/wp-json\/wp\/v2\/comments?post=2527"}],"version-history":[{"count":0,"href":"https:\/\/www.domaines-rollandeby.com\/uk\/wp-json\/wp\/v2\/pages\/2527\/revisions"}],"up":[{"embeddable":true,"href":"https:\/\/www.domaines-rollandeby.com\/uk\/wp-json\/wp\/v2\/pages\/1107"}],"wp:attachment":[{"href":"https:\/\/www.domaines-rollandeby.com\/uk\/wp-json\/wp\/v2\/media?parent=2527"}],"curies":[{"name":"wp","href":"https:\/\/api.w.org\/{rel}","templated":true}]}}