{"id":4421,"date":"2018-07-03T11:22:38","date_gmt":"2018-07-03T09:22:38","guid":{"rendered":"https:\/\/www.domaines-rollandeby.com\/?page_id=4421"},"modified":"2021-03-02T15:32:24","modified_gmt":"2021-03-02T14:32:24","slug":"domaine","status":"publish","type":"page","link":"https:\/\/www.domaines-rollandeby.com\/uk\/domaine\/","title":{"rendered":"THE DOMAIN"},"content":{"rendered":"<p>[vc_row equal_height=&#8221;yes&#8221; content_placement=&#8221;middle&#8221; css=&#8221;.vc_custom_1519299225898{margin-top: 10% !important;padding-top: 0px !important;padding-bottom: 0px !important;}&#8221;][vc_column css=&#8221;.vc_custom_1515576826073{margin-top: 0px !important;margin-right: 0px !important;margin-bottom: 0px !important;margin-left: 0px !important;padding-top: 0px !important;padding-right: 0px !important;padding-bottom: 0px !important;padding-left: 0px !important;}&#8221; offset=&#8221;vc_col-lg-6 vc_col-md-6&#8243;][vc_single_image image=&#8221;1649&#8243; img_size=&#8221;full&#8221; css=&#8221;.vc_custom_1519309870841{margin-top: 0px !important;margin-bottom: 0px !important;}&#8221;][\/vc_column][vc_column css=&#8221;.vc_custom_1519661665736{padding-top: 50px !important;padding-right: 10% !important;padding-bottom: 10% !important;padding-left: 10% !important;background-color: #f1f1f1 !important;}&#8221; offset=&#8221;vc_col-lg-6 vc_col-md-6&#8243;]\n\t<div class=\"title-subtitle-box \" style=\" margin-bottom:40px; text-align: center;\">\n\t\t<p style=\"\">LA HAUTE COUTURE DU VIN<\/p>\n\t\t<h1 style=\" font-weight: normal;\" >L&#039;histoire<\/h1>\n\t<\/div> [vc_column_text css=&#8221;.vc_custom_1529498842149{margin-top: 0px !important;margin-bottom: 0px !important;padding-top: 0px !important;padding-bottom: 0px !important;}&#8221;]<\/p>\n<div style=\"line-height: 1.8;\">\n<p style=\"text-align: justify;\">N\u00e9 en 1949, l\u2019un des meilleurs mill\u00e9simes du si\u00e8cle dernier, Jean Guyon a toujours \u00e9volu\u00e9 dans un univers artistique o\u00f9 la recherche de l\u2019esth\u00e9tisme rime avec celle de l\u2019excellence.<\/p>\n<p style=\"text-align: justify;\">Quand en 1989, il a l\u2019opportunit\u00e9 d\u2019acqu\u00e9rir 2 hectares sur de belles graves argilo-calcaires \u00e0 B\u00e9gadan, il n\u2019h\u00e9site pas une seconde pour devenir propri\u00e9taire d\u2019un terroir absolument remarquable. Son ambition : \u00ab faire un bon vin pour ses amis \u00bb.<\/p>\n<p style=\"text-align: justify;\">En quelques ann\u00e9es, le vignoble de 2 hectares prend de l\u2019ampleur. Les Ch\u00e2teau Rollan de By, Ch\u00e2teau Haut Condissas, Ch\u00e2teau Tour Seran et Ch\u00e2teau La Clare, forment bient\u00f4t un grand vignoble de 90 hectares, et fin 2012, l\u2019acquisition des Ch\u00e2teau Greysac, Ch\u00e2teau de By et Ch\u00e2teau du Monthil font des Domaine Rollan de By \u2013 Jean Guyon l\u2019une des plus importantes propri\u00e9t\u00e9s du M\u00e9doc.<\/p>\n<p style=\"text-align: justify;\">Passionn\u00e9, perfectionniste, \u00e9picurien, il offre \u00e0 ses vignes le luxe et le raffinement que seuls les crus class\u00e9s s\u2019autorisent, et contribue \u00e0 la renaissance d\u2019un terroir oubli\u00e9 par l\u2019histoire. Tout est fait pour avoir quelque chose de superbe.\u201c <strong>La haute couture du vin.<\/strong>\u201d<\/p>\n<\/div>\n<p>[\/vc_column_text][\/vc_column][\/vc_row][vc_row full_width=&#8221;stretch_row_content_no_spaces&#8221; equal_height=&#8221;yes&#8221; content_placement=&#8221;middle&#8221; parallax=&#8221;content-moving&#8221; parallax_image=&#8221;1638&#8243; css=&#8221;.vc_custom_1519379668755{margin-top: 10% !important;padding-top: 30% !important;padding-bottom: 30% !important;}&#8221;][vc_column][\/vc_column][\/vc_row][vc_row full_width=&#8221;stretch_row&#8221; equal_height=&#8221;yes&#8221; content_placement=&#8221;middle&#8221; css=&#8221;.vc_custom_1529504695573{margin-top: 0px !important;margin-bottom: 0px !important;padding-top: 0px !important;padding-bottom: 0px !important;}&#8221;][vc_column css=&#8221;.vc_custom_1529504497991{margin-top: 0px !important;margin-right: 0px !important;margin-bottom: 0px !important;margin-left: 0px !important;padding-top: 0px !important;padding-right: 0px !important;padding-bottom: 0px !important;padding-left: 0px !important;}&#8221; offset=&#8221;vc_col-lg-6 vc_col-md-6&#8243;][vc_single_image image=&#8221;4184&#8243; img_size=&#8221;full&#8221; css=&#8221;.vc_custom_1529504656414{margin-top: 0px !important;margin-bottom: 0px !important;padding-top: 0px !important;padding-bottom: 0px !important;}&#8221;][\/vc_column][vc_column css=&#8221;.vc_custom_1529504627639{margin-top: 0px !important;margin-bottom: 0px !important;padding-top: 0px !important;padding-right: 10% !important;padding-bottom: 0px !important;padding-left: 10% !important;}&#8221; offset=&#8221;vc_col-lg-6 vc_col-md-6&#8243;][vc_column_text css=&#8221;.vc_custom_1529498867782{margin-top: 0px !important;margin-bottom: 0px !important;padding-top: 0px !important;padding-bottom: 0px !important;}&#8221;]<\/p>\n<p style=\"text-align: justify;\"><span style=\"font-size: 12pt;\">D<\/span>epuis toujours, le vin a inspir\u00e9 le monde de l&#039;art. Comment ne pas faire un\u00a0parall\u00e8le entre le plaisir que procure le vin et celui que procure une\u00a0peinture, une sculpture, une\u00a0\u0153uvre musicale ? Les vins invitent \u00e0 la\u00a0r\u00e9flexion et au recueillement. Le plaisir de l&#039;instant, fugace, unique\u00a0aussi&#8230; Un verre du m\u00eame vin, d\u00e9gust\u00e9 \u00e0 des occasions\u00a0vari\u00e9es, procure une\u00a0sensation toujours diff\u00e9rente.<\/p>\n<p style=\"text-align: justify;\">Fils d&#039;antiquaire, Jean Guyon a toujours\u00a0\u00e9volu\u00e9 dans un univers o\u00f9 l&#039;esth\u00e9tique est reine. Avant d&#039;\u00eatre vigneron, il\u00a0exer\u00e7ait le m\u00e9tier de d\u00e9corateur d\u2019int\u00e9rieur. Collectionneur de peinture\u00a0ancienne et d&#039;art contemporain, il aime faire r\u00e9f\u00e9rence \u00e0 cette jolie\u00a0statuette de bronze, une faunesse tenant une grappe : \u00abelle symbolise\u00a0l&#039;amour du raisin. Avant\u00a0celui du vin\u00a0\u00bb.<\/p>\n<p style=\"text-align: justify;\">Le vin est une \u0153uvre d&#039;art, et\u00a0comme toute cr\u00e9ation, ce qui compte c&#039;est autant de le boire que d&#039;en\u00a0parler.<\/p>\n<p>[\/vc_column_text][\/vc_column][\/vc_row][vc_row full_width=&#8221;stretch_row_content_no_spaces&#8221; equal_height=&#8221;yes&#8221; content_placement=&#8221;middle&#8221; parallax=&#8221;content-moving&#8221; parallax_image=&#8221;1314&#8243; css=&#8221;.vc_custom_1529504747291{margin-top: 0px !important;padding-top: 30% !important;padding-bottom: 30% !important;}&#8221;][vc_column][\/vc_column][\/vc_row][vc_row full_width=&#8221;stretch_row&#8221; equal_height=&#8221;yes&#8221; content_placement=&#8221;middle&#8221;][vc_column css=&#8221;.vc_custom_1515590313939{margin-top: 0px !important;margin-right: 0px !important;margin-bottom: 0px !important;margin-left: 0px !important;padding-top: 0px !important;padding-right: 0px !important;padding-bottom: 0px !important;padding-left: 0px !important;background-position: center !important;background-repeat: no-repeat !important;background-size: cover !important;}&#8221; offset=&#8221;vc_col-lg-6 vc_col-md-6&#8243;][vc_single_image image=&#8221;1332&#8243; img_size=&#8221;full&#8221; css=&#8221;.vc_custom_1515589968095{margin-top: 0px !important;margin-bottom: 0px !important;padding-top: 0px !important;padding-bottom: 0px !important;}&#8221;][\/vc_column][vc_column css=&#8221;.vc_custom_1519661631468{padding-top: 50px !important;padding-right: 10% !important;padding-bottom: 0% !important;padding-left: 10% !important;background-color: #f1f1f1 !important;}&#8221; offset=&#8221;vc_col-lg-6 vc_col-md-6&#8243;]\n\t<div class=\"title-subtitle-box \" style=\" text-align: center;\">\n\t\t<p style=\"\">RECHERCHE<\/p>\n\t\t<h1 style=\" font-weight: normal;\" >\u201c Le French Paradox \u201d<\/h1>\n\t<\/div> [vc_column_text]<\/p>\n<p style=\"text-align: justify;\">La consommation de vin r\u00e9guli\u00e8re et mod\u00e9r\u00e9e aurait des effets b\u00e9n\u00e9fiques sur la pr\u00e9vention des maladies cardiovasculaires. Le concept de \u00ab\u00a0<strong>French Paradox<\/strong>\u00a0\u00bb est n\u00e9 il y a pr\u00e8s de vingt ans lorsqu&#039;une \u00e9quipe de cardiologues, sous la direction du Professeur Serge Renaud, s&#039;est int\u00e9ress\u00e9e aux donn\u00e9es concernant des maladies cardio-vasculaires.<\/p>\n<p style=\"text-align: justify;\">L\u2019analyse mettait en \u00e9vidence qu\u2019en d\u00e9pit de facteurs de risque identiques, les Fran\u00e7ais jouissaient d\u2019une meilleure sant\u00e9 cardiovasculaire que d&#039;autres europ\u00e9ens et am\u00e9ricains.<\/p>\n<p style=\"text-align: justify;\">Les chercheurs ont par la suite d\u00e9couvert par quel m\u00e9canisme mol\u00e9culaire <strong>les\u00a0polyph\u00e9nols<\/strong>, mol\u00e9cules anti-oxydantes contenues dans le vin rouge, agissent en <strong>protecteurs<\/strong> et conduisent \u00e0 une diminution de la pression art\u00e9rielle.<\/p>\n<p>[\/vc_column_text][\/vc_column][\/vc_row][vc_row full_width=&#8221;stretch_row_content_no_spaces&#8221; equal_height=&#8221;yes&#8221; css=&#8221;.vc_custom_1519646322432{padding-top: 0px !important;padding-bottom: 0px !important;}&#8221;][vc_column width=&#8221;1\/3&#8243;]\n\t<div class=\"featured-image-box  text-align-center\">\n\t\t<figure class=\" sadie default\">\n\t\t\t<a href=\"http:\/\/www.domaines-rollandeby.com\/le-savoir-faire\/\" title=\"\" target=\"_self\"> <img class=\"wp-post-image default\" src=\"https:\/\/www.domaines-rollandeby.com\/wp-content\/uploads\/2018\/02\/Sans-titre-36.png\" alt=\"\" \/> <\/a>\n\t\t<figcaption>\n\t\t\t<a href=\"http:\/\/www.domaines-rollandeby.com\/le-savoir-faire\/\" title=\"\" target=\"_self\"><\/a>\n\t\t\t<h4>Le savoir-faire<\/h4>\n\t\t\t<p><\/p>\n\t\t<\/figcaption>\n\t\t<\/figure>\n\t<\/div> [\/vc_column][vc_column width=&#8221;1\/3&#8243;]\n\t<div class=\"featured-image-box  text-align-center\">\n\t\t<figure class=\" sadie default\">\n\t\t\t<a href=\"http:\/\/www.domaines-rollandeby.com\/pages-blog\" title=\"\" target=\"_self\"> <img class=\"wp-post-image default\" src=\"\" alt=\"\" \/> <\/a>\n\t\t<figcaption>\n\t\t\t<a href=\"http:\/\/www.domaines-rollandeby.com\/pages-blog\" title=\"\" target=\"_self\"><\/a>\n\t\t\t<h4>Actualit\u00e9s<\/h4>\n\t\t\t<p><\/p>\n\t\t<\/figcaption>\n\t\t<\/figure>\n\t<\/div> [\/vc_column][vc_column width=&#8221;1\/3&#8243;]\n\t<div class=\"featured-image-box  text-align-center\">\n\t\t<figure class=\" sadie default\">\n\t\t\t<a href=\"http:\/\/www.domaines-rollandeby.com\/lart-de-vivre\/\" title=\"\" target=\"_self\"> <img class=\"wp-post-image default\" src=\"https:\/\/www.domaines-rollandeby.com\/wp-content\/uploads\/2018\/02\/femme-testing.jpg\" alt=\"\" \/> <\/a>\n\t\t<figcaption>\n\t\t\t<a href=\"http:\/\/www.domaines-rollandeby.com\/lart-de-vivre\/\" title=\"\" target=\"_self\"><\/a>\n\t\t\t<h4>L&#039;art de vivre<\/h4>\n\t\t\t<p><\/p>\n\t\t<\/figcaption>\n\t\t<\/figure>\n\t<\/div> [\/vc_column][\/vc_row]<\/p>\n","protected":false},"excerpt":{"rendered":"<p>[vc_row equal_height=&#8221;yes&#8221; content_placement=&#8221;middle&#8221; css=&#8221;.vc_custom_1519299225898{margin-top: 10% !important;padding-top: 0px !important;padding-bottom: 0px !important;}&#8221;][vc_column css=&#8221;.vc_custom_1515576826073{margin-top: 0px !important;margin-right: 0px !important;margin-bottom: 0px !important;margin-left: 0px !important;padding-top: 0px !important;padding-right: 0px !important;padding-bottom: 0px !important;padding-left: 0px !important;}&#8221; offset=&#8221;vc_col-lg-6 vc_col-md-6&#8243;][vc_single_image image=&#8221;1649&#8243; img_size=&#8221;full&#8221; css=&#8221;.vc_custom_1519309870841{margin-top: 0px !important;margin-bottom: 0px !important;}&#8221;][\/vc_column][vc_column css=&#8221;.vc_custom_1519661665736{padding-top: 50px !important;padding-right: 10% !important;padding-bottom: 10% !important;padding-left: 10% !important;background-color: #f1f1f1 !important;}&#8221; offset=&#8221;vc_col-lg-6 vc_col-md-6&#8243;][vc_column_text css=&#8221;.vc_custom_1529498842149{margin-top: 0px !important;margin-bottom: 0px !important;padding-top: 0px<br class=\"read-more-spacer\"> <a class=\"more-link\" href=\"https:\/\/www.domaines-rollandeby.com\/uk\/domaine\/\">Read More<\/a><\/p>\n","protected":false},"author":5,"featured_media":1258,"parent":0,"menu_order":0,"comment_status":"closed","ping_status":"closed","template":"","meta":[],"yoast_head":"<!-- This site is optimized with the Yoast SEO plugin v20.0 - https:\/\/yoast.com\/wordpress\/plugins\/seo\/ -->\n<title>THE DOMAIN - DOMAINES ROLLAN DE BY<\/title>\n<meta name=\"robots\" content=\"index, follow, max-snippet:-1, max-image-preview:large, max-video-preview:-1\" \/>\n<link rel=\"canonical\" href=\"https:\/\/www.domaines-rollandeby.com\/domaine\/\" \/>\n<meta property=\"og:locale\" content=\"en_GB\" \/>\n<meta property=\"og:type\" content=\"article\" \/>\n<meta property=\"og:title\" content=\"THE DOMAIN\" \/>\n<meta property=\"og:description\" content=\"[vc_row equal_height=&#8221;yes&#8221; content_placement=&#8221;middle&#8221; css=&#8221;.vc_custom_1519299225898{margin-top: 10% !important;padding-top: 0px !important;padding-bottom: 0px !important;}&#8221;][vc_column css=&#8221;.vc_custom_1515576826073{margin-top: 0px !important;margin-right: 0px !important;margin-bottom: 0px !important;margin-left: 0px !important;padding-top: 0px !important;padding-right: 0px !important;padding-bottom: 0px !important;padding-left: 0px !important;}&#8221; offset=&#8221;vc_col-lg-6 vc_col-md-6&#8243;][vc_single_image image=&#8221;1649&#8243; img_size=&#8221;full&#8221; css=&#8221;.vc_custom_1519309870841{margin-top: 0px !important;margin-bottom: 0px !important;}&#8221;][\/vc_column][vc_column css=&#8221;.vc_custom_1519661665736{padding-top: 50px !important;padding-right: 10% !important;padding-bottom: 10% !important;padding-left: 10% !important;background-color: #f1f1f1 !important;}&#8221; offset=&#8221;vc_col-lg-6 vc_col-md-6&#8243;][vc_column_text css=&#8221;.vc_custom_1529498842149{margin-top: 0px !important;margin-bottom: 0px !important;padding-top: 0px Read More\" \/>\n<meta property=\"og:url\" content=\"https:\/\/www.domaines-rollandeby.com\/domaine\/\" \/>\n<meta property=\"og:site_name\" content=\"DOMAINES ROLLAN DE BY\" \/>\n<meta property=\"article:publisher\" content=\"https:\/\/www.facebook.com\/domainesrollandeby\/?__tn__=kC-R&amp;amp%3bamp%3bamp%3beid=ARAgA6TgDqSwr7NoQbkfqnJ0EQOgeEWg-sQO-_vkq7fBbc8GUnYuKCepEzMg5HFwY6gCl8YUdzWB1ZKr&amp;amp%3bamp%3bamp%3bhc_ref=ARS8wHqZWyd6NwbZkgXGzGcJMAKj4wCTsOxKtCh8OjgGf63l5aY17r8zLlSMAGVzqI8&amp;amp%3bamp%3bamp%3bfref=nf&amp;amp%3bamp%3bamp%3b__xts__%5b0%5d=68.ARB75Jgi01urwJfdModN7T7EbYtMsJ3xWkszX2ePWNo3YD7qRs7PbkD-w7ameIrq_OLAGZfenUvEAp3SWFfDq8RQ7yApE_Fhnir0reZIJYDbuE2gK6WexQ-GBPStG03Tmpb3pp-RnvPlo6rLfwya2znc9eBybiKWKzpdMrPlvZlNoATc0JY17g\" \/>\n<meta property=\"article:modified_time\" content=\"2021-03-02T14:32:24+00:00\" \/>\n<meta property=\"og:image\" content=\"https:\/\/www.domaines-rollandeby.com\/wp-content\/uploads\/2018\/01\/bani\u00e8re-e1519116500547.png\" \/>\n\t<meta property=\"og:image:width\" content=\"1826\" \/>\n\t<meta property=\"og:image:height\" content=\"1109\" \/>\n\t<meta property=\"og:image:type\" content=\"image\/png\" \/>\n<meta name=\"twitter:card\" content=\"summary_large_image\" \/>\n<meta name=\"twitter:label1\" content=\"Estimated reading time\" \/>\n\t<meta name=\"twitter:data1\" content=\"11 minutes\" \/>\n<script type=\"application\/ld+json\" class=\"yoast-schema-graph\">{\"@context\":\"https:\/\/schema.org\",\"@graph\":[{\"@type\":\"WebPage\",\"@id\":\"https:\/\/www.domaines-rollandeby.com\/domaine\/\",\"url\":\"https:\/\/www.domaines-rollandeby.com\/domaine\/\",\"name\":\"[:fr]LE DOMAINE[:uk]THE DOMAIN[:] - DOMAINES ROLLAN DE BY\",\"isPartOf\":{\"@id\":\"https:\/\/www.domaines-rollandeby.com\/#website\"},\"datePublished\":\"2018-07-03T09:22:38+00:00\",\"dateModified\":\"2021-03-02T14:32:24+00:00\",\"breadcrumb\":{\"@id\":\"https:\/\/www.domaines-rollandeby.com\/domaine\/#breadcrumb\"},\"inLanguage\":\"UK\",\"potentialAction\":[{\"@type\":\"ReadAction\",\"target\":[\"https:\/\/www.domaines-rollandeby.com\/domaine\/\"]}]},{\"@type\":\"BreadcrumbList\",\"@id\":\"https:\/\/www.domaines-rollandeby.com\/domaine\/#breadcrumb\",\"itemListElement\":[{\"@type\":\"ListItem\",\"position\":1,\"name\":\"Accueil\",\"item\":\"https:\/\/www.domaines-rollandeby.com\/\"},{\"@type\":\"ListItem\",\"position\":2,\"name\":\"LE DOMAINE\"}]},{\"@type\":\"WebSite\",\"@id\":\"https:\/\/www.domaines-rollandeby.com\/#website\",\"url\":\"https:\/\/www.domaines-rollandeby.com\/\",\"name\":\"DOMAINES ROLLAN DE BY\",\"description\":\"\",\"potentialAction\":[{\"@type\":\"SearchAction\",\"target\":{\"@type\":\"EntryPoint\",\"urlTemplate\":\"https:\/\/www.domaines-rollandeby.com\/?s={search_term_string}\"},\"query-input\":\"required name=search_term_string\"}],\"inLanguage\":\"UK\"}]}<\/script>\n<!-- \/ Yoast SEO plugin. -->","yoast_head_json":{"title":"THE DOMAIN - DOMAINES ROLLAN DE BY","robots":{"index":"index","follow":"follow","max-snippet":"max-snippet:-1","max-image-preview":"max-image-preview:large","max-video-preview":"max-video-preview:-1"},"canonical":"https:\/\/www.domaines-rollandeby.com\/domaine\/","og_locale":"en_GB","og_type":"article","og_title":"[:fr]LE DOMAINE[:uk]THE DOMAIN[:] - DOMAINES ROLLAN DE BY","og_description":"[vc_row equal_height=&#8221;yes&#8221; content_placement=&#8221;middle&#8221; css=&#8221;.vc_custom_1519299225898{margin-top: 10% !important;padding-top: 0px !important;padding-bottom: 0px !important;}&#8221;][vc_column css=&#8221;.vc_custom_1515576826073{margin-top: 0px !important;margin-right: 0px !important;margin-bottom: 0px !important;margin-left: 0px !important;padding-top: 0px !important;padding-right: 0px !important;padding-bottom: 0px !important;padding-left: 0px !important;}&#8221; offset=&#8221;vc_col-lg-6 vc_col-md-6&#8243;][vc_single_image image=&#8221;1649&#8243; img_size=&#8221;full&#8221; css=&#8221;.vc_custom_1519309870841{margin-top: 0px !important;margin-bottom: 0px !important;}&#8221;][\/vc_column][vc_column css=&#8221;.vc_custom_1519661665736{padding-top: 50px !important;padding-right: 10% !important;padding-bottom: 10% !important;padding-left: 10% !important;background-color: #f1f1f1 !important;}&#8221; offset=&#8221;vc_col-lg-6 vc_col-md-6&#8243;][vc_column_text css=&#8221;.vc_custom_1529498842149{margin-top: 0px !important;margin-bottom: 0px !important;padding-top: 0px Read More","og_url":"https:\/\/www.domaines-rollandeby.com\/domaine\/","og_site_name":"DOMAINES ROLLAN DE BY","article_publisher":"https:\/\/www.facebook.com\/domainesrollandeby\/?__tn__=kC-R&amp%3bamp%3bamp%3beid=ARAgA6TgDqSwr7NoQbkfqnJ0EQOgeEWg-sQO-_vkq7fBbc8GUnYuKCepEzMg5HFwY6gCl8YUdzWB1ZKr&amp%3bamp%3bamp%3bhc_ref=ARS8wHqZWyd6NwbZkgXGzGcJMAKj4wCTsOxKtCh8OjgGf63l5aY17r8zLlSMAGVzqI8&amp%3bamp%3bamp%3bfref=nf&amp%3bamp%3bamp%3b__xts__%5b0%5d=68.ARB75Jgi01urwJfdModN7T7EbYtMsJ3xWkszX2ePWNo3YD7qRs7PbkD-w7ameIrq_OLAGZfenUvEAp3SWFfDq8RQ7yApE_Fhnir0reZIJYDbuE2gK6WexQ-GBPStG03Tmpb3pp-RnvPlo6rLfwya2znc9eBybiKWKzpdMrPlvZlNoATc0JY17g","article_modified_time":"2021-03-02T14:32:24+00:00","og_image":[{"width":1826,"height":1109,"url":"https:\/\/www.domaines-rollandeby.com\/wp-content\/uploads\/2018\/01\/bani\u00e8re-e1519116500547.png","type":"image\/png"}],"twitter_card":"summary_large_image","twitter_misc":{"Estimated reading time":"11 minutes"},"schema":{"@context":"https:\/\/schema.org","@graph":[{"@type":"WebPage","@id":"https:\/\/www.domaines-rollandeby.com\/domaine\/","url":"https:\/\/www.domaines-rollandeby.com\/domaine\/","name":"[:fr]LE DOMAINE[:uk]THE DOMAIN[:] - DOMAINES ROLLAN DE BY","isPartOf":{"@id":"https:\/\/www.domaines-rollandeby.com\/#website"},"datePublished":"2018-07-03T09:22:38+00:00","dateModified":"2021-03-02T14:32:24+00:00","breadcrumb":{"@id":"https:\/\/www.domaines-rollandeby.com\/domaine\/#breadcrumb"},"inLanguage":"UK","potentialAction":[{"@type":"ReadAction","target":["https:\/\/www.domaines-rollandeby.com\/domaine\/"]}]},{"@type":"BreadcrumbList","@id":"https:\/\/www.domaines-rollandeby.com\/domaine\/#breadcrumb","itemListElement":[{"@type":"ListItem","position":1,"name":"Accueil","item":"https:\/\/www.domaines-rollandeby.com\/"},{"@type":"ListItem","position":2,"name":"LE DOMAINE"}]},{"@type":"WebSite","@id":"https:\/\/www.domaines-rollandeby.com\/#website","url":"https:\/\/www.domaines-rollandeby.com\/","name":"DOMAINES ROLLAN DE BY","description":"","potentialAction":[{"@type":"SearchAction","target":{"@type":"EntryPoint","urlTemplate":"https:\/\/www.domaines-rollandeby.com\/?s={search_term_string}"},"query-input":"required name=search_term_string"}],"inLanguage":"UK"}]}},"_links":{"self":[{"href":"https:\/\/www.domaines-rollandeby.com\/uk\/wp-json\/wp\/v2\/pages\/4421"}],"collection":[{"href":"https:\/\/www.domaines-rollandeby.com\/uk\/wp-json\/wp\/v2\/pages"}],"about":[{"href":"https:\/\/www.domaines-rollandeby.com\/uk\/wp-json\/wp\/v2\/types\/page"}],"author":[{"embeddable":true,"href":"https:\/\/www.domaines-rollandeby.com\/uk\/wp-json\/wp\/v2\/users\/5"}],"replies":[{"embeddable":true,"href":"https:\/\/www.domaines-rollandeby.com\/uk\/wp-json\/wp\/v2\/comments?post=4421"}],"version-history":[{"count":0,"href":"https:\/\/www.domaines-rollandeby.com\/uk\/wp-json\/wp\/v2\/pages\/4421\/revisions"}],"wp:featuredmedia":[{"embeddable":true,"href":"https:\/\/www.domaines-rollandeby.com\/uk\/wp-json\/wp\/v2\/media\/1258"}],"wp:attachment":[{"href":"https:\/\/www.domaines-rollandeby.com\/uk\/wp-json\/wp\/v2\/media?parent=4421"}],"curies":[{"name":"wp","href":"https:\/\/api.w.org\/{rel}","templated":true}]}}