{"id":47336,"date":"2022-07-11T12:37:35","date_gmt":"2022-07-11T10:37:35","guid":{"rendered":"https:\/\/www.domaines-rollandeby.com\/?page_id=47336"},"modified":"2022-07-11T17:42:38","modified_gmt":"2022-07-11T15:42:38","slug":"wine-club","status":"publish","type":"page","link":"https:\/\/www.domaines-rollandeby.com\/uk\/wine-club\/","title":{"rendered":"Wine Club"},"content":{"rendered":"<p>[vc_row css=&#8221;.vc_custom_1657536241287{margin-top: 10% !important;padding-top: 0px !important;padding-bottom: 0px !important;background-color: #f1f1f1 !important;}&#8221;][vc_column width=&#8221;1\/2&#8243; css=&#8221;.vc_custom_1657535573913{padding-right: 0px !important;padding-left: 0px !important;}&#8221;][vc_single_image image=&#8221;47370&#8243; img_size=&#8221;full&#8221; css=&#8221;.vc_custom_1657535543352{padding-right: 0px !important;padding-left: 0px !important;}&#8221;][\/vc_column][vc_column width=&#8221;1\/2&#8243; css=&#8221;.vc_custom_1657534524492{padding-top: 50px !important;padding-right: 10% !important;padding-bottom: 10% !important;padding-left: 10% !important;}&#8221;]\n\t<div class=\"title-subtitle-box \" style=\" text-align: left;\">\n\t\t<h1 style=\" color:#b0976d;  font-weight: normal;\" >Le Club<\/h1>\n\t<\/div> [vc_column_text]<\/p>\n<p class=\"p1\"><span class=\"s1\">Nous avons con\u00e7u ce\u00a0Club\u00a0de vin unique \u00e0 Bordeaux, regroupant des connaisseurs ou novices de tout le territoire d\u00e9sireux de d\u00e9couvrir nos vins et notre univers tout en profitant d&#8217;avantages exceptionnels!<\/span><\/p>\n<h3 class=\"p1\"><span class=\"s1\" style=\"color: #b0976d;\">Devenir membre<\/span><\/h3>\n<p class=\"p1\"><span class=\"s1\">L&#8217;adh\u00e9sion au\u00a0Wine\u00a0Club\u00a0se fait automatiquement \u00e0 partir d&#8217;un achat de 24 bouteilles sur notre boutique.<\/span><\/p>\n<p class=\"p1\"><span class=\"s1\">Un courrier de bienvenue vous sera alors adress\u00e9. Il contiendra votre code unique et le planning des Master Classes.<\/span><\/p>\n<p class=\"p1\"><span class=\"s1\">Le code unique vous donnera acc\u00e8s aux avantages\u00a0Wine\u00a0Club\u00a0sur la boutique.<\/span><\/p>\n<p>[\/vc_column_text][\/vc_column][\/vc_row][vc_row css=&#8221;.vc_custom_1657536250463{margin-bottom: 10% !important;padding-top: 0px !important;padding-bottom: 0px !important;background-color: #f1f1f1 !important;}&#8221;][vc_column width=&#8221;1\/2&#8243; css=&#8221;.vc_custom_1657534524492{padding-top: 50px !important;padding-right: 10% !important;padding-bottom: 10% !important;padding-left: 10% !important;}&#8221;][vc_column_text]<\/p>\n<h3 class=\"p4\"><span style=\"color: #b0976d;\">Les avantages membre<\/span><\/h3>\n<ul>\n<li class=\"p1\"><span class=\"s1\">10% de r\u00e9duction sur tout achat sur notre boutique (hors offre promotionnelle)<\/span><\/li>\n<li class=\"p1\"><span class=\"s1\">20% de r\u00e9duction sur les r\u00e9servations d\u2019h\u00e9bergement \u00e0 l&#8217;h\u00f4tel Rollan de By<\/span><\/li>\n<li class=\"p1\"><span class=\"s1\">Une offre privil\u00e9gi\u00e9e d&#8217;anniversaire<\/span><\/li>\n<li class=\"p1\"><span class=\"s1\">Visites et d\u00e9gustations offertes \u00e0 la propri\u00e9t\u00e9 jusqu&#8217;\u00e0 6 personnes<\/span><\/li>\n<li class=\"p1\"><span class=\"s1\">Acc\u00e8s gratuit aux Master Classes de Bordeaux ou Paris<\/span><\/li>\n<\/ul>\n<p>[\/vc_column_text][vc_btn title=&#8221;Aller \u00e0 la boutique&#8221; style=&#8221;classic&#8221; shape=&#8221;square&#8221; color=&#8221;black&#8221; align=&#8221;center&#8221; link=&#8221;url:https%3A%2F%2Fwww.domaines-rollandeby.com%2Fla-boutique%2F|title:LA%20BOUTIQUE&#8221; css=&#8221;.vc_custom_1657535986569{margin-top: 50px !important;}&#8221;][\/vc_column][vc_column width=&#8221;1\/2&#8243; css=&#8221;.vc_custom_1657535580569{padding-right: 0px !important;padding-left: 0px !important;}&#8221;][vc_single_image image=&#8221;47371&#8243; img_size=&#8221;full&#8221; css=&#8221;.vc_custom_1657535549048{padding-right: 0px !important;padding-left: 0px !important;}&#8221;][\/vc_column][\/vc_row]<\/p>\n","protected":false},"excerpt":{"rendered":"<p>[vc_row css=&#8221;.vc_custom_1657536241287{margin-top: 10% !important;padding-top: 0px !important;padding-bottom: 0px !important;background-color: #f1f1f1 !important;}&#8221;][vc_column width=&#8221;1\/2&#8243; css=&#8221;.vc_custom_1657535573913{padding-right: 0px !important;padding-left: 0px !important;}&#8221;][vc_single_image image=&#8221;47370&#8243; img_size=&#8221;full&#8221; css=&#8221;.vc_custom_1657535543352{padding-right: 0px !important;padding-left: 0px !important;}&#8221;][\/vc_column][vc_column width=&#8221;1\/2&#8243; css=&#8221;.vc_custom_1657534524492{padding-top: 50px !important;padding-right: 10% !important;padding-bottom: 10% !important;padding-left: 10% !important;}&#8221;][vc_column_text] Nous avons con\u00e7u ce\u00a0Club\u00a0de vin unique \u00e0 Bordeaux, regroupant des connaisseurs ou novices de tout le territoire d\u00e9sireux de d\u00e9couvrir nos vins<br class=\"read-more-spacer\"> <a class=\"more-link\" href=\"https:\/\/www.domaines-rollandeby.com\/uk\/wine-club\/\">Read More<\/a><\/p>\n","protected":false},"author":5,"featured_media":0,"parent":0,"menu_order":0,"comment_status":"closed","ping_status":"closed","template":"","meta":[],"yoast_head":"<!-- This site is optimized with the Yoast SEO plugin v20.0 - https:\/\/yoast.com\/wordpress\/plugins\/seo\/ -->\n<title>Wine Club - DOMAINES ROLLAN DE BY<\/title>\n<meta name=\"robots\" content=\"index, follow, max-snippet:-1, max-image-preview:large, max-video-preview:-1\" \/>\n<link rel=\"canonical\" href=\"https:\/\/www.domaines-rollandeby.com\/wine-club\/\" \/>\n<meta property=\"og:locale\" content=\"en_GB\" \/>\n<meta property=\"og:type\" content=\"article\" \/>\n<meta property=\"og:title\" content=\"Wine Club\" \/>\n<meta property=\"og:description\" content=\"[vc_row css=&#8221;.vc_custom_1657536241287{margin-top: 10% !important;padding-top: 0px !important;padding-bottom: 0px !important;background-color: #f1f1f1 !important;}&#8221;][vc_column width=&#8221;1\/2&#8243; css=&#8221;.vc_custom_1657535573913{padding-right: 0px !important;padding-left: 0px !important;}&#8221;][vc_single_image image=&#8221;47370&#8243; img_size=&#8221;full&#8221; css=&#8221;.vc_custom_1657535543352{padding-right: 0px !important;padding-left: 0px !important;}&#8221;][\/vc_column][vc_column width=&#8221;1\/2&#8243; css=&#8221;.vc_custom_1657534524492{padding-top: 50px !important;padding-right: 10% !important;padding-bottom: 10% !important;padding-left: 10% !important;}&#8221;][vc_column_text] Nous avons con\u00e7u ce\u00a0Club\u00a0de vin unique \u00e0 Bordeaux, regroupant des connaisseurs ou novices de tout le territoire d\u00e9sireux de d\u00e9couvrir nos vins Read More\" \/>\n<meta property=\"og:url\" content=\"https:\/\/www.domaines-rollandeby.com\/wine-club\/\" \/>\n<meta property=\"og:site_name\" content=\"DOMAINES ROLLAN DE BY\" \/>\n<meta property=\"article:publisher\" content=\"https:\/\/www.facebook.com\/domainesrollandeby\/?__tn__=kC-R&amp;amp%3bamp%3bamp%3beid=ARAgA6TgDqSwr7NoQbkfqnJ0EQOgeEWg-sQO-_vkq7fBbc8GUnYuKCepEzMg5HFwY6gCl8YUdzWB1ZKr&amp;amp%3bamp%3bamp%3bhc_ref=ARS8wHqZWyd6NwbZkgXGzGcJMAKj4wCTsOxKtCh8OjgGf63l5aY17r8zLlSMAGVzqI8&amp;amp%3bamp%3bamp%3bfref=nf&amp;amp%3bamp%3bamp%3b__xts__%5b0%5d=68.ARB75Jgi01urwJfdModN7T7EbYtMsJ3xWkszX2ePWNo3YD7qRs7PbkD-w7ameIrq_OLAGZfenUvEAp3SWFfDq8RQ7yApE_Fhnir0reZIJYDbuE2gK6WexQ-GBPStG03Tmpb3pp-RnvPlo6rLfwya2znc9eBybiKWKzpdMrPlvZlNoATc0JY17g\" \/>\n<meta property=\"article:modified_time\" content=\"2022-07-11T15:42:38+00:00\" \/>\n<meta name=\"twitter:card\" content=\"summary_large_image\" \/>\n<meta name=\"twitter:label1\" content=\"Estimated reading time\" \/>\n\t<meta name=\"twitter:data1\" content=\"2 minutes\" \/>\n<script type=\"application\/ld+json\" class=\"yoast-schema-graph\">{\"@context\":\"https:\/\/schema.org\",\"@graph\":[{\"@type\":\"WebPage\",\"@id\":\"https:\/\/www.domaines-rollandeby.com\/wine-club\/\",\"url\":\"https:\/\/www.domaines-rollandeby.com\/wine-club\/\",\"name\":\"[:fr]Wine Club[:] - DOMAINES ROLLAN DE BY\",\"isPartOf\":{\"@id\":\"https:\/\/www.domaines-rollandeby.com\/#website\"},\"datePublished\":\"2022-07-11T10:37:35+00:00\",\"dateModified\":\"2022-07-11T15:42:38+00:00\",\"breadcrumb\":{\"@id\":\"https:\/\/www.domaines-rollandeby.com\/wine-club\/#breadcrumb\"},\"inLanguage\":\"UK\",\"potentialAction\":[{\"@type\":\"ReadAction\",\"target\":[\"https:\/\/www.domaines-rollandeby.com\/wine-club\/\"]}]},{\"@type\":\"BreadcrumbList\",\"@id\":\"https:\/\/www.domaines-rollandeby.com\/wine-club\/#breadcrumb\",\"itemListElement\":[{\"@type\":\"ListItem\",\"position\":1,\"name\":\"Accueil\",\"item\":\"https:\/\/www.domaines-rollandeby.com\/\"},{\"@type\":\"ListItem\",\"position\":2,\"name\":\"Wine Club\"}]},{\"@type\":\"WebSite\",\"@id\":\"https:\/\/www.domaines-rollandeby.com\/#website\",\"url\":\"https:\/\/www.domaines-rollandeby.com\/\",\"name\":\"DOMAINES ROLLAN DE BY\",\"description\":\"\",\"potentialAction\":[{\"@type\":\"SearchAction\",\"target\":{\"@type\":\"EntryPoint\",\"urlTemplate\":\"https:\/\/www.domaines-rollandeby.com\/?s={search_term_string}\"},\"query-input\":\"required name=search_term_string\"}],\"inLanguage\":\"UK\"}]}<\/script>\n<!-- \/ Yoast SEO plugin. -->","yoast_head_json":{"title":"Wine Club - DOMAINES ROLLAN DE BY","robots":{"index":"index","follow":"follow","max-snippet":"max-snippet:-1","max-image-preview":"max-image-preview:large","max-video-preview":"max-video-preview:-1"},"canonical":"https:\/\/www.domaines-rollandeby.com\/wine-club\/","og_locale":"en_GB","og_type":"article","og_title":"[:fr]Wine Club[:] - DOMAINES ROLLAN DE BY","og_description":"[vc_row css=&#8221;.vc_custom_1657536241287{margin-top: 10% !important;padding-top: 0px !important;padding-bottom: 0px !important;background-color: #f1f1f1 !important;}&#8221;][vc_column width=&#8221;1\/2&#8243; css=&#8221;.vc_custom_1657535573913{padding-right: 0px !important;padding-left: 0px !important;}&#8221;][vc_single_image image=&#8221;47370&#8243; img_size=&#8221;full&#8221; css=&#8221;.vc_custom_1657535543352{padding-right: 0px !important;padding-left: 0px !important;}&#8221;][\/vc_column][vc_column width=&#8221;1\/2&#8243; css=&#8221;.vc_custom_1657534524492{padding-top: 50px !important;padding-right: 10% !important;padding-bottom: 10% !important;padding-left: 10% !important;}&#8221;][vc_column_text] Nous avons con\u00e7u ce\u00a0Club\u00a0de vin unique \u00e0 Bordeaux, regroupant des connaisseurs ou novices de tout le territoire d\u00e9sireux de d\u00e9couvrir nos vins Read More","og_url":"https:\/\/www.domaines-rollandeby.com\/wine-club\/","og_site_name":"DOMAINES ROLLAN DE BY","article_publisher":"https:\/\/www.facebook.com\/domainesrollandeby\/?__tn__=kC-R&amp%3bamp%3bamp%3beid=ARAgA6TgDqSwr7NoQbkfqnJ0EQOgeEWg-sQO-_vkq7fBbc8GUnYuKCepEzMg5HFwY6gCl8YUdzWB1ZKr&amp%3bamp%3bamp%3bhc_ref=ARS8wHqZWyd6NwbZkgXGzGcJMAKj4wCTsOxKtCh8OjgGf63l5aY17r8zLlSMAGVzqI8&amp%3bamp%3bamp%3bfref=nf&amp%3bamp%3bamp%3b__xts__%5b0%5d=68.ARB75Jgi01urwJfdModN7T7EbYtMsJ3xWkszX2ePWNo3YD7qRs7PbkD-w7ameIrq_OLAGZfenUvEAp3SWFfDq8RQ7yApE_Fhnir0reZIJYDbuE2gK6WexQ-GBPStG03Tmpb3pp-RnvPlo6rLfwya2znc9eBybiKWKzpdMrPlvZlNoATc0JY17g","article_modified_time":"2022-07-11T15:42:38+00:00","twitter_card":"summary_large_image","twitter_misc":{"Estimated reading time":"2 minutes"},"schema":{"@context":"https:\/\/schema.org","@graph":[{"@type":"WebPage","@id":"https:\/\/www.domaines-rollandeby.com\/wine-club\/","url":"https:\/\/www.domaines-rollandeby.com\/wine-club\/","name":"[:fr]Wine Club[:] - DOMAINES ROLLAN DE BY","isPartOf":{"@id":"https:\/\/www.domaines-rollandeby.com\/#website"},"datePublished":"2022-07-11T10:37:35+00:00","dateModified":"2022-07-11T15:42:38+00:00","breadcrumb":{"@id":"https:\/\/www.domaines-rollandeby.com\/wine-club\/#breadcrumb"},"inLanguage":"UK","potentialAction":[{"@type":"ReadAction","target":["https:\/\/www.domaines-rollandeby.com\/wine-club\/"]}]},{"@type":"BreadcrumbList","@id":"https:\/\/www.domaines-rollandeby.com\/wine-club\/#breadcrumb","itemListElement":[{"@type":"ListItem","position":1,"name":"Accueil","item":"https:\/\/www.domaines-rollandeby.com\/"},{"@type":"ListItem","position":2,"name":"Wine Club"}]},{"@type":"WebSite","@id":"https:\/\/www.domaines-rollandeby.com\/#website","url":"https:\/\/www.domaines-rollandeby.com\/","name":"DOMAINES ROLLAN DE BY","description":"","potentialAction":[{"@type":"SearchAction","target":{"@type":"EntryPoint","urlTemplate":"https:\/\/www.domaines-rollandeby.com\/?s={search_term_string}"},"query-input":"required name=search_term_string"}],"inLanguage":"UK"}]}},"_links":{"self":[{"href":"https:\/\/www.domaines-rollandeby.com\/uk\/wp-json\/wp\/v2\/pages\/47336"}],"collection":[{"href":"https:\/\/www.domaines-rollandeby.com\/uk\/wp-json\/wp\/v2\/pages"}],"about":[{"href":"https:\/\/www.domaines-rollandeby.com\/uk\/wp-json\/wp\/v2\/types\/page"}],"author":[{"embeddable":true,"href":"https:\/\/www.domaines-rollandeby.com\/uk\/wp-json\/wp\/v2\/users\/5"}],"replies":[{"embeddable":true,"href":"https:\/\/www.domaines-rollandeby.com\/uk\/wp-json\/wp\/v2\/comments?post=47336"}],"version-history":[{"count":0,"href":"https:\/\/www.domaines-rollandeby.com\/uk\/wp-json\/wp\/v2\/pages\/47336\/revisions"}],"wp:attachment":[{"href":"https:\/\/www.domaines-rollandeby.com\/uk\/wp-json\/wp\/v2\/media?parent=47336"}],"curies":[{"name":"wp","href":"https:\/\/api.w.org\/{rel}","templated":true}]}}