{"id":4738,"date":"2018-07-16T16:59:47","date_gmt":"2018-07-16T14:59:47","guid":{"rendered":"https:\/\/www.domaines-rollandeby.com\/?page_id=4738"},"modified":"2022-03-11T11:14:41","modified_gmt":"2022-03-11T10:14:41","slug":"chateau-haut-condissas","status":"publish","type":"page","link":"https:\/\/www.domaines-rollandeby.com\/uk\/chateau-haut-condissas\/","title":{"rendered":"CHATEAU HAUT CONDISSAS"},"content":{"rendered":"<p>[vc_row full_width=&#8221;stretch_row&#8221; css=&#8221;.vc_custom_1532510147594{background: #f4f4f4 url(https:\/\/www.domaines-rollandeby.com\/wp-content\/uploads\/2018\/07\/Vignoble.png?id=4848) !important;background-position: center !important;background-repeat: no-repeat !important;background-size: cover !important;}&#8221;][vc_column][vc_row_inner css=&#8221;.vc_custom_1532511985365{padding-right: 30px !important;padding-left: 30px !important;background-color: #ffffff !important;}&#8221;][vc_column_inner width=&#8221;1\/2&#8243; css=&#8221;.vc_custom_1532512705878{padding-top: 15% !important;}&#8221;][vc_single_image image=&#8221;3768&#8243; img_size=&#8221;full&#8221; alignment=&#8221;center&#8221;][\/vc_column_inner][vc_column_inner width=&#8221;1\/2&#8243; css=&#8221;.vc_custom_1532512156515{margin-top: 30px !important;margin-right: 30px !important;margin-bottom: 30px !important;padding-top: 30px !important;padding-right: 30px !important;padding-bottom: 30px !important;padding-left: 30px !important;background-color: #ffffff !important;}&#8221;]\n\t<div class=\"title-subtitle-box \" style=\" margin-bottom:20px; text-align: left;\">\n\t\t<h3 style=\" font-weight: normal;\" >The Chateau Haut Condissas<\/h3>\n\t<\/div> [vc_separator][vc_column_text]<\/p>\n<p style=\"text-align: justify;\">Situated in the heart of the plateau de By (North of the Medoc), Chateau Haut Condissas is like no other. It all started with 3 ha of vines in 1995 to grow over the years to 15ha thanks to a meticulous selection of the best plots of the Domaines Rollan de By vineyards. Chosen for their exceptional characteristics and exposition; owner Jean Guyon takes pride in managing them with love, passion, precision and rigor. Some they it is a garden who produces wines of outstanding quality.<\/p>\n<p>[\/vc_column_text]\n\t<div class=\"title-subtitle-box \" style=\" margin-bottom:20px; text-align: left;\">\n\t\t<h3 style=\" font-weight: normal;\" >Awards<\/h3>\n\t<\/div> [vc_separator][vc_tta_tabs style=&#8221;outline&#8221; shape=&#8221;square&#8221; color=&#8221;black&#8221; spacing=&#8221;&#8221; active_section=&#8221;1&#8243; no_fill_content_area=&#8221;true&#8221; el_class=&#8221;rdb-tabs&#8221; css=&#8221;.vc_custom_1531756831816{padding-top: 30px !important;padding-bottom: 30px !important;}&#8221;][vc_tta_section title=&#8221;2017&#8243; tab_id=&#8221;1525254688019-9f7e9e5c-adb5bd73-9c46&#8243;]\n\t<div class=\"gg_list list_style_line  \">\n<ul>\n<li>16.5\/20, En Magnum, Bettane &#038; Desseauve<\/li>\n<\/ul>\n<\/div>[\/vc_tta_section][vc_tta_section title=&#8221;2016&#8243; tab_id=&#8221;chateau-haut-condissas-2016bd73-9c46&#8243;]\n\t<div class=\"gg_list list_style_line  vc_custom_1528366618128\">\n<ul>\n<li>94\/100, En Magnum, Bettane &#038; Desseauve<\/li>\n<li>90-91\/100, James Suckling<\/li>\n<li>16.5+\/20, Jancis Robinson<\/li>\n<\/ul>\n<\/div>[\/vc_tta_section][vc_tta_section title=&#8221;2015&#8243; tab_id=&#8221;chateau-haut-condissas-2015bd73-9c46&#8243;]\n\t<div class=\"gg_list list_style_line  vc_custom_1528366582951\">\n<ul>\n<li>94\/100, 100% Blind, Andreas Larsson<\/li>\n<li>91-93\/100, Falstaff Magazin<\/li>\n<li>91-92\/100, James Suckling<\/li>\n<li>90-92\/100, Robert Parker &#8211; Neal Martin<\/li>\n<li>90\/100, Markus Del Monego<\/li>\n<li>17\/20, La Revue du vin de France<\/li>\n<li>17\/20, Weinwisser, Ren\u00e9 Gabriel<\/li>\n<\/ul>\n<\/div>[\/vc_tta_section][vc_tta_section title=&#8221;2014&#8243; tab_id=&#8221;chateau-haut-condissas-2014bd73-9c46&#8243;]\n\t<div class=\"gg_list list_style_line list_border_bottom vc_custom_1522244733034\">\n<ul>\n<li>M\u00e9daille d&#8217;or, Concours G\u00e9n\u00e9ral Agricole Paris 2016<\/li>\n<\/ul>\n<\/div>[\/vc_tta_section][vc_tta_section title=&#8221;2013&#8243; tab_id=&#8221;chateau-haut-condissas-2013bd73-9c46&#8243;]\n\t<div class=\"gg_list list_style_line  vc_custom_1528366993886\">\n<ul>\n<li>90\/100, Jacques Perrin<\/li>\n<li>90\/100, Markus Del Monego<\/li>\n<li>17\/20, WeinWisser, Ren\u00e9 Gabriel<\/li>\n<\/ul>\n<\/div>[\/vc_tta_section][vc_tta_section title=&#8221;2012&#8243; tab_id=&#8221;chateau-haut-condissas-2012bd73-9c46&#8243;]\n\t<div class=\"gg_list list_style_line  \">\n<ul>\n<li>93\/100, Markus Del Monego<\/li>\n<li>93\/100, Andreas Larsson<\/li>\n<li>91-100, Vinous, Antonio Galloni<\/li>\n<li>91\/100, Jacques Perrin<\/li>\n<li>90\/100, Grand Jury Europ\u00e9en<\/li>\n<li>16.5\/20, Jancis Robinson<\/li>\n<li>1 \u00e9toile, Guide Hachette des vins 2016<\/li>\n<\/ul>\n<\/div>[\/vc_tta_section][vc_tta_section title=&#8221;2011&#8243; tab_id=&#8221;chateau-haut-condissas-2011bd73-9c46&#8243;]\n\t<div class=\"gg_list list_style_line  \">\n<ul>\n<li>91\/100, Wine Spectator, James Molesworth<\/li>\n<li>90\/100, James Suckling<\/li>\n<li>17.5\/20, Gault &#038; Millau<\/li>\n<li>17\/20, Bettane &#038; Desseauve<\/li>\n<li>M\u00e9daille d&#8217;or, Concours Mondial de Bruxelles 2015<\/li>\n<li>M\u00e9daille d&#8217;or, Decanter World Wine Awards 2015<\/li>\n<\/ul>\n<\/div>[\/vc_tta_section][vc_tta_section title=&#8221;2010&#8243; tab_id=&#8221;chateau-haut-condissas-2010bd73-9c46&#8243;]\n\t<div class=\"gg_list list_style_line  vc_custom_1528367174965\">\n<ul>\n<li>92\/100, James Suckling<\/li>\n<li>91\/100, Wine Spectator, James Molesworth<\/li>\n<li>91\/100,Wine Advocate, Robert Parker<\/li>\n<li>19\/20, Weinwisser, Ren\u00e9 Gabriel<\/li>\n<li>17.5\/20, La Revue du vin de France<\/li>\n<\/ul>\n<\/div>[\/vc_tta_section][vc_tta_section title=&#8221;2009&#8243; tab_id=&#8221;chateau-haut-condissas-2009&#8243;]\n\t<div class=\"gg_list list_style_line  vc_custom_1532524949837\">\n<ul>\n<li class=\"p1\"><span class=\"s1\">96\/100, Andreas Larsson<br \/>\n<\/span><\/li>\n<li class=\"p1\"><span class=\"s1\">93\/100, Robert Parker &#8211;\u00a0<\/span>WS<\/li>\n<li class=\"p1\">91\/100, Grand Jury Europ\u00e9en<\/li>\n<li class=\"p1\">90-92\/100, Jacques Perrin<\/li>\n<li class=\"p1\">90\/100, WS<\/li>\n<li class=\"p1\">18\/20, Weinwisser<\/li>\n<li class=\"p1\"><span class=\"s1\">17\/20, Decanter<\/span><\/li>\n<li class=\"p1\">16\/20, Jancis Robinson<\/li>\n<li class=\"p1\">M\u00e9daille d&#8217;or,\u00a0S\u00e9lections Mondiales des Vins Canada<\/li>\n<\/ul>\n<\/div>[\/vc_tta_section][vc_tta_section title=&#8221;2008&#8243; tab_id=&#8221;chateau-haut-condissas-2008bd73-9c46&#8243;]\n\t<div class=\"gg_list list_style_line  vc_custom_1528367220286\">\n<ul>\n<li>96\/100, Andreas Larsson<\/li>\n<li>91\/100, Grand Jury Europ\u00e9en<\/li>\n<li>90-92\/100, Jacques Perrin<\/li>\n<li>18\/20, Wein Wisser, Ren\u00e9 Gabriel<\/li>\n<\/ul>\n<\/div>[\/vc_tta_section][\/vc_tta_tabs][\/vc_column_inner][\/vc_row_inner][\/vc_column][\/vc_row]<\/p>\n","protected":false},"excerpt":{"rendered":"<p>[vc_row full_width=&#8221;stretch_row&#8221; css=&#8221;.vc_custom_1532510147594{background: #f4f4f4 url(https:\/\/www.domaines-rollandeby.com\/wp-content\/uploads\/2018\/07\/Vignoble.png?id=4848) !important;background-position: center !important;background-repeat: no-repeat !important;background-size: cover !important;}&#8221;][vc_column][vc_row_inner css=&#8221;.vc_custom_1532511985365{padding-right: 30px !important;padding-left: 30px !important;background-color: #ffffff !important;}&#8221;][vc_column_inner width=&#8221;1\/2&#8243; css=&#8221;.vc_custom_1532512705878{padding-top: 15% !important;}&#8221;][vc_single_image image=&#8221;3768&#8243; img_size=&#8221;full&#8221; alignment=&#8221;center&#8221;][\/vc_column_inner][vc_column_inner width=&#8221;1\/2&#8243; css=&#8221;.vc_custom_1532512156515{margin-top: 30px !important;margin-right: 30px !important;margin-bottom: 30px !important;padding-top: 30px !important;padding-right: 30px !important;padding-bottom: 30px !important;padding-left: 30px !important;background-color: #ffffff !important;}&#8221;][vc_separator][vc_column_text] Situated in the heart of the plateau de By (North of<br class=\"read-more-spacer\"> <a class=\"more-link\" href=\"https:\/\/www.domaines-rollandeby.com\/uk\/chateau-haut-condissas\/\">Read More<\/a><\/p>\n","protected":false},"author":5,"featured_media":0,"parent":0,"menu_order":0,"comment_status":"closed","ping_status":"closed","template":"","meta":[],"yoast_head":"<!-- This site is optimized with the Yoast SEO plugin v20.0 - https:\/\/yoast.com\/wordpress\/plugins\/seo\/ -->\n<title>CHATEAU HAUT CONDISSAS - DOMAINES ROLLAN DE BY<\/title>\n<meta name=\"robots\" content=\"index, follow, max-snippet:-1, max-image-preview:large, max-video-preview:-1\" \/>\n<link rel=\"canonical\" href=\"https:\/\/www.domaines-rollandeby.com\/chateau-haut-condissas\/\" \/>\n<meta property=\"og:locale\" content=\"en_GB\" \/>\n<meta property=\"og:type\" content=\"article\" \/>\n<meta property=\"og:title\" content=\"CHATEAU HAUT CONDISSAS\" \/>\n<meta property=\"og:description\" content=\"[vc_row full_width=&#8221;stretch_row&#8221; css=&#8221;.vc_custom_1532510147594{background: #f4f4f4 url(https:\/\/www.domaines-rollandeby.com\/wp-content\/uploads\/2018\/07\/Vignoble.png?id=4848) !important;background-position: center !important;background-repeat: no-repeat !important;background-size: cover !important;}&#8221;][vc_column][vc_row_inner css=&#8221;.vc_custom_1532511985365{padding-right: 30px !important;padding-left: 30px !important;background-color: #ffffff !important;}&#8221;][vc_column_inner width=&#8221;1\/2&#8243; css=&#8221;.vc_custom_1532512705878{padding-top: 15% !important;}&#8221;][vc_single_image image=&#8221;3768&#8243; img_size=&#8221;full&#8221; alignment=&#8221;center&#8221;][\/vc_column_inner][vc_column_inner width=&#8221;1\/2&#8243; css=&#8221;.vc_custom_1532512156515{margin-top: 30px !important;margin-right: 30px !important;margin-bottom: 30px !important;padding-top: 30px !important;padding-right: 30px !important;padding-bottom: 30px !important;padding-left: 30px !important;background-color: #ffffff !important;}&#8221;][vc_separator][vc_column_text] Situated in the heart of the plateau de By (North of Read More\" \/>\n<meta property=\"og:url\" content=\"https:\/\/www.domaines-rollandeby.com\/chateau-haut-condissas\/\" \/>\n<meta property=\"og:site_name\" content=\"DOMAINES ROLLAN DE BY\" \/>\n<meta property=\"article:publisher\" content=\"https:\/\/www.facebook.com\/domainesrollandeby\/?__tn__=kC-R&amp;amp%3bamp%3bamp%3beid=ARAgA6TgDqSwr7NoQbkfqnJ0EQOgeEWg-sQO-_vkq7fBbc8GUnYuKCepEzMg5HFwY6gCl8YUdzWB1ZKr&amp;amp%3bamp%3bamp%3bhc_ref=ARS8wHqZWyd6NwbZkgXGzGcJMAKj4wCTsOxKtCh8OjgGf63l5aY17r8zLlSMAGVzqI8&amp;amp%3bamp%3bamp%3bfref=nf&amp;amp%3bamp%3bamp%3b__xts__%5b0%5d=68.ARB75Jgi01urwJfdModN7T7EbYtMsJ3xWkszX2ePWNo3YD7qRs7PbkD-w7ameIrq_OLAGZfenUvEAp3SWFfDq8RQ7yApE_Fhnir0reZIJYDbuE2gK6WexQ-GBPStG03Tmpb3pp-RnvPlo6rLfwya2znc9eBybiKWKzpdMrPlvZlNoATc0JY17g\" \/>\n<meta property=\"article:modified_time\" content=\"2022-03-11T10:14:41+00:00\" \/>\n<meta name=\"twitter:card\" content=\"summary_large_image\" \/>\n<meta name=\"twitter:label1\" content=\"Estimated reading time\" \/>\n\t<meta name=\"twitter:data1\" content=\"8 minutes\" \/>\n<script type=\"application\/ld+json\" class=\"yoast-schema-graph\">{\"@context\":\"https:\/\/schema.org\",\"@graph\":[{\"@type\":\"WebPage\",\"@id\":\"https:\/\/www.domaines-rollandeby.com\/chateau-haut-condissas\/\",\"url\":\"https:\/\/www.domaines-rollandeby.com\/chateau-haut-condissas\/\",\"name\":\"[:fr]CH\u00c2TEAU HAUT CONDISSAS[:uk]CHATEAU HAUT CONDISSAS[:] - DOMAINES ROLLAN DE BY\",\"isPartOf\":{\"@id\":\"https:\/\/www.domaines-rollandeby.com\/#website\"},\"datePublished\":\"2018-07-16T14:59:47+00:00\",\"dateModified\":\"2022-03-11T10:14:41+00:00\",\"breadcrumb\":{\"@id\":\"https:\/\/www.domaines-rollandeby.com\/chateau-haut-condissas\/#breadcrumb\"},\"inLanguage\":\"UK\",\"potentialAction\":[{\"@type\":\"ReadAction\",\"target\":[\"https:\/\/www.domaines-rollandeby.com\/chateau-haut-condissas\/\"]}]},{\"@type\":\"BreadcrumbList\",\"@id\":\"https:\/\/www.domaines-rollandeby.com\/chateau-haut-condissas\/#breadcrumb\",\"itemListElement\":[{\"@type\":\"ListItem\",\"position\":1,\"name\":\"Accueil\",\"item\":\"https:\/\/www.domaines-rollandeby.com\/\"},{\"@type\":\"ListItem\",\"position\":2,\"name\":\"CH\u00c2TEAU HAUT CONDISSAS\"}]},{\"@type\":\"WebSite\",\"@id\":\"https:\/\/www.domaines-rollandeby.com\/#website\",\"url\":\"https:\/\/www.domaines-rollandeby.com\/\",\"name\":\"DOMAINES ROLLAN DE BY\",\"description\":\"\",\"potentialAction\":[{\"@type\":\"SearchAction\",\"target\":{\"@type\":\"EntryPoint\",\"urlTemplate\":\"https:\/\/www.domaines-rollandeby.com\/?s={search_term_string}\"},\"query-input\":\"required name=search_term_string\"}],\"inLanguage\":\"UK\"}]}<\/script>\n<!-- \/ Yoast SEO plugin. -->","yoast_head_json":{"title":"CHATEAU HAUT CONDISSAS - DOMAINES ROLLAN DE BY","robots":{"index":"index","follow":"follow","max-snippet":"max-snippet:-1","max-image-preview":"max-image-preview:large","max-video-preview":"max-video-preview:-1"},"canonical":"https:\/\/www.domaines-rollandeby.com\/chateau-haut-condissas\/","og_locale":"en_GB","og_type":"article","og_title":"[:fr]CH\u00c2TEAU HAUT CONDISSAS[:uk]CHATEAU HAUT CONDISSAS[:] - DOMAINES ROLLAN DE BY","og_description":"[vc_row full_width=&#8221;stretch_row&#8221; css=&#8221;.vc_custom_1532510147594{background: #f4f4f4 url(https:\/\/www.domaines-rollandeby.com\/wp-content\/uploads\/2018\/07\/Vignoble.png?id=4848) !important;background-position: center !important;background-repeat: no-repeat !important;background-size: cover !important;}&#8221;][vc_column][vc_row_inner css=&#8221;.vc_custom_1532511985365{padding-right: 30px !important;padding-left: 30px !important;background-color: #ffffff !important;}&#8221;][vc_column_inner width=&#8221;1\/2&#8243; css=&#8221;.vc_custom_1532512705878{padding-top: 15% !important;}&#8221;][vc_single_image image=&#8221;3768&#8243; img_size=&#8221;full&#8221; alignment=&#8221;center&#8221;][\/vc_column_inner][vc_column_inner width=&#8221;1\/2&#8243; css=&#8221;.vc_custom_1532512156515{margin-top: 30px !important;margin-right: 30px !important;margin-bottom: 30px !important;padding-top: 30px !important;padding-right: 30px !important;padding-bottom: 30px !important;padding-left: 30px !important;background-color: #ffffff !important;}&#8221;][vc_separator][vc_column_text] Situated in the heart of the plateau de By (North of Read More","og_url":"https:\/\/www.domaines-rollandeby.com\/chateau-haut-condissas\/","og_site_name":"DOMAINES ROLLAN DE BY","article_publisher":"https:\/\/www.facebook.com\/domainesrollandeby\/?__tn__=kC-R&amp%3bamp%3bamp%3beid=ARAgA6TgDqSwr7NoQbkfqnJ0EQOgeEWg-sQO-_vkq7fBbc8GUnYuKCepEzMg5HFwY6gCl8YUdzWB1ZKr&amp%3bamp%3bamp%3bhc_ref=ARS8wHqZWyd6NwbZkgXGzGcJMAKj4wCTsOxKtCh8OjgGf63l5aY17r8zLlSMAGVzqI8&amp%3bamp%3bamp%3bfref=nf&amp%3bamp%3bamp%3b__xts__%5b0%5d=68.ARB75Jgi01urwJfdModN7T7EbYtMsJ3xWkszX2ePWNo3YD7qRs7PbkD-w7ameIrq_OLAGZfenUvEAp3SWFfDq8RQ7yApE_Fhnir0reZIJYDbuE2gK6WexQ-GBPStG03Tmpb3pp-RnvPlo6rLfwya2znc9eBybiKWKzpdMrPlvZlNoATc0JY17g","article_modified_time":"2022-03-11T10:14:41+00:00","twitter_card":"summary_large_image","twitter_misc":{"Estimated reading time":"8 minutes"},"schema":{"@context":"https:\/\/schema.org","@graph":[{"@type":"WebPage","@id":"https:\/\/www.domaines-rollandeby.com\/chateau-haut-condissas\/","url":"https:\/\/www.domaines-rollandeby.com\/chateau-haut-condissas\/","name":"[:fr]CH\u00c2TEAU HAUT CONDISSAS[:uk]CHATEAU HAUT CONDISSAS[:] - DOMAINES ROLLAN DE BY","isPartOf":{"@id":"https:\/\/www.domaines-rollandeby.com\/#website"},"datePublished":"2018-07-16T14:59:47+00:00","dateModified":"2022-03-11T10:14:41+00:00","breadcrumb":{"@id":"https:\/\/www.domaines-rollandeby.com\/chateau-haut-condissas\/#breadcrumb"},"inLanguage":"UK","potentialAction":[{"@type":"ReadAction","target":["https:\/\/www.domaines-rollandeby.com\/chateau-haut-condissas\/"]}]},{"@type":"BreadcrumbList","@id":"https:\/\/www.domaines-rollandeby.com\/chateau-haut-condissas\/#breadcrumb","itemListElement":[{"@type":"ListItem","position":1,"name":"Accueil","item":"https:\/\/www.domaines-rollandeby.com\/"},{"@type":"ListItem","position":2,"name":"CH\u00c2TEAU HAUT CONDISSAS"}]},{"@type":"WebSite","@id":"https:\/\/www.domaines-rollandeby.com\/#website","url":"https:\/\/www.domaines-rollandeby.com\/","name":"DOMAINES ROLLAN DE BY","description":"","potentialAction":[{"@type":"SearchAction","target":{"@type":"EntryPoint","urlTemplate":"https:\/\/www.domaines-rollandeby.com\/?s={search_term_string}"},"query-input":"required name=search_term_string"}],"inLanguage":"UK"}]}},"_links":{"self":[{"href":"https:\/\/www.domaines-rollandeby.com\/uk\/wp-json\/wp\/v2\/pages\/4738"}],"collection":[{"href":"https:\/\/www.domaines-rollandeby.com\/uk\/wp-json\/wp\/v2\/pages"}],"about":[{"href":"https:\/\/www.domaines-rollandeby.com\/uk\/wp-json\/wp\/v2\/types\/page"}],"author":[{"embeddable":true,"href":"https:\/\/www.domaines-rollandeby.com\/uk\/wp-json\/wp\/v2\/users\/5"}],"replies":[{"embeddable":true,"href":"https:\/\/www.domaines-rollandeby.com\/uk\/wp-json\/wp\/v2\/comments?post=4738"}],"version-history":[{"count":0,"href":"https:\/\/www.domaines-rollandeby.com\/uk\/wp-json\/wp\/v2\/pages\/4738\/revisions"}],"wp:attachment":[{"href":"https:\/\/www.domaines-rollandeby.com\/uk\/wp-json\/wp\/v2\/media?parent=4738"}],"curies":[{"name":"wp","href":"https:\/\/api.w.org\/{rel}","templated":true}]}}