{"id":4812,"date":"2018-07-17T10:19:47","date_gmt":"2018-07-17T08:19:47","guid":{"rendered":"https:\/\/www.domaines-rollandeby.com\/?page_id=4812"},"modified":"2020-01-27T12:42:04","modified_gmt":"2020-01-27T11:42:04","slug":"espace-pro-domaines","status":"publish","type":"page","link":"https:\/\/www.domaines-rollandeby.com\/uk\/espace-pro-domaines\/","title":{"rendered":"Espace de t\u00e9l\u00e9chargement Domaines"},"content":{"rendered":"<p>[vc_row full_width=&#8221;stretch_row&#8221; css=&#8221;.vc_custom_1531824481882{margin-bottom: 0px !important;padding-bottom: 0px !important;background-color: #f4f4f4 !important;}&#8221;][vc_column][vc_row_inner css=&#8221;.vc_custom_1531750930704{padding-top: 30px !important;background-color: #ffffff !important;}&#8221;][vc_column_inner]\n\t<div class=\"title-subtitle-box \" style=\" margin-bottom:20px; text-align: left;\">\n\t\t<p style=\"\">TRADE<\/p>\n\t\t<h3 style=\" font-weight: normal; text-transform: uppercase;\" >PRESS RELEASE<\/h3>\n\t<\/div> [vc_column_text]<i class=\"fa fa-file-pdf-o \" ><\/i>\u00a0 \u00a0 <a href=\"https:\/\/www.domaines-rollandeby.com\/wp-content\/uploads\/2018\/07\/DOSSIER-DE-PRESSE-DP-Rollan-de-By_site.pdf\">Dossier de Presse des Domaines Rollan de By &#8211; Jean Guyon<\/a>[\/vc_column_text][\/vc_column_inner][\/vc_row_inner][\/vc_column][\/vc_row][vc_row full_width=&#8221;stretch_row&#8221; css=&#8221;.vc_custom_1531751956519{margin-top: 0px !important;padding-top: 0px !important;background-color: #f4f4f4 !important;}&#8221;][vc_column][vc_row_inner css=&#8221;.vc_custom_1531750930704{padding-top: 30px !important;background-color: #ffffff !important;}&#8221;][vc_column_inner][vc_text_separator title=&#8221;PHOTOS GALLERY&#8221; el_class=&#8221;titre_galerie_image&#8221;][vc_empty_space][\/vc_column_inner][\/vc_row_inner][vc_row_inner css=&#8221;.vc_custom_1531750728611{padding-right: 20px !important;padding-left: 20px !important;background-color: #ffffff !important;}&#8221;][vc_column_inner width=&#8221;1\/6&#8243; css=&#8221;.vc_custom_1531748533050{margin-right: 0px !important;margin-left: 0px !important;padding-right: 0px !important;padding-left: 0px !important;}&#8221;][vc_single_image image=&#8221;4844&#8243; alignment=&#8221;center&#8221; onclick=&#8221;link_image&#8221;][vc_column_text]<\/p>\n<p style=\"text-align: center;\">Jean Guyon<\/p>\n<p>[\/vc_column_text][\/vc_column_inner][vc_column_inner width=&#8221;1\/6&#8243;][vc_single_image image=&#8221;4782&#8243; alignment=&#8221;center&#8221; onclick=&#8221;link_image&#8221;][vc_column_text]<\/p>\n<p style=\"text-align: center;\">Ch\u00e2teau<br \/>\nRollan de By<\/p>\n<p>[\/vc_column_text][\/vc_column_inner][vc_column_inner width=&#8221;1\/6&#8243;][vc_single_image image=&#8221;8639&#8243; alignment=&#8221;center&#8221; onclick=&#8221;link_image&#8221;][vc_column_text]<\/p>\n<p style=\"text-align: center;\">Ch\u00e2teau<br \/>\nHaut Condissas<\/p>\n<p>[\/vc_column_text][\/vc_column_inner][vc_column_inner width=&#8221;1\/6&#8243;][vc_single_image image=&#8221;8830&#8243; alignment=&#8221;center&#8221; onclick=&#8221;link_image&#8221;][vc_column_text]<\/p>\n<p style=\"text-align: center;\">Ch\u00e2teau<br \/>\nTour Perey<\/p>\n<p>[\/vc_column_text][\/vc_column_inner][vc_column_inner width=&#8221;1\/6&#8243;][vc_single_image image=&#8221;8836&#8243; alignment=&#8221;center&#8221; onclick=&#8221;link_image&#8221;][vc_column_text]<\/p>\n<p style=\"text-align: center;\">Ch\u00e2teau Greysac<\/p>\n<p>[\/vc_column_text][\/vc_column_inner][vc_column_inner width=&#8221;1\/6&#8243;][vc_single_image image=&#8221;8831&#8243; alignment=&#8221;center&#8221; onclick=&#8221;link_image&#8221;][vc_column_text]<\/p>\n<p style=\"text-align: center;\">Ch\u00e2teau Fleur Perey<\/p>\n<p>[\/vc_column_text][\/vc_column_inner][\/vc_row_inner][vc_row_inner css=&#8221;.vc_custom_1531750728611{padding-right: 20px !important;padding-left: 20px !important;background-color: #ffffff !important;}&#8221;][vc_column_inner width=&#8221;1\/6&#8243; css=&#8221;.vc_custom_1531748533050{margin-right: 0px !important;margin-left: 0px !important;padding-right: 0px !important;padding-left: 0px !important;}&#8221;][vc_single_image image=&#8221;4847&#8243; alignment=&#8221;center&#8221; onclick=&#8221;link_image&#8221;][vc_column_text]<\/p>\n<p style=\"text-align: center;\">Vine<\/p>\n<p>[\/vc_column_text][\/vc_column_inner][vc_column_inner width=&#8221;1\/6&#8243;][vc_single_image image=&#8221;4848&#8243; alignment=&#8221;center&#8221; onclick=&#8221;link_image&#8221;][vc_column_text]<\/p>\n<p style=\"text-align: center;\">Ch\u00e2teau<br \/>\nTour Seran<\/p>\n<p>[\/vc_column_text][\/vc_column_inner][vc_column_inner width=&#8221;1\/6&#8243;][vc_single_image image=&#8221;4849&#8243; alignment=&#8221;center&#8221; onclick=&#8221;link_image&#8221;][vc_column_text]<\/p>\n<p style=\"text-align: center;\">Chai<\/p>\n<p>[\/vc_column_text][\/vc_column_inner][vc_column_inner width=&#8221;1\/6&#8243;][vc_single_image image=&#8221;4850&#8243; alignment=&#8221;center&#8221; onclick=&#8221;link_image&#8221;][vc_column_text]<\/p>\n<p style=\"text-align: center;\">Tag chai<br \/>\nRollan de By<\/p>\n<p>[\/vc_column_text][\/vc_column_inner][vc_column_inner width=&#8221;1\/6&#8243;][vc_single_image image=&#8221;4631&#8243; alignment=&#8221;center&#8221; onclick=&#8221;link_image&#8221;][vc_column_text]<\/p>\n<p style=\"text-align: center;\">Jenkell Candy<\/p>\n<p>[\/vc_column_text][\/vc_column_inner][vc_column_inner width=&#8221;1\/6&#8243;][vc_single_image image=&#8221;9119&#8243; alignment=&#8221;center&#8221; onclick=&#8221;link_image&#8221;][vc_column_text]<\/p>\n<p style=\"text-align: center;\">Harvest<\/p>\n<p>[\/vc_column_text][\/vc_column_inner][\/vc_row_inner][vc_row_inner css=&#8221;.vc_custom_1531750728611{padding-right: 20px !important;padding-left: 20px !important;background-color: #ffffff !important;}&#8221;][vc_column_inner width=&#8221;1\/6&#8243; css=&#8221;.vc_custom_1531748533050{margin-right: 0px !important;margin-left: 0px !important;padding-right: 0px !important;padding-left: 0px !important;}&#8221;][vc_single_image image=&#8221;9118&#8243; alignment=&#8221;center&#8221; onclick=&#8221;link_image&#8221;][vc_column_text]<\/p>\n<p style=\"text-align: center;\">Vineyard<\/p>\n<p>[\/vc_column_text][\/vc_column_inner][vc_column_inner width=&#8221;1\/6&#8243;][vc_single_image image=&#8221;11573&#8243; alignment=&#8221;center&#8221; onclick=&#8221;link_image&#8221;][vc_column_text]<\/p>\n<p style=\"text-align: center;\">Logo<\/p>\n<p>[\/vc_column_text][\/vc_column_inner][vc_column_inner width=&#8221;1\/6&#8243;][vc_single_image image=&#8221;11858&#8243; alignment=&#8221;center&#8221; onclick=&#8221;link_image&#8221;][vc_column_text]<\/p>\n<p style=\"text-align: center;\">Logo Natura 2000<\/p>\n<p>[\/vc_column_text][\/vc_column_inner][vc_column_inner width=&#8221;1\/6&#8243;][\/vc_column_inner][vc_column_inner width=&#8221;1\/6&#8243;][\/vc_column_inner][vc_column_inner width=&#8221;1\/6&#8243;][\/vc_column_inner][\/vc_row_inner][\/vc_column][\/vc_row][vc_row css=&#8221;.vc_custom_1537282075996{padding-top: 50px !important;padding-bottom: 15px !important;}&#8221;][vc_column width=&#8221;1\/2&#8243;][vc_icon icon_fontawesome=&#8221;fa fa-arrow-circle-left&#8221; color=&#8221;white&#8221; background_style=&#8221;rounded&#8221; background_color=&#8221;custom&#8221; custom_background_color=&#8221;#a48c68&#8243; link=&#8221;url:https%3A%2F%2Fwww.domaines-rollandeby.com%2Fespace-pro-chateau-rollan-de-by-blanc%2F|||&#8221;][\/vc_column][vc_column width=&#8221;1\/2&#8243;][vc_icon icon_fontawesome=&#8221;fa fa-arrow-circle-right&#8221; color=&#8221;white&#8221; background_style=&#8221;rounded&#8221; background_color=&#8221;custom&#8221; align=&#8221;right&#8221; custom_background_color=&#8221;#a48c68&#8243; link=&#8221;url:https%3A%2F%2Fwww.domaines-rollandeby.com%2Fespace-pro-hautcondissas%2F|||&#8221;][\/vc_column][\/vc_row]<\/p>\n","protected":false},"excerpt":{"rendered":"<p>[vc_row full_width=&#8221;stretch_row&#8221; css=&#8221;.vc_custom_1531824481882{margin-bottom: 0px !important;padding-bottom: 0px !important;background-color: #f4f4f4 !important;}&#8221;][vc_column][vc_row_inner css=&#8221;.vc_custom_1531750930704{padding-top: 30px !important;background-color: #ffffff !important;}&#8221;][vc_column_inner][vc_column_text]\u00a0 \u00a0 Dossier de Presse des Domaines Rollan de By &#8211; Jean Guyon[\/vc_column_text][\/vc_column_inner][\/vc_row_inner][\/vc_column][\/vc_row][vc_row full_width=&#8221;stretch_row&#8221; css=&#8221;.vc_custom_1531751956519{margin-top: 0px !important;padding-top: 0px !important;background-color: #f4f4f4 !important;}&#8221;][vc_column][vc_row_inner css=&#8221;.vc_custom_1531750930704{padding-top: 30px !important;background-color: #ffffff !important;}&#8221;][vc_column_inner][vc_text_separator title=&#8221;PHOTOS GALLERY&#8221; el_class=&#8221;titre_galerie_image&#8221;][vc_empty_space][\/vc_column_inner][\/vc_row_inner][vc_row_inner css=&#8221;.vc_custom_1531750728611{padding-right: 20px !important;padding-left: 20px !important;background-color: #ffffff !important;}&#8221;][vc_column_inner width=&#8221;1\/6&#8243; css=&#8221;.vc_custom_1531748533050{margin-right: 0px !important;margin-left: 0px !important;padding-right:<br class=\"read-more-spacer\"> <a class=\"more-link\" href=\"https:\/\/www.domaines-rollandeby.com\/uk\/espace-pro-domaines\/\">Read More<\/a><\/p>\n","protected":false},"author":5,"featured_media":0,"parent":0,"menu_order":0,"comment_status":"closed","ping_status":"closed","template":"","meta":[],"yoast_head":"<!-- This site is optimized with the Yoast SEO plugin v20.0 - https:\/\/yoast.com\/wordpress\/plugins\/seo\/ -->\n<title>Espace de t\u00e9l\u00e9chargement Domaines - DOMAINES ROLLAN DE BY<\/title>\n<meta name=\"robots\" content=\"index, follow, max-snippet:-1, max-image-preview:large, max-video-preview:-1\" \/>\n<link rel=\"canonical\" href=\"https:\/\/www.domaines-rollandeby.com\/uk\/espace-pro-domaines\/\" \/>\n<meta property=\"og:locale\" content=\"en_GB\" \/>\n<meta property=\"og:type\" content=\"article\" \/>\n<meta property=\"og:title\" content=\"Espace de t\u00e9l\u00e9chargement Domaines\" \/>\n<meta property=\"og:description\" content=\"[vc_row full_width=&#8221;stretch_row&#8221; css=&#8221;.vc_custom_1531824481882{margin-bottom: 0px !important;padding-bottom: 0px !important;background-color: #f4f4f4 !important;}&#8221;][vc_column][vc_row_inner css=&#8221;.vc_custom_1531750930704{padding-top: 30px !important;background-color: #ffffff !important;}&#8221;][vc_column_inner][vc_column_text]\u00a0 \u00a0 Dossier de Presse des Domaines Rollan de By &#8211; Jean Guyon[\/vc_column_text][\/vc_column_inner][\/vc_row_inner][\/vc_column][\/vc_row][vc_row full_width=&#8221;stretch_row&#8221; css=&#8221;.vc_custom_1531751956519{margin-top: 0px !important;padding-top: 0px !important;background-color: #f4f4f4 !important;}&#8221;][vc_column][vc_row_inner css=&#8221;.vc_custom_1531750930704{padding-top: 30px !important;background-color: #ffffff !important;}&#8221;][vc_column_inner][vc_text_separator title=&#8221;PHOTOS GALLERY&#8221; el_class=&#8221;titre_galerie_image&#8221;][vc_empty_space][\/vc_column_inner][\/vc_row_inner][vc_row_inner css=&#8221;.vc_custom_1531750728611{padding-right: 20px !important;padding-left: 20px !important;background-color: #ffffff !important;}&#8221;][vc_column_inner width=&#8221;1\/6&#8243; css=&#8221;.vc_custom_1531748533050{margin-right: 0px !important;margin-left: 0px !important;padding-right: Read More\" \/>\n<meta property=\"og:url\" content=\"https:\/\/www.domaines-rollandeby.com\/uk\/espace-pro-domaines\/\" \/>\n<meta property=\"og:site_name\" content=\"DOMAINES ROLLAN DE BY\" \/>\n<meta property=\"article:publisher\" content=\"https:\/\/www.facebook.com\/domainesrollandeby\/?__tn__=kC-R&amp;amp%3bamp%3bamp%3beid=ARAgA6TgDqSwr7NoQbkfqnJ0EQOgeEWg-sQO-_vkq7fBbc8GUnYuKCepEzMg5HFwY6gCl8YUdzWB1ZKr&amp;amp%3bamp%3bamp%3bhc_ref=ARS8wHqZWyd6NwbZkgXGzGcJMAKj4wCTsOxKtCh8OjgGf63l5aY17r8zLlSMAGVzqI8&amp;amp%3bamp%3bamp%3bfref=nf&amp;amp%3bamp%3bamp%3b__xts__%5b0%5d=68.ARB75Jgi01urwJfdModN7T7EbYtMsJ3xWkszX2ePWNo3YD7qRs7PbkD-w7ameIrq_OLAGZfenUvEAp3SWFfDq8RQ7yApE_Fhnir0reZIJYDbuE2gK6WexQ-GBPStG03Tmpb3pp-RnvPlo6rLfwya2znc9eBybiKWKzpdMrPlvZlNoATc0JY17g\" \/>\n<meta property=\"article:modified_time\" content=\"2020-01-27T11:42:04+00:00\" \/>\n<meta name=\"twitter:card\" content=\"summary_large_image\" \/>\n<meta name=\"twitter:label1\" content=\"Estimated reading time\" \/>\n\t<meta name=\"twitter:data1\" content=\"7 minutes\" \/>\n<script type=\"application\/ld+json\" class=\"yoast-schema-graph\">{\"@context\":\"https:\/\/schema.org\",\"@graph\":[{\"@type\":\"WebPage\",\"@id\":\"https:\/\/www.domaines-rollandeby.com\/uk\/espace-pro-domaines\/\",\"url\":\"https:\/\/www.domaines-rollandeby.com\/uk\/espace-pro-domaines\/\",\"name\":\"[:fr]Espace de t\u00e9l\u00e9chargement Domaines[:uk]Espace de t\u00e9l\u00e9chargement Domaines[:] - DOMAINES ROLLAN DE BY\",\"isPartOf\":{\"@id\":\"https:\/\/www.domaines-rollandeby.com\/#website\"},\"datePublished\":\"2018-07-17T08:19:47+00:00\",\"dateModified\":\"2020-01-27T11:42:04+00:00\",\"breadcrumb\":{\"@id\":\"https:\/\/www.domaines-rollandeby.com\/uk\/espace-pro-domaines\/#breadcrumb\"},\"inLanguage\":\"UK\",\"potentialAction\":[{\"@type\":\"ReadAction\",\"target\":[\"https:\/\/www.domaines-rollandeby.com\/uk\/espace-pro-domaines\/\"]}]},{\"@type\":\"BreadcrumbList\",\"@id\":\"https:\/\/www.domaines-rollandeby.com\/uk\/espace-pro-domaines\/#breadcrumb\",\"itemListElement\":[{\"@type\":\"ListItem\",\"position\":1,\"name\":\"Accueil\",\"item\":\"https:\/\/www.domaines-rollandeby.com\/\"},{\"@type\":\"ListItem\",\"position\":2,\"name\":\"Espace de t\u00e9l\u00e9chargement Domaines\"}]},{\"@type\":\"WebSite\",\"@id\":\"https:\/\/www.domaines-rollandeby.com\/#website\",\"url\":\"https:\/\/www.domaines-rollandeby.com\/\",\"name\":\"DOMAINES ROLLAN DE BY\",\"description\":\"\",\"potentialAction\":[{\"@type\":\"SearchAction\",\"target\":{\"@type\":\"EntryPoint\",\"urlTemplate\":\"https:\/\/www.domaines-rollandeby.com\/?s={search_term_string}\"},\"query-input\":\"required name=search_term_string\"}],\"inLanguage\":\"UK\"}]}<\/script>\n<!-- \/ Yoast SEO plugin. -->","yoast_head_json":{"title":"Espace de t\u00e9l\u00e9chargement Domaines - DOMAINES ROLLAN DE BY","robots":{"index":"index","follow":"follow","max-snippet":"max-snippet:-1","max-image-preview":"max-image-preview:large","max-video-preview":"max-video-preview:-1"},"canonical":"https:\/\/www.domaines-rollandeby.com\/uk\/espace-pro-domaines\/","og_locale":"en_GB","og_type":"article","og_title":"[:fr]Espace de t\u00e9l\u00e9chargement Domaines[:uk]Espace de t\u00e9l\u00e9chargement Domaines[:] - DOMAINES ROLLAN DE BY","og_description":"[vc_row full_width=&#8221;stretch_row&#8221; css=&#8221;.vc_custom_1531824481882{margin-bottom: 0px !important;padding-bottom: 0px !important;background-color: #f4f4f4 !important;}&#8221;][vc_column][vc_row_inner css=&#8221;.vc_custom_1531750930704{padding-top: 30px !important;background-color: #ffffff !important;}&#8221;][vc_column_inner][vc_column_text]\u00a0 \u00a0 Dossier de Presse des Domaines Rollan de By &#8211; Jean Guyon[\/vc_column_text][\/vc_column_inner][\/vc_row_inner][\/vc_column][\/vc_row][vc_row full_width=&#8221;stretch_row&#8221; css=&#8221;.vc_custom_1531751956519{margin-top: 0px !important;padding-top: 0px !important;background-color: #f4f4f4 !important;}&#8221;][vc_column][vc_row_inner css=&#8221;.vc_custom_1531750930704{padding-top: 30px !important;background-color: #ffffff !important;}&#8221;][vc_column_inner][vc_text_separator title=&#8221;PHOTOS GALLERY&#8221; el_class=&#8221;titre_galerie_image&#8221;][vc_empty_space][\/vc_column_inner][\/vc_row_inner][vc_row_inner css=&#8221;.vc_custom_1531750728611{padding-right: 20px !important;padding-left: 20px !important;background-color: #ffffff !important;}&#8221;][vc_column_inner width=&#8221;1\/6&#8243; css=&#8221;.vc_custom_1531748533050{margin-right: 0px !important;margin-left: 0px !important;padding-right: Read More","og_url":"https:\/\/www.domaines-rollandeby.com\/uk\/espace-pro-domaines\/","og_site_name":"DOMAINES ROLLAN DE BY","article_publisher":"https:\/\/www.facebook.com\/domainesrollandeby\/?__tn__=kC-R&amp%3bamp%3bamp%3beid=ARAgA6TgDqSwr7NoQbkfqnJ0EQOgeEWg-sQO-_vkq7fBbc8GUnYuKCepEzMg5HFwY6gCl8YUdzWB1ZKr&amp%3bamp%3bamp%3bhc_ref=ARS8wHqZWyd6NwbZkgXGzGcJMAKj4wCTsOxKtCh8OjgGf63l5aY17r8zLlSMAGVzqI8&amp%3bamp%3bamp%3bfref=nf&amp%3bamp%3bamp%3b__xts__%5b0%5d=68.ARB75Jgi01urwJfdModN7T7EbYtMsJ3xWkszX2ePWNo3YD7qRs7PbkD-w7ameIrq_OLAGZfenUvEAp3SWFfDq8RQ7yApE_Fhnir0reZIJYDbuE2gK6WexQ-GBPStG03Tmpb3pp-RnvPlo6rLfwya2znc9eBybiKWKzpdMrPlvZlNoATc0JY17g","article_modified_time":"2020-01-27T11:42:04+00:00","twitter_card":"summary_large_image","twitter_misc":{"Estimated reading time":"7 minutes"},"schema":{"@context":"https:\/\/schema.org","@graph":[{"@type":"WebPage","@id":"https:\/\/www.domaines-rollandeby.com\/uk\/espace-pro-domaines\/","url":"https:\/\/www.domaines-rollandeby.com\/uk\/espace-pro-domaines\/","name":"[:fr]Espace de t\u00e9l\u00e9chargement Domaines[:uk]Espace de t\u00e9l\u00e9chargement Domaines[:] - DOMAINES ROLLAN DE BY","isPartOf":{"@id":"https:\/\/www.domaines-rollandeby.com\/#website"},"datePublished":"2018-07-17T08:19:47+00:00","dateModified":"2020-01-27T11:42:04+00:00","breadcrumb":{"@id":"https:\/\/www.domaines-rollandeby.com\/uk\/espace-pro-domaines\/#breadcrumb"},"inLanguage":"UK","potentialAction":[{"@type":"ReadAction","target":["https:\/\/www.domaines-rollandeby.com\/uk\/espace-pro-domaines\/"]}]},{"@type":"BreadcrumbList","@id":"https:\/\/www.domaines-rollandeby.com\/uk\/espace-pro-domaines\/#breadcrumb","itemListElement":[{"@type":"ListItem","position":1,"name":"Accueil","item":"https:\/\/www.domaines-rollandeby.com\/"},{"@type":"ListItem","position":2,"name":"Espace de t\u00e9l\u00e9chargement Domaines"}]},{"@type":"WebSite","@id":"https:\/\/www.domaines-rollandeby.com\/#website","url":"https:\/\/www.domaines-rollandeby.com\/","name":"DOMAINES ROLLAN DE BY","description":"","potentialAction":[{"@type":"SearchAction","target":{"@type":"EntryPoint","urlTemplate":"https:\/\/www.domaines-rollandeby.com\/?s={search_term_string}"},"query-input":"required name=search_term_string"}],"inLanguage":"UK"}]}},"_links":{"self":[{"href":"https:\/\/www.domaines-rollandeby.com\/uk\/wp-json\/wp\/v2\/pages\/4812"}],"collection":[{"href":"https:\/\/www.domaines-rollandeby.com\/uk\/wp-json\/wp\/v2\/pages"}],"about":[{"href":"https:\/\/www.domaines-rollandeby.com\/uk\/wp-json\/wp\/v2\/types\/page"}],"author":[{"embeddable":true,"href":"https:\/\/www.domaines-rollandeby.com\/uk\/wp-json\/wp\/v2\/users\/5"}],"replies":[{"embeddable":true,"href":"https:\/\/www.domaines-rollandeby.com\/uk\/wp-json\/wp\/v2\/comments?post=4812"}],"version-history":[{"count":0,"href":"https:\/\/www.domaines-rollandeby.com\/uk\/wp-json\/wp\/v2\/pages\/4812\/revisions"}],"wp:attachment":[{"href":"https:\/\/www.domaines-rollandeby.com\/uk\/wp-json\/wp\/v2\/media?parent=4812"}],"curies":[{"name":"wp","href":"https:\/\/api.w.org\/{rel}","templated":true}]}}