{"id":5248,"date":"2018-07-25T12:07:42","date_gmt":"2018-07-25T10:07:42","guid":{"rendered":"https:\/\/www.domaines-rollandeby.com\/?page_id=5248"},"modified":"2022-03-11T11:48:20","modified_gmt":"2022-03-11T10:48:20","slug":"chateau-greysac","status":"publish","type":"page","link":"https:\/\/www.domaines-rollandeby.com\/uk\/chateau-greysac\/","title":{"rendered":"CHATEAU GREYSAC"},"content":{"rendered":"<p>[vc_row full_width=&#8221;stretch_row&#8221; css=&#8221;.vc_custom_1532510147594{background: #f4f4f4 url(https:\/\/www.domaines-rollandeby.com\/wp-content\/uploads\/2018\/07\/Vignoble.png?id=4848) !important;background-position: center !important;background-repeat: no-repeat !important;background-size: cover !important;}&#8221;][vc_column][vc_row_inner css=&#8221;.vc_custom_1532511985365{padding-right: 30px !important;padding-left: 30px !important;background-color: #ffffff !important;}&#8221;][vc_column_inner width=&#8221;1\/2&#8243; css=&#8221;.vc_custom_1532512705878{padding-top: 15% !important;}&#8221;][vc_single_image image=&#8221;3770&#8243; img_size=&#8221;full&#8221; alignment=&#8221;center&#8221;][\/vc_column_inner][vc_column_inner width=&#8221;1\/2&#8243; css=&#8221;.vc_custom_1532512156515{margin-top: 30px !important;margin-right: 30px !important;margin-bottom: 30px !important;padding-top: 30px !important;padding-right: 30px !important;padding-bottom: 30px !important;padding-left: 30px !important;background-color: #ffffff !important;}&#8221;]\n\t<div class=\"title-subtitle-box \" style=\" margin-bottom:20px; text-align: left;\">\n\t\t<h3 style=\" font-weight: normal;\" >The Chateau Greysac<\/h3>\n\t<\/div> [vc_separator][vc_column_text]<\/p>\n<p style=\"text-align: justify;\">Chateau Greysac is a beautiful mansion built during the 18th century that inspires elegance and finesse. Some of its most famous owners include Georges H\u00e9reil, the engineer who created the Caravelle plane or the Italian family Agnelli, owners of Ferrari and Fiat before Jean Guyon fell in love with it in 2012 and decides to take it to its prime. Located on the edge of the Gironde its soil is composed of rolled pebble quaternary soil and a clay- limestone undercoat. Understanding and observation of the terroir is the success of this Chateau.<\/p>\n<p>[\/vc_column_text]\n\t<div class=\"title-subtitle-box \" style=\" margin-bottom:20px; text-align: left;\">\n\t\t<h3 style=\" font-weight: normal;\" >Awards<\/h3>\n\t<\/div> [vc_separator][vc_tta_tabs style=&#8221;outline&#8221; shape=&#8221;square&#8221; color=&#8221;black&#8221; spacing=&#8221;&#8221; active_section=&#8221;1&#8243; no_fill_content_area=&#8221;true&#8221; el_class=&#8221;rdb-tabs&#8221;][vc_tta_section title=&#8221;2015&#8243; tab_id=&#8221;chateau-greysac-20150890-dbdc&#8221;]\n\t<div class=\"gg_list list_style_line  vc_custom_1528372695809\">\n<ul>\n<li>91\/100, Wine Enthusiast, Roger Voss<\/li>\n<li>91\/100, Robert Parker &#8211; Neal Martin<\/li>\n<li>90-92\/100, Yves Beck, Beckustator<\/li>\n<li>89\/100, James Suckling<\/li>\n<li>88\/100, Decanter<\/li>\n<li>87-89\/100, Falstaff Magazin<\/li>\n<li>86-88\/100, Vinous, Antonio Galloni<\/li>\n<li>16\/20, Le Figaro<\/li>\n<li>16\/20, Jancis Robinson<\/li>\n<\/ul>\n<\/div>[\/vc_tta_section][vc_tta_section title=&#8221;2014&#8243; tab_id=&#8221;chateau-greysac-20140890-dbdc&#8221;]\n\t<div class=\"gg_list list_style_line  vc_custom_1528373039907\">\n<ul>\n<li>90\/100, James Suckling<\/li>\n<li>90\/100, Decanter World Wine Awards 2016<\/li>\n<li>89\/100, Wine Enthusiast, Roger Voss<\/li>\n<li>87-89\/100, Vinous, Antonio Galloni<\/li>\n<li>87\/100, Wine Spectator, James Molesworth<\/li>\n<\/ul>\n<\/div>[\/vc_tta_section][vc_tta_section title=&#8221;2013&#8243; tab_id=&#8221;chateau-greysac-20130890-dbdc&#8221;]\n\t<div class=\"gg_list list_style_line  vc_custom_1522147733041\">\n<ul>\n<li>M\u00e9daille d&#8217;argent, Concours G\u00e9n\u00e9ral Agricole Paris 2015<\/li>\n<\/ul>\n<\/div>[\/vc_tta_section][vc_tta_section title=&#8221;2012&#8243; tab_id=&#8221;1522147441233-35d71df4-fae40890-dbdc&#8221;]\n\t<div class=\"gg_list list_style_line  vc_custom_1528373110855\">\n<ul>\n<li>88\/100, Wine Enthusiast, Roger Voss<\/li>\n<li>87\/100, Markus del Monego<\/li>\n<li>86\/100, James Suckling<\/li>\n<li>16.5\/20, Jancis Robinson &#8211; Richard Hemming<\/li>\n<li>1 \u00e9toile, Le Guide Hachette des Vins 2016<\/li>\n<li>M\u00e9daille d&#8217;argent, Decanter World Wine Awards 2015<\/li>\n<\/ul>\n<\/div>[\/vc_tta_section][vc_tta_section title=&#8221;2011&#8243; tab_id=&#8221;chateau-greysac-20110890-dbdc&#8221;]\n\t<div class=\"gg_list list_style_line  vc_custom_1528373162943\">\n<ul>\n<li>90\/100, Robert Parker &#8211; Neal Martin<\/li>\n<li>88\/100, Wine Spectator, James Molesworth<\/li>\n<li>16.5\/20, Bettane &#038; Desseauve<\/li>\n<li>15.5\/20, Gault &#038; Millau<\/li>\n<li>15.5\/20, Le Figaro, Bernard Burtschy<\/li>\n<li>15.5\/20, Jancis Robinson &#8211; Julia Harding<\/li>\n<li>M\u00e9daille de bronze, Challenge International du Vin 2014<\/li>\n<li>M\u00e9daille d&#8217;argent, Concours de Bordeaux Vins d&#8217;Aquitaine 2014<\/li>\n<\/ul>\n<\/div>[\/vc_tta_section][vc_tta_section title=&#8221;2008&#8243; tab_id=&#8221;chateau-greysac-20080890-dbdc&#8221;]\n\t<div class=\"gg_list list_style_line  vc_custom_1528373251810\">\n<ul>\n<li>88\/100, Wine Spectator, James Molesworth<\/li>\n<li>87\/100, Gilbert &#038; Gaillard<\/li>\n<li>87\/100, Wine Enthusiast, Roger Voss<\/li>\n<li>16\/20, Weinwisser, Ren\u00e9 Gabriel<\/li>\n<li>15.5\/20, La Revue du vin de France 2013<\/li>\n<li>15.5\/20, Jancis Robinson<\/li>\n<\/ul>\n<\/div>[\/vc_tta_section][vc_tta_section title=&#8221;2006&#8243; tab_id=&#8221;chateau-greysac-20060890-dbdc&#8221;]\n\t<div class=\"gg_list list_style_line  vc_custom_1528373294646\">\n<ul>\n<li>90\/100, Gilbert &#038; Gaillard<\/li>\n<li>88\/100, Wine Review Online, Michael Apstein<\/li>\n<li>86\/100, Wine Spectator, James Molesworth<\/li>\n<li>16\/20, Gault &#038; Millau<\/li>\n<li>15\/20, Jancis Robinson<\/li>\n<li>M\u00e9daille de bronze, Decanter World Wine Awards 2010<\/li>\n<\/ul>\n<\/div>[\/vc_tta_section][\/vc_tta_tabs][\/vc_column_inner][\/vc_row_inner][\/vc_column][\/vc_row]<\/p>\n","protected":false},"excerpt":{"rendered":"<p>[vc_row full_width=&#8221;stretch_row&#8221; css=&#8221;.vc_custom_1532510147594{background: #f4f4f4 url(https:\/\/www.domaines-rollandeby.com\/wp-content\/uploads\/2018\/07\/Vignoble.png?id=4848) !important;background-position: center !important;background-repeat: no-repeat !important;background-size: cover !important;}&#8221;][vc_column][vc_row_inner css=&#8221;.vc_custom_1532511985365{padding-right: 30px !important;padding-left: 30px !important;background-color: #ffffff !important;}&#8221;][vc_column_inner width=&#8221;1\/2&#8243; css=&#8221;.vc_custom_1532512705878{padding-top: 15% !important;}&#8221;][vc_single_image image=&#8221;3770&#8243; img_size=&#8221;full&#8221; alignment=&#8221;center&#8221;][\/vc_column_inner][vc_column_inner width=&#8221;1\/2&#8243; css=&#8221;.vc_custom_1532512156515{margin-top: 30px !important;margin-right: 30px !important;margin-bottom: 30px !important;padding-top: 30px !important;padding-right: 30px !important;padding-bottom: 30px !important;padding-left: 30px !important;background-color: #ffffff !important;}&#8221;][vc_separator][vc_column_text] Chateau Greysac is a beautiful mansion built during the 18th century<br class=\"read-more-spacer\"> <a class=\"more-link\" href=\"https:\/\/www.domaines-rollandeby.com\/uk\/chateau-greysac\/\">Read More<\/a><\/p>\n","protected":false},"author":5,"featured_media":0,"parent":0,"menu_order":0,"comment_status":"closed","ping_status":"closed","template":"","meta":[],"yoast_head":"<!-- This site is optimized with the Yoast SEO plugin v20.0 - https:\/\/yoast.com\/wordpress\/plugins\/seo\/ -->\n<title>CHATEAU GREYSAC - DOMAINES ROLLAN DE BY<\/title>\n<meta name=\"robots\" content=\"index, follow, max-snippet:-1, max-image-preview:large, max-video-preview:-1\" \/>\n<link rel=\"canonical\" href=\"https:\/\/www.domaines-rollandeby.com\/chateau-greysac\/\" \/>\n<meta property=\"og:locale\" content=\"en_GB\" \/>\n<meta property=\"og:type\" content=\"article\" \/>\n<meta property=\"og:title\" content=\"CHATEAU GREYSAC\" \/>\n<meta property=\"og:description\" content=\"[vc_row full_width=&#8221;stretch_row&#8221; css=&#8221;.vc_custom_1532510147594{background: #f4f4f4 url(https:\/\/www.domaines-rollandeby.com\/wp-content\/uploads\/2018\/07\/Vignoble.png?id=4848) !important;background-position: center !important;background-repeat: no-repeat !important;background-size: cover !important;}&#8221;][vc_column][vc_row_inner css=&#8221;.vc_custom_1532511985365{padding-right: 30px !important;padding-left: 30px !important;background-color: #ffffff !important;}&#8221;][vc_column_inner width=&#8221;1\/2&#8243; css=&#8221;.vc_custom_1532512705878{padding-top: 15% !important;}&#8221;][vc_single_image image=&#8221;3770&#8243; img_size=&#8221;full&#8221; alignment=&#8221;center&#8221;][\/vc_column_inner][vc_column_inner width=&#8221;1\/2&#8243; css=&#8221;.vc_custom_1532512156515{margin-top: 30px !important;margin-right: 30px !important;margin-bottom: 30px !important;padding-top: 30px !important;padding-right: 30px !important;padding-bottom: 30px !important;padding-left: 30px !important;background-color: #ffffff !important;}&#8221;][vc_separator][vc_column_text] Chateau Greysac is a beautiful mansion built during the 18th century Read More\" \/>\n<meta property=\"og:url\" content=\"https:\/\/www.domaines-rollandeby.com\/chateau-greysac\/\" \/>\n<meta property=\"og:site_name\" content=\"DOMAINES ROLLAN DE BY\" \/>\n<meta property=\"article:publisher\" content=\"https:\/\/www.facebook.com\/domainesrollandeby\/?__tn__=kC-R&amp;amp%3bamp%3bamp%3beid=ARAgA6TgDqSwr7NoQbkfqnJ0EQOgeEWg-sQO-_vkq7fBbc8GUnYuKCepEzMg5HFwY6gCl8YUdzWB1ZKr&amp;amp%3bamp%3bamp%3bhc_ref=ARS8wHqZWyd6NwbZkgXGzGcJMAKj4wCTsOxKtCh8OjgGf63l5aY17r8zLlSMAGVzqI8&amp;amp%3bamp%3bamp%3bfref=nf&amp;amp%3bamp%3bamp%3b__xts__%5b0%5d=68.ARB75Jgi01urwJfdModN7T7EbYtMsJ3xWkszX2ePWNo3YD7qRs7PbkD-w7ameIrq_OLAGZfenUvEAp3SWFfDq8RQ7yApE_Fhnir0reZIJYDbuE2gK6WexQ-GBPStG03Tmpb3pp-RnvPlo6rLfwya2znc9eBybiKWKzpdMrPlvZlNoATc0JY17g\" \/>\n<meta property=\"article:modified_time\" content=\"2022-03-11T10:48:20+00:00\" \/>\n<meta name=\"twitter:card\" content=\"summary_large_image\" \/>\n<meta name=\"twitter:label1\" content=\"Estimated reading time\" \/>\n\t<meta name=\"twitter:data1\" content=\"7 minutes\" \/>\n<script type=\"application\/ld+json\" class=\"yoast-schema-graph\">{\"@context\":\"https:\/\/schema.org\",\"@graph\":[{\"@type\":\"WebPage\",\"@id\":\"https:\/\/www.domaines-rollandeby.com\/chateau-greysac\/\",\"url\":\"https:\/\/www.domaines-rollandeby.com\/chateau-greysac\/\",\"name\":\"[:fr]CHATEAU GREYSAC[:uk]CHATEAU GREYSAC[:] - DOMAINES ROLLAN DE BY\",\"isPartOf\":{\"@id\":\"https:\/\/www.domaines-rollandeby.com\/#website\"},\"datePublished\":\"2018-07-25T10:07:42+00:00\",\"dateModified\":\"2022-03-11T10:48:20+00:00\",\"breadcrumb\":{\"@id\":\"https:\/\/www.domaines-rollandeby.com\/chateau-greysac\/#breadcrumb\"},\"inLanguage\":\"UK\",\"potentialAction\":[{\"@type\":\"ReadAction\",\"target\":[\"https:\/\/www.domaines-rollandeby.com\/chateau-greysac\/\"]}]},{\"@type\":\"BreadcrumbList\",\"@id\":\"https:\/\/www.domaines-rollandeby.com\/chateau-greysac\/#breadcrumb\",\"itemListElement\":[{\"@type\":\"ListItem\",\"position\":1,\"name\":\"Accueil\",\"item\":\"https:\/\/www.domaines-rollandeby.com\/\"},{\"@type\":\"ListItem\",\"position\":2,\"name\":\"CHATEAU GREYSAC\"}]},{\"@type\":\"WebSite\",\"@id\":\"https:\/\/www.domaines-rollandeby.com\/#website\",\"url\":\"https:\/\/www.domaines-rollandeby.com\/\",\"name\":\"DOMAINES ROLLAN DE BY\",\"description\":\"\",\"potentialAction\":[{\"@type\":\"SearchAction\",\"target\":{\"@type\":\"EntryPoint\",\"urlTemplate\":\"https:\/\/www.domaines-rollandeby.com\/?s={search_term_string}\"},\"query-input\":\"required name=search_term_string\"}],\"inLanguage\":\"UK\"}]}<\/script>\n<!-- \/ Yoast SEO plugin. -->","yoast_head_json":{"title":"CHATEAU GREYSAC - DOMAINES ROLLAN DE BY","robots":{"index":"index","follow":"follow","max-snippet":"max-snippet:-1","max-image-preview":"max-image-preview:large","max-video-preview":"max-video-preview:-1"},"canonical":"https:\/\/www.domaines-rollandeby.com\/chateau-greysac\/","og_locale":"en_GB","og_type":"article","og_title":"[:fr]CHATEAU GREYSAC[:uk]CHATEAU GREYSAC[:] - DOMAINES ROLLAN DE BY","og_description":"[vc_row full_width=&#8221;stretch_row&#8221; css=&#8221;.vc_custom_1532510147594{background: #f4f4f4 url(https:\/\/www.domaines-rollandeby.com\/wp-content\/uploads\/2018\/07\/Vignoble.png?id=4848) !important;background-position: center !important;background-repeat: no-repeat !important;background-size: cover !important;}&#8221;][vc_column][vc_row_inner css=&#8221;.vc_custom_1532511985365{padding-right: 30px !important;padding-left: 30px !important;background-color: #ffffff !important;}&#8221;][vc_column_inner width=&#8221;1\/2&#8243; css=&#8221;.vc_custom_1532512705878{padding-top: 15% !important;}&#8221;][vc_single_image image=&#8221;3770&#8243; img_size=&#8221;full&#8221; alignment=&#8221;center&#8221;][\/vc_column_inner][vc_column_inner width=&#8221;1\/2&#8243; css=&#8221;.vc_custom_1532512156515{margin-top: 30px !important;margin-right: 30px !important;margin-bottom: 30px !important;padding-top: 30px !important;padding-right: 30px !important;padding-bottom: 30px !important;padding-left: 30px !important;background-color: #ffffff !important;}&#8221;][vc_separator][vc_column_text] Chateau Greysac is a beautiful mansion built during the 18th century Read More","og_url":"https:\/\/www.domaines-rollandeby.com\/chateau-greysac\/","og_site_name":"DOMAINES ROLLAN DE BY","article_publisher":"https:\/\/www.facebook.com\/domainesrollandeby\/?__tn__=kC-R&amp%3bamp%3bamp%3beid=ARAgA6TgDqSwr7NoQbkfqnJ0EQOgeEWg-sQO-_vkq7fBbc8GUnYuKCepEzMg5HFwY6gCl8YUdzWB1ZKr&amp%3bamp%3bamp%3bhc_ref=ARS8wHqZWyd6NwbZkgXGzGcJMAKj4wCTsOxKtCh8OjgGf63l5aY17r8zLlSMAGVzqI8&amp%3bamp%3bamp%3bfref=nf&amp%3bamp%3bamp%3b__xts__%5b0%5d=68.ARB75Jgi01urwJfdModN7T7EbYtMsJ3xWkszX2ePWNo3YD7qRs7PbkD-w7ameIrq_OLAGZfenUvEAp3SWFfDq8RQ7yApE_Fhnir0reZIJYDbuE2gK6WexQ-GBPStG03Tmpb3pp-RnvPlo6rLfwya2znc9eBybiKWKzpdMrPlvZlNoATc0JY17g","article_modified_time":"2022-03-11T10:48:20+00:00","twitter_card":"summary_large_image","twitter_misc":{"Estimated reading time":"7 minutes"},"schema":{"@context":"https:\/\/schema.org","@graph":[{"@type":"WebPage","@id":"https:\/\/www.domaines-rollandeby.com\/chateau-greysac\/","url":"https:\/\/www.domaines-rollandeby.com\/chateau-greysac\/","name":"[:fr]CHATEAU GREYSAC[:uk]CHATEAU GREYSAC[:] - DOMAINES ROLLAN DE BY","isPartOf":{"@id":"https:\/\/www.domaines-rollandeby.com\/#website"},"datePublished":"2018-07-25T10:07:42+00:00","dateModified":"2022-03-11T10:48:20+00:00","breadcrumb":{"@id":"https:\/\/www.domaines-rollandeby.com\/chateau-greysac\/#breadcrumb"},"inLanguage":"UK","potentialAction":[{"@type":"ReadAction","target":["https:\/\/www.domaines-rollandeby.com\/chateau-greysac\/"]}]},{"@type":"BreadcrumbList","@id":"https:\/\/www.domaines-rollandeby.com\/chateau-greysac\/#breadcrumb","itemListElement":[{"@type":"ListItem","position":1,"name":"Accueil","item":"https:\/\/www.domaines-rollandeby.com\/"},{"@type":"ListItem","position":2,"name":"CHATEAU GREYSAC"}]},{"@type":"WebSite","@id":"https:\/\/www.domaines-rollandeby.com\/#website","url":"https:\/\/www.domaines-rollandeby.com\/","name":"DOMAINES ROLLAN DE BY","description":"","potentialAction":[{"@type":"SearchAction","target":{"@type":"EntryPoint","urlTemplate":"https:\/\/www.domaines-rollandeby.com\/?s={search_term_string}"},"query-input":"required name=search_term_string"}],"inLanguage":"UK"}]}},"_links":{"self":[{"href":"https:\/\/www.domaines-rollandeby.com\/uk\/wp-json\/wp\/v2\/pages\/5248"}],"collection":[{"href":"https:\/\/www.domaines-rollandeby.com\/uk\/wp-json\/wp\/v2\/pages"}],"about":[{"href":"https:\/\/www.domaines-rollandeby.com\/uk\/wp-json\/wp\/v2\/types\/page"}],"author":[{"embeddable":true,"href":"https:\/\/www.domaines-rollandeby.com\/uk\/wp-json\/wp\/v2\/users\/5"}],"replies":[{"embeddable":true,"href":"https:\/\/www.domaines-rollandeby.com\/uk\/wp-json\/wp\/v2\/comments?post=5248"}],"version-history":[{"count":0,"href":"https:\/\/www.domaines-rollandeby.com\/uk\/wp-json\/wp\/v2\/pages\/5248\/revisions"}],"wp:attachment":[{"href":"https:\/\/www.domaines-rollandeby.com\/uk\/wp-json\/wp\/v2\/media?parent=5248"}],"curies":[{"name":"wp","href":"https:\/\/api.w.org\/{rel}","templated":true}]}}