{"id":5364,"date":"2018-07-26T09:50:52","date_gmt":"2018-07-26T07:50:52","guid":{"rendered":"https:\/\/www.domaines-rollandeby.com\/?page_id=5364"},"modified":"2018-09-19T15:36:27","modified_gmt":"2018-09-19T13:36:27","slug":"chateau-rollan-de-by-casher","status":"publish","type":"page","link":"https:\/\/www.domaines-rollandeby.com\/uk\/chateau-rollan-de-by-casher\/","title":{"rendered":"CHATEAU ROLLAN DE BY CASHER"},"content":{"rendered":"<p>[vc_row full_width=&#8221;stretch_row&#8221; css=&#8221;.vc_custom_1532510147594{background: #f4f4f4 url(https:\/\/www.domaines-rollandeby.com\/wp-content\/uploads\/2018\/07\/Vignoble.png?id=4848) !important;background-position: center !important;background-repeat: no-repeat !important;background-size: cover !important;}&#8221;][vc_column][vc_row_inner css=&#8221;.vc_custom_1532511985365{padding-right: 30px !important;padding-left: 30px !important;background-color: #ffffff !important;}&#8221;][vc_column_inner width=&#8221;1\/2&#8243; css=&#8221;.vc_custom_1532512705878{padding-top: 15% !important;}&#8221;][vc_single_image image=&#8221;3807&#8243; img_size=&#8221;full&#8221; alignment=&#8221;center&#8221;][\/vc_column_inner][vc_column_inner width=&#8221;1\/2&#8243; css=&#8221;.vc_custom_1532512156515{margin-top: 30px !important;margin-right: 30px !important;margin-bottom: 30px !important;padding-top: 30px !important;padding-right: 30px !important;padding-bottom: 30px !important;padding-left: 30px !important;background-color: #ffffff !important;}&#8221;]\n\t<div class=\"title-subtitle-box \" style=\" margin-bottom:20px; text-align: left;\">\n\t\t<h3 style=\" font-weight: normal;\" >The Chateau Rollan De By Casher<\/h3>\n\t<\/div> [vc_separator][vc_column_text]<\/p>\n<p style=\"text-align: justify;\">The Rollan de By Estate have been producing Kosher wines since 2001. The process of preparing Kosher Wines is the same as any wine, except that rabbinical delegates or \u201cShomrims\u201d have to be mandated by the Consistory of Paris to undertake a series of operations. Once the harvest is carried out by our team, only rabbinical delegates are allowed to operate all the necessary manipulations for the vinification of the Kosher wine, until it\u2019s bottled and labeled.<\/p>\n<p style=\"text-align: justify;\">We also produce \u201cMevushal\u201d wines. Unlike other Kosher wines, they are flash pasteurized, which allow them to be shared by non-practitioners guests.<\/p>\n<p>[\/vc_column_text]\n\t<div class=\"title-subtitle-box \" style=\" margin-bottom:20px; text-align: left;\">\n\t\t<h3 style=\" font-weight: normal;\" >Awards<\/h3>\n\t<\/div> [vc_separator][vc_tta_tabs style=&#8221;outline&#8221; shape=&#8221;square&#8221; color=&#8221;black&#8221; spacing=&#8221;&#8221; active_section=&#8221;1&#8243; no_fill_content_area=&#8221;true&#8221; el_class=&#8221;rdb-tabs&#8221;][vc_tta_section title=&#8221;2016&#8243; tab_id=&#8221;chateau-rollan-de-by-2016e958-d1e84658-ddf2&#8243;]\n\t<div class=\"gg_list list_style_line  vc_custom_1528367312105\">\n<ul>\n<li>93-95\/100, Wine Doctor, Chris Kissack<\/li>\n<li>91\/100, James Suckling<\/li>\n<li>90\/100, En Magnum, Bettane &#038; Desseauve<\/li>\n<li>90\/100, Wine Enthusiast, Roger Voss<\/li>\n<li>90\/100, Decanter, Jane Anson<\/li>\n<li>88-90\/100, Robert Parker &#8211; Neal Martin<\/li>\n<li>88-90\/100, Vinous, Antonio Galloni<\/li>\n<li>16\/20, Jancis Robinson<\/li>\n<\/ul>\n<\/div>[\/vc_tta_section][vc_tta_section title=&#8221;2015&#8243; tab_id=&#8221;chateau-rollan-de-by-2015e958-d1e84658-ddf2&#8243;]\n\t<div class=\"gg_list list_style_line  vc_custom_1528367363423\">\n<ul>\n<li>93-94\/100, Beckustator, Yves Beck<\/li>\n<li>92\/100, Wine Enthusiast, Roger Voss<\/li>\n<li>92\/100, James Suckling<\/li>\n<li>90\/100,\u00a0Markus Del Monego<\/li>\n<li>89\/100, Wine Decider<\/li>\n<li>88\/100, Robert Parker &#8211; Neal Martin<\/li>\n<li>88\/100, Decanter<\/li>\n<li>M\u00e9daille d&#8217;or,\u00a0Concours G\u00e9n\u00e9ral Agricole Paris 2018<\/li>\n<\/ul>\n<\/div>[\/vc_tta_section][vc_tta_section title=&#8221;2014&#8243; tab_id=&#8221;chateau-rollan-de-by-2014e958-d1e84658-ddf2&#8243;]\n\t<div class=\"gg_list list_style_line  vc_custom_1528367395826\">\n<ul>\n<li>91\/100, James Suckling<\/li>\n<li>91\/100, Wine Enthusiast, Roger Voss<\/li>\n<li>89-91\/100, Beckustator, Yves Beck<\/li>\n<li>89\/100, Robert Parker &#8211; Neal Martin<\/li>\n<li>89\/100, Vinous, Antonio Galloni<\/li>\n<li>89\/100, Wine Decider<\/li>\n<li>M\u00e9daille d&#8217;argent,\u00a0Concours G\u00e9n\u00e9ral Agricole Paris 2016<\/li>\n<\/ul>\n<\/div>[\/vc_tta_section][vc_tta_section title=&#8221;2013&#8243; tab_id=&#8221;chateau-rollan-de-by-2013e958-d1e84658-ddf2&#8243;]\n\t<div class=\"gg_list list_style_line  vc_custom_1528367432536\">\n<ul>\n<li>88\/100, Jacques Perrin<\/li>\n<li>87\/100,\u00a0Andreas Larsson &#8211; Markus del Monego<\/li>\n<li>17\/20, Weinwisser, Ren\u00e9 Gabriel<\/li>\n<li>15\/20, Bettane &#038; Desseauve<\/li>\n<\/ul>\n<\/div>[\/vc_tta_section][vc_tta_section title=&#8221;2012&#8243; tab_id=&#8221;chateau-rollan-de-by-2012e958-d1e84658-ddf2&#8243;]\n\t<div class=\"gg_list list_style_line  \">\n<ul>\n<li>92\/100, Die Welt Germany<\/li>\n<li>90\/100, Wine Enthusiast, Roger Voss<\/li>\n<li>88\/100, Gault &#038; Millau<\/li>\n<li>18\/20, Weinwisser, Ren\u00e9 Gabriel<\/li>\n<li>16.5\/20, Jancis Robinson &#8211; Richard Hemming<\/li>\n<li>2 \u00e9toiles, Guide Hachette 2016<\/li>\n<li>M\u00e9daille d&#8217;or, Concours G\u00e9n\u00e9ral Agricole Paris 2014<\/li>\n<li>M\u00e9daille d&#8217;argent, Decanter World Wine Awards<\/li>\n<\/ul>\n<\/div>[\/vc_tta_section][vc_tta_section title=&#8221;2011&#8243; tab_id=&#8221;1522142724145-e2e95548-1171e958-d1e84658-ddf2&#8243;]\n\t<div class=\"gg_list list_style_line  vc_custom_1528367531746\">\n<ul>\n<li>90\/100, Falstaff Magazin, Peter Moser<\/li>\n<li>90\/100, Decanter<\/li>\n<li>90\/100, Wine &#038; Spirits<\/li>\n<li>89\/100, 100% Blind, Andreas Larsson<\/li>\n<li>89\/100, 100% Blind, Markus Del Monego<\/li>\n<li>88\/100, Wine Enthusiast, Roger Voss<\/li>\n<li>88\/100, Wine Spectator, James Molesworth<\/li>\n<li>87\/100, Robert Parker<\/li>\n<li>Coup de Coeur, Guide Hachette 2015<\/li>\n<li>M\u00e9daille d&#8217;argent, Concours G\u00e9n\u00e9ral Agricole Paris 2013<\/li>\n<li>M\u00e9daille d&#8217;argent, Decanter World Wine Awards<\/li>\n<\/ul>\n<\/div>[\/vc_tta_section][\/vc_tta_tabs][\/vc_column_inner][\/vc_row_inner][\/vc_column][\/vc_row]<\/p>\n","protected":false},"excerpt":{"rendered":"<p>[vc_row full_width=&#8221;stretch_row&#8221; css=&#8221;.vc_custom_1532510147594{background: #f4f4f4 url(https:\/\/www.domaines-rollandeby.com\/wp-content\/uploads\/2018\/07\/Vignoble.png?id=4848) !important;background-position: center !important;background-repeat: no-repeat !important;background-size: cover !important;}&#8221;][vc_column][vc_row_inner css=&#8221;.vc_custom_1532511985365{padding-right: 30px !important;padding-left: 30px !important;background-color: #ffffff !important;}&#8221;][vc_column_inner width=&#8221;1\/2&#8243; css=&#8221;.vc_custom_1532512705878{padding-top: 15% !important;}&#8221;][vc_single_image image=&#8221;3807&#8243; img_size=&#8221;full&#8221; alignment=&#8221;center&#8221;][\/vc_column_inner][vc_column_inner width=&#8221;1\/2&#8243; css=&#8221;.vc_custom_1532512156515{margin-top: 30px !important;margin-right: 30px !important;margin-bottom: 30px !important;padding-top: 30px !important;padding-right: 30px !important;padding-bottom: 30px !important;padding-left: 30px !important;background-color: #ffffff !important;}&#8221;][vc_separator][vc_column_text] The Rollan de By Estate have been producing Kosher wines since<br class=\"read-more-spacer\"> <a class=\"more-link\" href=\"https:\/\/www.domaines-rollandeby.com\/uk\/chateau-rollan-de-by-casher\/\">Read More<\/a><\/p>\n","protected":false},"author":5,"featured_media":0,"parent":0,"menu_order":0,"comment_status":"closed","ping_status":"closed","template":"","meta":[],"yoast_head":"<!-- This site is optimized with the Yoast SEO plugin v20.0 - https:\/\/yoast.com\/wordpress\/plugins\/seo\/ -->\n<title>CHATEAU ROLLAN DE BY CASHER - DOMAINES ROLLAN DE BY<\/title>\n<meta name=\"robots\" content=\"index, follow, max-snippet:-1, max-image-preview:large, max-video-preview:-1\" \/>\n<link rel=\"canonical\" href=\"https:\/\/www.domaines-rollandeby.com\/chateau-rollan-de-by-casher\/\" \/>\n<meta property=\"og:locale\" content=\"en_GB\" \/>\n<meta property=\"og:type\" content=\"article\" \/>\n<meta property=\"og:title\" content=\"CHATEAU ROLLAN DE BY CASHER\" \/>\n<meta property=\"og:description\" content=\"[vc_row full_width=&#8221;stretch_row&#8221; css=&#8221;.vc_custom_1532510147594{background: #f4f4f4 url(https:\/\/www.domaines-rollandeby.com\/wp-content\/uploads\/2018\/07\/Vignoble.png?id=4848) !important;background-position: center !important;background-repeat: no-repeat !important;background-size: cover !important;}&#8221;][vc_column][vc_row_inner css=&#8221;.vc_custom_1532511985365{padding-right: 30px !important;padding-left: 30px !important;background-color: #ffffff !important;}&#8221;][vc_column_inner width=&#8221;1\/2&#8243; css=&#8221;.vc_custom_1532512705878{padding-top: 15% !important;}&#8221;][vc_single_image image=&#8221;3807&#8243; img_size=&#8221;full&#8221; alignment=&#8221;center&#8221;][\/vc_column_inner][vc_column_inner width=&#8221;1\/2&#8243; css=&#8221;.vc_custom_1532512156515{margin-top: 30px !important;margin-right: 30px !important;margin-bottom: 30px !important;padding-top: 30px !important;padding-right: 30px !important;padding-bottom: 30px !important;padding-left: 30px !important;background-color: #ffffff !important;}&#8221;][vc_separator][vc_column_text] The Rollan de By Estate have been producing Kosher wines since Read More\" \/>\n<meta property=\"og:url\" content=\"https:\/\/www.domaines-rollandeby.com\/chateau-rollan-de-by-casher\/\" \/>\n<meta property=\"og:site_name\" content=\"DOMAINES ROLLAN DE BY\" \/>\n<meta property=\"article:publisher\" content=\"https:\/\/www.facebook.com\/domainesrollandeby\/?__tn__=kC-R&amp;amp%3bamp%3bamp%3beid=ARAgA6TgDqSwr7NoQbkfqnJ0EQOgeEWg-sQO-_vkq7fBbc8GUnYuKCepEzMg5HFwY6gCl8YUdzWB1ZKr&amp;amp%3bamp%3bamp%3bhc_ref=ARS8wHqZWyd6NwbZkgXGzGcJMAKj4wCTsOxKtCh8OjgGf63l5aY17r8zLlSMAGVzqI8&amp;amp%3bamp%3bamp%3bfref=nf&amp;amp%3bamp%3bamp%3b__xts__%5b0%5d=68.ARB75Jgi01urwJfdModN7T7EbYtMsJ3xWkszX2ePWNo3YD7qRs7PbkD-w7ameIrq_OLAGZfenUvEAp3SWFfDq8RQ7yApE_Fhnir0reZIJYDbuE2gK6WexQ-GBPStG03Tmpb3pp-RnvPlo6rLfwya2znc9eBybiKWKzpdMrPlvZlNoATc0JY17g\" \/>\n<meta property=\"article:modified_time\" content=\"2018-09-19T13:36:27+00:00\" \/>\n<meta name=\"twitter:card\" content=\"summary_large_image\" \/>\n<meta name=\"twitter:label1\" content=\"Estimated reading time\" \/>\n\t<meta name=\"twitter:data1\" content=\"6 minutes\" \/>\n<script type=\"application\/ld+json\" class=\"yoast-schema-graph\">{\"@context\":\"https:\/\/schema.org\",\"@graph\":[{\"@type\":\"WebPage\",\"@id\":\"https:\/\/www.domaines-rollandeby.com\/chateau-rollan-de-by-casher\/\",\"url\":\"https:\/\/www.domaines-rollandeby.com\/chateau-rollan-de-by-casher\/\",\"name\":\"[:fr]CH\u00c2TEAU ROLLAN DE BY CASHER[:uk]CHATEAU ROLLAN DE BY CASHER[:] - DOMAINES ROLLAN DE BY\",\"isPartOf\":{\"@id\":\"https:\/\/www.domaines-rollandeby.com\/#website\"},\"datePublished\":\"2018-07-26T07:50:52+00:00\",\"dateModified\":\"2018-09-19T13:36:27+00:00\",\"breadcrumb\":{\"@id\":\"https:\/\/www.domaines-rollandeby.com\/chateau-rollan-de-by-casher\/#breadcrumb\"},\"inLanguage\":\"UK\",\"potentialAction\":[{\"@type\":\"ReadAction\",\"target\":[\"https:\/\/www.domaines-rollandeby.com\/chateau-rollan-de-by-casher\/\"]}]},{\"@type\":\"BreadcrumbList\",\"@id\":\"https:\/\/www.domaines-rollandeby.com\/chateau-rollan-de-by-casher\/#breadcrumb\",\"itemListElement\":[{\"@type\":\"ListItem\",\"position\":1,\"name\":\"Accueil\",\"item\":\"https:\/\/www.domaines-rollandeby.com\/\"},{\"@type\":\"ListItem\",\"position\":2,\"name\":\"CH\u00c2TEAU ROLLAN DE BY CASHER\"}]},{\"@type\":\"WebSite\",\"@id\":\"https:\/\/www.domaines-rollandeby.com\/#website\",\"url\":\"https:\/\/www.domaines-rollandeby.com\/\",\"name\":\"DOMAINES ROLLAN DE BY\",\"description\":\"\",\"potentialAction\":[{\"@type\":\"SearchAction\",\"target\":{\"@type\":\"EntryPoint\",\"urlTemplate\":\"https:\/\/www.domaines-rollandeby.com\/?s={search_term_string}\"},\"query-input\":\"required name=search_term_string\"}],\"inLanguage\":\"UK\"}]}<\/script>\n<!-- \/ Yoast SEO plugin. -->","yoast_head_json":{"title":"CHATEAU ROLLAN DE BY CASHER - DOMAINES ROLLAN DE BY","robots":{"index":"index","follow":"follow","max-snippet":"max-snippet:-1","max-image-preview":"max-image-preview:large","max-video-preview":"max-video-preview:-1"},"canonical":"https:\/\/www.domaines-rollandeby.com\/chateau-rollan-de-by-casher\/","og_locale":"en_GB","og_type":"article","og_title":"[:fr]CH\u00c2TEAU ROLLAN DE BY CASHER[:uk]CHATEAU ROLLAN DE BY CASHER[:] - DOMAINES ROLLAN DE BY","og_description":"[vc_row full_width=&#8221;stretch_row&#8221; css=&#8221;.vc_custom_1532510147594{background: #f4f4f4 url(https:\/\/www.domaines-rollandeby.com\/wp-content\/uploads\/2018\/07\/Vignoble.png?id=4848) !important;background-position: center !important;background-repeat: no-repeat !important;background-size: cover !important;}&#8221;][vc_column][vc_row_inner css=&#8221;.vc_custom_1532511985365{padding-right: 30px !important;padding-left: 30px !important;background-color: #ffffff !important;}&#8221;][vc_column_inner width=&#8221;1\/2&#8243; css=&#8221;.vc_custom_1532512705878{padding-top: 15% !important;}&#8221;][vc_single_image image=&#8221;3807&#8243; img_size=&#8221;full&#8221; alignment=&#8221;center&#8221;][\/vc_column_inner][vc_column_inner width=&#8221;1\/2&#8243; css=&#8221;.vc_custom_1532512156515{margin-top: 30px !important;margin-right: 30px !important;margin-bottom: 30px !important;padding-top: 30px !important;padding-right: 30px !important;padding-bottom: 30px !important;padding-left: 30px !important;background-color: #ffffff !important;}&#8221;][vc_separator][vc_column_text] The Rollan de By Estate have been producing Kosher wines since Read More","og_url":"https:\/\/www.domaines-rollandeby.com\/chateau-rollan-de-by-casher\/","og_site_name":"DOMAINES ROLLAN DE BY","article_publisher":"https:\/\/www.facebook.com\/domainesrollandeby\/?__tn__=kC-R&amp%3bamp%3bamp%3beid=ARAgA6TgDqSwr7NoQbkfqnJ0EQOgeEWg-sQO-_vkq7fBbc8GUnYuKCepEzMg5HFwY6gCl8YUdzWB1ZKr&amp%3bamp%3bamp%3bhc_ref=ARS8wHqZWyd6NwbZkgXGzGcJMAKj4wCTsOxKtCh8OjgGf63l5aY17r8zLlSMAGVzqI8&amp%3bamp%3bamp%3bfref=nf&amp%3bamp%3bamp%3b__xts__%5b0%5d=68.ARB75Jgi01urwJfdModN7T7EbYtMsJ3xWkszX2ePWNo3YD7qRs7PbkD-w7ameIrq_OLAGZfenUvEAp3SWFfDq8RQ7yApE_Fhnir0reZIJYDbuE2gK6WexQ-GBPStG03Tmpb3pp-RnvPlo6rLfwya2znc9eBybiKWKzpdMrPlvZlNoATc0JY17g","article_modified_time":"2018-09-19T13:36:27+00:00","twitter_card":"summary_large_image","twitter_misc":{"Estimated reading time":"6 minutes"},"schema":{"@context":"https:\/\/schema.org","@graph":[{"@type":"WebPage","@id":"https:\/\/www.domaines-rollandeby.com\/chateau-rollan-de-by-casher\/","url":"https:\/\/www.domaines-rollandeby.com\/chateau-rollan-de-by-casher\/","name":"[:fr]CH\u00c2TEAU ROLLAN DE BY CASHER[:uk]CHATEAU ROLLAN DE BY CASHER[:] - DOMAINES ROLLAN DE BY","isPartOf":{"@id":"https:\/\/www.domaines-rollandeby.com\/#website"},"datePublished":"2018-07-26T07:50:52+00:00","dateModified":"2018-09-19T13:36:27+00:00","breadcrumb":{"@id":"https:\/\/www.domaines-rollandeby.com\/chateau-rollan-de-by-casher\/#breadcrumb"},"inLanguage":"UK","potentialAction":[{"@type":"ReadAction","target":["https:\/\/www.domaines-rollandeby.com\/chateau-rollan-de-by-casher\/"]}]},{"@type":"BreadcrumbList","@id":"https:\/\/www.domaines-rollandeby.com\/chateau-rollan-de-by-casher\/#breadcrumb","itemListElement":[{"@type":"ListItem","position":1,"name":"Accueil","item":"https:\/\/www.domaines-rollandeby.com\/"},{"@type":"ListItem","position":2,"name":"CH\u00c2TEAU ROLLAN DE BY CASHER"}]},{"@type":"WebSite","@id":"https:\/\/www.domaines-rollandeby.com\/#website","url":"https:\/\/www.domaines-rollandeby.com\/","name":"DOMAINES ROLLAN DE BY","description":"","potentialAction":[{"@type":"SearchAction","target":{"@type":"EntryPoint","urlTemplate":"https:\/\/www.domaines-rollandeby.com\/?s={search_term_string}"},"query-input":"required name=search_term_string"}],"inLanguage":"UK"}]}},"_links":{"self":[{"href":"https:\/\/www.domaines-rollandeby.com\/uk\/wp-json\/wp\/v2\/pages\/5364"}],"collection":[{"href":"https:\/\/www.domaines-rollandeby.com\/uk\/wp-json\/wp\/v2\/pages"}],"about":[{"href":"https:\/\/www.domaines-rollandeby.com\/uk\/wp-json\/wp\/v2\/types\/page"}],"author":[{"embeddable":true,"href":"https:\/\/www.domaines-rollandeby.com\/uk\/wp-json\/wp\/v2\/users\/5"}],"replies":[{"embeddable":true,"href":"https:\/\/www.domaines-rollandeby.com\/uk\/wp-json\/wp\/v2\/comments?post=5364"}],"version-history":[{"count":0,"href":"https:\/\/www.domaines-rollandeby.com\/uk\/wp-json\/wp\/v2\/pages\/5364\/revisions"}],"wp:attachment":[{"href":"https:\/\/www.domaines-rollandeby.com\/uk\/wp-json\/wp\/v2\/media?parent=5364"}],"curies":[{"name":"wp","href":"https:\/\/api.w.org\/{rel}","templated":true}]}}